{"id":183697,"date":"2025-03-01T13:23:45","date_gmt":"2025-03-01T13:23:45","guid":{"rendered":"https:\/\/nexgendecors.com\/en\/product\/paper-tableware-bagasse-pulp-disposable-plastic-free-eco-friendly-paper-bowl-for-party-microwavable-bagasse-pulp-food-container\/"},"modified":"2025-04-06T11:45:45","modified_gmt":"2025-04-06T11:45:45","slug":"paper-tableware-bagasse-pulp-disposable-plastic-free-eco-friendly-paper-bowl-for-party-microwavable-bagasse-pulp-food-container","status":"publish","type":"product","link":"https:\/\/nexgendecors.com\/es\/product\/paper-tableware-bagasse-pulp-disposable-plastic-free-eco-friendly-paper-bowl-for-party-microwavable-bagasse-pulp-food-container\/","title":{"rendered":"Vajilla de Papel Pulpa de Bagazo Taz\u00f3n de Papel Ecol\u00f3gico Desechable sin Pl\u00e1stico para Fiestas Recipiente de Comida de Pulpa de Bagazo Microondable"},"content":{"rendered":"<ul>\n<li><strong>material : <\/strong> food containers disposable<\/li>\n<li><strong>caracter\u00edstica : <\/strong> desechable<\/li>\n<li><strong>forma : <\/strong> personalizar<\/li>\n<li><strong>estilo : <\/strong> plastic-free<\/li>\n<li><strong>nombre de marca: <\/strong> QY<\/li>\n<li><strong>lugar de origen : <\/strong> Sichuan, China<\/li>\n<li><strong>N\u00famero de modelo: <\/strong> food container -a20210726<\/li>\n<li><strong>Nombre del producto : <\/strong> microwavable food bowl<\/li>\n<li><strong>Color : <\/strong> Color natural<\/li>\n<li><strong>Muestra : <\/strong> Provided Freely<\/li>\n<li><strong>Forma : <\/strong> Customized Shape<\/li>\n<li><strong>Fabricante de equipos originales: <\/strong> Acceipt<\/li>\n<li><strong>Raw material : <\/strong> Sugarcane<\/li>\n<li><strong>Logotipo : <\/strong> Customer Logo Accepted<\/li>\n<li><strong>Caracter\u00edstica : <\/strong> biodegradable, compostable,sanitary<\/li>\n<li><strong>Palabra clave: <\/strong> food containers disposable, tableware<\/li>\n<li><strong>Ocasi\u00f3n: <\/strong> Party, Household, Restaurant<\/li>\n<li><strong>T\u00e9cnicas: <\/strong> bagasse pulp<\/li>\n<\/ul>","protected":false},"excerpt":{"rendered":"<p>material : envases de alimentos desechables caracter\u00edstica : desechable forma : personalizar estilo : sin pl\u00e1stico marca : QY lugar de<\/p>","protected":false},"featured_media":183696,"comment_status":"open","ping_status":"closed","template":"","meta":[],"product_brand":[],"product_cat":[30935],"product_tag":[],"class_list":{"0":"post-183697","1":"product","2":"type-product","3":"status-publish","4":"has-post-thumbnail","6":"product_cat-coffee-supplies","8":"first","9":"instock","10":"taxable","11":"shipping-taxable","12":"purchasable","13":"product-type-simple"},"_links":{"self":[{"href":"https:\/\/nexgendecors.com\/es\/wp-json\/wp\/v2\/product\/183697","targetHints":{"allow":["GET"]}}],"collection":[{"href":"https:\/\/nexgendecors.com\/es\/wp-json\/wp\/v2\/product"}],"about":[{"href":"https:\/\/nexgendecors.com\/es\/wp-json\/wp\/v2\/types\/product"}],"replies":[{"embeddable":true,"href":"https:\/\/nexgendecors.com\/es\/wp-json\/wp\/v2\/comments?post=183697"}],"version-history":[{"count":0,"href":"https:\/\/nexgendecors.com\/es\/wp-json\/wp\/v2\/product\/183697\/revisions"}],"wp:featuredmedia":[{"embeddable":true,"href":"https:\/\/nexgendecors.com\/es\/wp-json\/wp\/v2\/media\/183696"}],"wp:attachment":[{"href":"https:\/\/nexgendecors.com\/es\/wp-json\/wp\/v2\/media?parent=183697"}],"wp:term":[{"taxonomy":"product_brand","embeddable":true,"href":"https:\/\/nexgendecors.com\/es\/wp-json\/wp\/v2\/product_brand?post=183697"},{"taxonomy":"product_cat","embeddable":true,"href":"https:\/\/nexgendecors.com\/es\/wp-json\/wp\/v2\/product_cat?post=183697"},{"taxonomy":"product_tag","embeddable":true,"href":"https:\/\/nexgendecors.com\/es\/wp-json\/wp\/v2\/product_tag?post=183697"}],"curies":[{"name":"wp","href":"https:\/\/api.w.org\/{rel}","templated":true}]}}