{"id":183712,"date":"2025-03-01T13:33:32","date_gmt":"2025-03-01T13:33:32","guid":{"rendered":"https:\/\/nexgendecors.com\/en\/product\/wholesale-custom-size-double-kraft-paper-coffee-cups-with-gold-leaf-printed-lid-3-oz-craft-or-sushi-storage-manufactured\/"},"modified":"2025-04-06T11:46:03","modified_gmt":"2025-04-06T11:46:03","slug":"wholesale-custom-size-double-kraft-paper-coffee-cups-with-gold-leaf-printed-lid-3-oz-craft-or-sushi-storage-manufactured","status":"publish","type":"product","link":"https:\/\/nexgendecors.com\/es\/product\/wholesale-custom-size-double-kraft-paper-coffee-cups-with-gold-leaf-printed-lid-3-oz-craft-or-sushi-storage-manufactured\/","title":{"rendered":"Venta al Mayor Tama\u00f1o Personalizado Tazas de Caf\u00e9 de Papel Kraft Doble con Tapa Impresa en Hoja de Oro 3 oz Artesan\u00eda o Sushi Almacenaje Fabricado"},"content":{"rendered":"<ul>\n<li><strong>Uso industrial: <\/strong> Beverage<\/li>\n<li><strong>Usar : <\/strong> Juice, Coffee, Tea, Other Beverage<\/li>\n<li><strong>Tipo de papel: <\/strong> Craft Paper<\/li>\n<li><strong>Impresi\u00f3n de logotipos: <\/strong> Logotipo personalizado<\/li>\n<li><strong>Estilo : <\/strong> DOUBLE WALL<\/li>\n<li><strong>Lugar de origen: <\/strong> ZHE<\/li>\n<li><strong>Nombre de la marca: <\/strong> 100yd<\/li>\n<li><strong>Caracter\u00edstica : <\/strong> Recyclable<\/li>\n<li><strong>Pedido personalizado: <\/strong> Aceptar<\/li>\n<li><strong>Printing Handling : <\/strong> Embossing, UV Coating, Varnishing, Glossy Lamination, Stamping, Embossing, UV Coating, Varnishing, Glossy Lamination, Stamping, Matt Lamination, VANISHING, Gold Foil<\/li>\n<\/ul>","protected":false},"excerpt":{"rendered":"<p>Uso industrial : Bebidas Uso : Zumo, Caf\u00e9, T\u00e9, Otras bebidas Tipo de papel : Papel Artesanal Impresi\u00f3n Logo : Personalizado<\/p>","protected":false},"featured_media":183711,"comment_status":"open","ping_status":"closed","template":"","meta":[],"product_brand":[],"product_cat":[30935],"product_tag":[],"class_list":{"0":"post-183712","1":"product","2":"type-product","3":"status-publish","4":"has-post-thumbnail","6":"product_cat-coffee-supplies","8":"first","9":"instock","10":"taxable","11":"shipping-taxable","12":"purchasable","13":"product-type-variable"},"_links":{"self":[{"href":"https:\/\/nexgendecors.com\/es\/wp-json\/wp\/v2\/product\/183712","targetHints":{"allow":["GET"]}}],"collection":[{"href":"https:\/\/nexgendecors.com\/es\/wp-json\/wp\/v2\/product"}],"about":[{"href":"https:\/\/nexgendecors.com\/es\/wp-json\/wp\/v2\/types\/product"}],"replies":[{"embeddable":true,"href":"https:\/\/nexgendecors.com\/es\/wp-json\/wp\/v2\/comments?post=183712"}],"version-history":[{"count":0,"href":"https:\/\/nexgendecors.com\/es\/wp-json\/wp\/v2\/product\/183712\/revisions"}],"wp:featuredmedia":[{"embeddable":true,"href":"https:\/\/nexgendecors.com\/es\/wp-json\/wp\/v2\/media\/183711"}],"wp:attachment":[{"href":"https:\/\/nexgendecors.com\/es\/wp-json\/wp\/v2\/media?parent=183712"}],"wp:term":[{"taxonomy":"product_brand","embeddable":true,"href":"https:\/\/nexgendecors.com\/es\/wp-json\/wp\/v2\/product_brand?post=183712"},{"taxonomy":"product_cat","embeddable":true,"href":"https:\/\/nexgendecors.com\/es\/wp-json\/wp\/v2\/product_cat?post=183712"},{"taxonomy":"product_tag","embeddable":true,"href":"https:\/\/nexgendecors.com\/es\/wp-json\/wp\/v2\/product_tag?post=183712"}],"curies":[{"name":"wp","href":"https:\/\/api.w.org\/{rel}","templated":true}]}}