{"id":183721,"date":"2025-03-01T13:33:46","date_gmt":"2025-03-01T13:33:46","guid":{"rendered":"https:\/\/nexgendecors.com\/en\/product\/custom-printing-disposable-double-wall-paper-cup-8oz-12oz-16oz-size-lids-gold-foil-handling-single-coffee-takeout-crafts-custom\/"},"modified":"2025-04-06T11:46:15","modified_gmt":"2025-04-06T11:46:15","slug":"custom-printing-disposable-double-wall-paper-cup-8oz-12oz-16oz-size-lids-gold-foil-handling-single-coffee-takeout-crafts-custom","status":"publish","type":"product","link":"https:\/\/nexgendecors.com\/es\/product\/custom-printing-disposable-double-wall-paper-cup-8oz-12oz-16oz-size-lids-gold-foil-handling-single-coffee-takeout-crafts-custom\/","title":{"rendered":"Impresi\u00f3n personalizada de doble pared desechables taza de papel 8oz 12oz 16oz Tama\u00f1o Tapas Oro Foil Manejo de caf\u00e9 solo Takeout Artesan\u00eda personalizada"},"content":{"rendered":"<ul>\n<li><strong>Uso industrial: <\/strong> Alimento<\/li>\n<li><strong>Usar : <\/strong> Milk, Canned Food, Juice<\/li>\n<li><strong>Tipo de papel: <\/strong> Otro<\/li>\n<li><strong>Impresi\u00f3n de logotipos: <\/strong> Personalizado<\/li>\n<li><strong>Estilo : <\/strong> DOUBLE WALL<\/li>\n<li><strong>Lugar de origen: <\/strong> ZHE<\/li>\n<li><strong>Nombre de la marca: <\/strong> 100yd<\/li>\n<li><strong>Caracter\u00edstica : <\/strong> Desechable<\/li>\n<li><strong>Pedido personalizado: <\/strong> Aceptar<\/li>\n<li><strong>Printing Handling : <\/strong> Embossing, UV Coating, Varnishing, Glossy Lamination, Stamping, Embossing, UV Coating, Varnishing, Glossy Lamination, Stamping, Matt Lamination, VANISHING, Gold Foil<\/li>\n<\/ul>","protected":false},"excerpt":{"rendered":"<p>Uso industrial : Alimentario : Leche, conservas, zumos Tipo de papel : Otro Impresi\u00f3n logo : Personalizado Estilo :<\/p>","protected":false},"featured_media":183720,"comment_status":"open","ping_status":"closed","template":"","meta":[],"product_brand":[],"product_cat":[30935],"product_tag":[],"class_list":{"0":"post-183721","1":"product","2":"type-product","3":"status-publish","4":"has-post-thumbnail","6":"product_cat-coffee-supplies","8":"first","9":"instock","10":"taxable","11":"shipping-taxable","12":"purchasable","13":"product-type-variable"},"_links":{"self":[{"href":"https:\/\/nexgendecors.com\/es\/wp-json\/wp\/v2\/product\/183721","targetHints":{"allow":["GET"]}}],"collection":[{"href":"https:\/\/nexgendecors.com\/es\/wp-json\/wp\/v2\/product"}],"about":[{"href":"https:\/\/nexgendecors.com\/es\/wp-json\/wp\/v2\/types\/product"}],"replies":[{"embeddable":true,"href":"https:\/\/nexgendecors.com\/es\/wp-json\/wp\/v2\/comments?post=183721"}],"version-history":[{"count":0,"href":"https:\/\/nexgendecors.com\/es\/wp-json\/wp\/v2\/product\/183721\/revisions"}],"wp:featuredmedia":[{"embeddable":true,"href":"https:\/\/nexgendecors.com\/es\/wp-json\/wp\/v2\/media\/183720"}],"wp:attachment":[{"href":"https:\/\/nexgendecors.com\/es\/wp-json\/wp\/v2\/media?parent=183721"}],"wp:term":[{"taxonomy":"product_brand","embeddable":true,"href":"https:\/\/nexgendecors.com\/es\/wp-json\/wp\/v2\/product_brand?post=183721"},{"taxonomy":"product_cat","embeddable":true,"href":"https:\/\/nexgendecors.com\/es\/wp-json\/wp\/v2\/product_cat?post=183721"},{"taxonomy":"product_tag","embeddable":true,"href":"https:\/\/nexgendecors.com\/es\/wp-json\/wp\/v2\/product_tag?post=183721"}],"curies":[{"name":"wp","href":"https:\/\/api.w.org\/{rel}","templated":true}]}}