{"id":183752,"date":"2025-03-01T13:34:18","date_gmt":"2025-03-01T13:34:18","guid":{"rendered":"https:\/\/nexgendecors.com\/en\/product\/2024-comgesi-customizable-kraft-and-pla-paper-cup-for-hot-drinks-single-pe-gold-foil-printing-various-use-craft-coffee-cups\/"},"modified":"2025-04-06T11:46:35","modified_gmt":"2025-04-06T11:46:35","slug":"2024-comgesi-customizable-kraft-and-pla-paper-cup-for-hot-drinks-single-pe-gold-foil-printing-various-use-craft-coffee-cups","status":"publish","type":"product","link":"https:\/\/nexgendecors.com\/es\/product\/2024-comgesi-customizable-kraft-and-pla-paper-cup-for-hot-drinks-single-pe-gold-foil-printing-various-use-craft-coffee-cups\/","title":{"rendered":"2024 Comgesi Vaso de Papel Kraft y PLA Personalizable para Bebidas Calientes Impresi\u00f3n en L\u00e1mina Dorada PE Individual Varios Usos Tazas de Caf\u00e9 Artesanales"},"content":{"rendered":"<ul>\n<li><strong>Uso industrial: <\/strong> Beverage<\/li>\n<li><strong>Usar : <\/strong> Juice, Coffee, Tea<\/li>\n<li><strong>Tipo de papel: <\/strong> Craft Paper<\/li>\n<li><strong>Impresi\u00f3n de logotipos: <\/strong> Se acepta logotipo personalizado<\/li>\n<li><strong>Estilo : <\/strong> Ripple Wall<\/li>\n<li><strong>Lugar de origen: <\/strong> ZHE<\/li>\n<li><strong>Nombre de la marca: <\/strong> 100yd<\/li>\n<li><strong>Caracter\u00edstica : <\/strong> Desechable<\/li>\n<li><strong>Pedido personalizado: <\/strong> Aceptar<\/li>\n<li><strong>Printing Handling : <\/strong> Glossy Lamination, Matt Lamination, gold foil, Glossy Lamination, Matt Lamination, Gold Foil<\/li>\n<\/ul>","protected":false},"excerpt":{"rendered":"<p>Uso industrial : Bebidas Uso : Zumo, Caf\u00e9, T\u00e9 Tipo de papel : Papel artesanal Impresi\u00f3n de logotipos : Logotipo personalizado aceptable<\/p>","protected":false},"featured_media":183751,"comment_status":"open","ping_status":"closed","template":"","meta":[],"product_brand":[],"product_cat":[30935],"product_tag":[],"class_list":{"0":"post-183752","1":"product","2":"type-product","3":"status-publish","4":"has-post-thumbnail","6":"product_cat-coffee-supplies","8":"first","9":"instock","10":"taxable","11":"shipping-taxable","12":"purchasable","13":"product-type-variable"},"_links":{"self":[{"href":"https:\/\/nexgendecors.com\/es\/wp-json\/wp\/v2\/product\/183752","targetHints":{"allow":["GET"]}}],"collection":[{"href":"https:\/\/nexgendecors.com\/es\/wp-json\/wp\/v2\/product"}],"about":[{"href":"https:\/\/nexgendecors.com\/es\/wp-json\/wp\/v2\/types\/product"}],"replies":[{"embeddable":true,"href":"https:\/\/nexgendecors.com\/es\/wp-json\/wp\/v2\/comments?post=183752"}],"version-history":[{"count":0,"href":"https:\/\/nexgendecors.com\/es\/wp-json\/wp\/v2\/product\/183752\/revisions"}],"wp:featuredmedia":[{"embeddable":true,"href":"https:\/\/nexgendecors.com\/es\/wp-json\/wp\/v2\/media\/183751"}],"wp:attachment":[{"href":"https:\/\/nexgendecors.com\/es\/wp-json\/wp\/v2\/media?parent=183752"}],"wp:term":[{"taxonomy":"product_brand","embeddable":true,"href":"https:\/\/nexgendecors.com\/es\/wp-json\/wp\/v2\/product_brand?post=183752"},{"taxonomy":"product_cat","embeddable":true,"href":"https:\/\/nexgendecors.com\/es\/wp-json\/wp\/v2\/product_cat?post=183752"},{"taxonomy":"product_tag","embeddable":true,"href":"https:\/\/nexgendecors.com\/es\/wp-json\/wp\/v2\/product_tag?post=183752"}],"curies":[{"name":"wp","href":"https:\/\/api.w.org\/{rel}","templated":true}]}}