{"id":183758,"date":"2025-03-01T13:34:25","date_gmt":"2025-03-01T13:34:25","guid":{"rendered":"https:\/\/nexgendecors.com\/en\/product\/custom-8oz-coffee-cups-disposable-single-wall-paper-cups-with-logo-design-plain-white-to-go-cafe-shop-stamping-embossing\/"},"modified":"2025-04-06T11:46:44","modified_gmt":"2025-04-06T11:46:44","slug":"vasos-de-cafe-desechables-de-papel-de-pared-simple-de-8-oz-personalizados-con-diseno-de-logotipo-blancos-lisos-para-llevar-para-cafeterias-tiendas-estampado-y-gofrado","status":"publish","type":"product","link":"https:\/\/nexgendecors.com\/es\/product\/vasos-de-cafe-desechables-de-papel-de-pared-simple-de-8-oz-personalizados-con-diseno-de-logotipo-blancos-lisos-para-llevar-para-cafeterias-tiendas-estampado-y-gofrado\/","title":{"rendered":"Tazas de caf\u00e9 de 8oz desechables de una sola pared de papel con dise\u00f1o de logotipo blanco liso para ir a la tienda de caf\u00e9 estampado en relieve"},"content":{"rendered":"<ul>\n<li><strong>Uso industrial: <\/strong> Alimento<\/li>\n<li><strong>Usar : <\/strong> Milk, Juice<\/li>\n<li><strong>Tipo de papel: <\/strong> Corrugated Paper<\/li>\n<li><strong>Impresi\u00f3n de logotipos: <\/strong> Personalizado<\/li>\n<li><strong>Estilo : <\/strong> Single Wall<\/li>\n<li><strong>Lugar de origen: <\/strong> ZHE<\/li>\n<li><strong>Nombre de la marca: <\/strong> 100yd<\/li>\n<li><strong>Caracter\u00edstica : <\/strong> Bio-degradable<\/li>\n<li><strong>Pedido personalizado: <\/strong> Aceptar<\/li>\n<li><strong>Printing Handling : <\/strong> Embossing, UV Coating, Varnishing, Glossy Lamination, Stamping, Embossing, UV Coating, Varnishing, Glossy Lamination, Stamping<\/li>\n<\/ul>","protected":false},"excerpt":{"rendered":"<p>Uso industrial : Alimentaci\u00f3n : Leche, zumos Tipo de papel : Papel corrugado Impresi\u00f3n de logotipos : Personalizado Estilo : Sencillo<\/p>","protected":false},"featured_media":183757,"comment_status":"open","ping_status":"closed","template":"","meta":[],"product_brand":[],"product_cat":[30935],"product_tag":[],"class_list":{"0":"post-183758","1":"product","2":"type-product","3":"status-publish","4":"has-post-thumbnail","6":"product_cat-coffee-supplies","8":"first","9":"instock","10":"taxable","11":"shipping-taxable","12":"purchasable","13":"product-type-variable"},"_links":{"self":[{"href":"https:\/\/nexgendecors.com\/es\/wp-json\/wp\/v2\/product\/183758","targetHints":{"allow":["GET"]}}],"collection":[{"href":"https:\/\/nexgendecors.com\/es\/wp-json\/wp\/v2\/product"}],"about":[{"href":"https:\/\/nexgendecors.com\/es\/wp-json\/wp\/v2\/types\/product"}],"replies":[{"embeddable":true,"href":"https:\/\/nexgendecors.com\/es\/wp-json\/wp\/v2\/comments?post=183758"}],"version-history":[{"count":0,"href":"https:\/\/nexgendecors.com\/es\/wp-json\/wp\/v2\/product\/183758\/revisions"}],"wp:featuredmedia":[{"embeddable":true,"href":"https:\/\/nexgendecors.com\/es\/wp-json\/wp\/v2\/media\/183757"}],"wp:attachment":[{"href":"https:\/\/nexgendecors.com\/es\/wp-json\/wp\/v2\/media?parent=183758"}],"wp:term":[{"taxonomy":"product_brand","embeddable":true,"href":"https:\/\/nexgendecors.com\/es\/wp-json\/wp\/v2\/product_brand?post=183758"},{"taxonomy":"product_cat","embeddable":true,"href":"https:\/\/nexgendecors.com\/es\/wp-json\/wp\/v2\/product_cat?post=183758"},{"taxonomy":"product_tag","embeddable":true,"href":"https:\/\/nexgendecors.com\/es\/wp-json\/wp\/v2\/product_tag?post=183758"}],"curies":[{"name":"wp","href":"https:\/\/api.w.org\/{rel}","templated":true}]}}