{"id":183809,"date":"2025-03-02T03:31:45","date_gmt":"2025-03-02T03:31:45","guid":{"rendered":"https:\/\/nexgendecors.com\/en\/product\/uhoo-uho-pp-id-card-holder-lanyard-student-card-holder-employee-id-work-card-wholesale-waterproof-card-6075\/"},"modified":"2025-04-06T11:46:53","modified_gmt":"2025-04-06T11:46:53","slug":"uhoo-uho-pp-id-card-holder-lanyard-student-card-holder-employee-id-work-card-wholesale-waterproof-card-6075","status":"publish","type":"product","link":"https:\/\/nexgendecors.com\/es\/product\/uhoo-uho-pp-id-card-holder-lanyard-student-card-holder-employee-id-work-card-wholesale-waterproof-card-6075\/","title":{"rendered":"UHOO\/UHO PP - Cord\u00f3n para tarjeta de identificaci\u00f3n, portatarjetas de estudiante, tarjeta de identificaci\u00f3n de empleado, tarjeta de trabajo, tarjeta impermeable al por mayor 6075"},"content":{"rendered":"","protected":false},"excerpt":{"rendered":"","protected":false},"featured_media":183808,"comment_status":"open","ping_status":"closed","template":"","meta":[],"product_brand":[],"product_cat":[30969],"product_tag":[],"class_list":{"0":"post-183809","1":"product","2":"type-product","3":"status-publish","4":"has-post-thumbnail","6":"product_cat-copy-paper","8":"first","9":"instock","10":"taxable","11":"shipping-taxable","12":"purchasable","13":"product-type-simple"},"_links":{"self":[{"href":"https:\/\/nexgendecors.com\/es\/wp-json\/wp\/v2\/product\/183809","targetHints":{"allow":["GET"]}}],"collection":[{"href":"https:\/\/nexgendecors.com\/es\/wp-json\/wp\/v2\/product"}],"about":[{"href":"https:\/\/nexgendecors.com\/es\/wp-json\/wp\/v2\/types\/product"}],"replies":[{"embeddable":true,"href":"https:\/\/nexgendecors.com\/es\/wp-json\/wp\/v2\/comments?post=183809"}],"version-history":[{"count":0,"href":"https:\/\/nexgendecors.com\/es\/wp-json\/wp\/v2\/product\/183809\/revisions"}],"wp:featuredmedia":[{"embeddable":true,"href":"https:\/\/nexgendecors.com\/es\/wp-json\/wp\/v2\/media\/183808"}],"wp:attachment":[{"href":"https:\/\/nexgendecors.com\/es\/wp-json\/wp\/v2\/media?parent=183809"}],"wp:term":[{"taxonomy":"product_brand","embeddable":true,"href":"https:\/\/nexgendecors.com\/es\/wp-json\/wp\/v2\/product_brand?post=183809"},{"taxonomy":"product_cat","embeddable":true,"href":"https:\/\/nexgendecors.com\/es\/wp-json\/wp\/v2\/product_cat?post=183809"},{"taxonomy":"product_tag","embeddable":true,"href":"https:\/\/nexgendecors.com\/es\/wp-json\/wp\/v2\/product_tag?post=183809"}],"curies":[{"name":"wp","href":"https:\/\/api.w.org\/{rel}","templated":true}]}}