{"id":183824,"date":"2025-03-02T03:32:05","date_gmt":"2025-03-02T03:32:05","guid":{"rendered":"https:\/\/nexgendecors.com\/en\/product\/work-card-id-card-lanyard-factory-brand-exhibition-card-printing-heat-transfer-silk-screen-hanging-rope-badge-lanyard-can-print-logo\/"},"modified":"2025-03-02T03:32:48","modified_gmt":"2025-03-02T03:32:48","slug":"work-card-id-card-lanyard-factory-brand-exhibition-card-printing-heat-transfer-silk-screen-hanging-rope-badge-lanyard-can-print-logo","status":"publish","type":"product","link":"https:\/\/nexgendecors.com\/es\/product\/work-card-id-card-lanyard-factory-brand-exhibition-card-printing-heat-transfer-silk-screen-hanging-rope-badge-lanyard-can-print-logo\/","title":{"rendered":"Cord\u00f3n para tarjeta de identificaci\u00f3n de trabajo, marca de f\u00e1brica, impresi\u00f3n de tarjetas de exhibici\u00f3n, transferencia t\u00e9rmica, serigraf\u00eda, cuerda colgante, cord\u00f3n para insignia, se puede imprimir el logotipo"},"content":{"rendered":"","protected":false},"excerpt":{"rendered":"","protected":false},"featured_media":183823,"comment_status":"open","ping_status":"closed","template":"","meta":[],"product_brand":[],"product_cat":[30969],"product_tag":[],"class_list":{"0":"post-183824","1":"product","2":"type-product","3":"status-publish","4":"has-post-thumbnail","6":"product_cat-copy-paper","8":"first","9":"instock","10":"taxable","11":"shipping-taxable","12":"purchasable","13":"product-type-simple"},"_links":{"self":[{"href":"https:\/\/nexgendecors.com\/es\/wp-json\/wp\/v2\/product\/183824","targetHints":{"allow":["GET"]}}],"collection":[{"href":"https:\/\/nexgendecors.com\/es\/wp-json\/wp\/v2\/product"}],"about":[{"href":"https:\/\/nexgendecors.com\/es\/wp-json\/wp\/v2\/types\/product"}],"replies":[{"embeddable":true,"href":"https:\/\/nexgendecors.com\/es\/wp-json\/wp\/v2\/comments?post=183824"}],"version-history":[{"count":0,"href":"https:\/\/nexgendecors.com\/es\/wp-json\/wp\/v2\/product\/183824\/revisions"}],"wp:featuredmedia":[{"embeddable":true,"href":"https:\/\/nexgendecors.com\/es\/wp-json\/wp\/v2\/media\/183823"}],"wp:attachment":[{"href":"https:\/\/nexgendecors.com\/es\/wp-json\/wp\/v2\/media?parent=183824"}],"wp:term":[{"taxonomy":"product_brand","embeddable":true,"href":"https:\/\/nexgendecors.com\/es\/wp-json\/wp\/v2\/product_brand?post=183824"},{"taxonomy":"product_cat","embeddable":true,"href":"https:\/\/nexgendecors.com\/es\/wp-json\/wp\/v2\/product_cat?post=183824"},{"taxonomy":"product_tag","embeddable":true,"href":"https:\/\/nexgendecors.com\/es\/wp-json\/wp\/v2\/product_tag?post=183824"}],"curies":[{"name":"wp","href":"https:\/\/api.w.org\/{rel}","templated":true}]}}