{"id":183902,"date":"2025-03-02T03:49:56","date_gmt":"2025-03-02T03:49:56","guid":{"rendered":"https:\/\/nexgendecors.com\/en\/product\/deli-a4-copy-paper-5-packs-70g-jiaxuan-printing-wholesale-80g-whole-box-mingrui-a4-paper-classic-office-paper-free-postage\/"},"modified":"2025-04-06T11:47:04","modified_gmt":"2025-04-06T11:47:04","slug":"papel-de-copia-deli-a4-5-paquetes-de-70-g-impresion-jiaxuan-venta-al-por-mayor-caja-completa-de-80-g-papel-mingrui-a4-papel-clasico-de-oficina-envio-gratuito","status":"publish","type":"product","link":"https:\/\/nexgendecors.com\/es\/product\/papel-de-copia-deli-a4-5-paquetes-de-70-g-impresion-jiaxuan-venta-al-por-mayor-caja-completa-de-80-g-papel-mingrui-a4-papel-clasico-de-oficina-envio-gratuito\/","title":{"rendered":"Papel de copia Deli A4, 5 paquetes de 70 g, impresi\u00f3n Jiaxuan, venta al por mayor, caja completa de 80 g, papel Mingrui A4, papel de oficina cl\u00e1sico, env\u00edo gratuito"},"content":{"rendered":"","protected":false},"excerpt":{"rendered":"","protected":false},"featured_media":183901,"comment_status":"open","ping_status":"closed","template":"","meta":[],"product_brand":[],"product_cat":[30969],"product_tag":[],"class_list":{"0":"post-183902","1":"product","2":"type-product","3":"status-publish","4":"has-post-thumbnail","6":"product_cat-copy-paper","8":"first","9":"instock","10":"taxable","11":"shipping-taxable","12":"purchasable","13":"product-type-simple"},"_links":{"self":[{"href":"https:\/\/nexgendecors.com\/es\/wp-json\/wp\/v2\/product\/183902","targetHints":{"allow":["GET"]}}],"collection":[{"href":"https:\/\/nexgendecors.com\/es\/wp-json\/wp\/v2\/product"}],"about":[{"href":"https:\/\/nexgendecors.com\/es\/wp-json\/wp\/v2\/types\/product"}],"replies":[{"embeddable":true,"href":"https:\/\/nexgendecors.com\/es\/wp-json\/wp\/v2\/comments?post=183902"}],"version-history":[{"count":0,"href":"https:\/\/nexgendecors.com\/es\/wp-json\/wp\/v2\/product\/183902\/revisions"}],"wp:featuredmedia":[{"embeddable":true,"href":"https:\/\/nexgendecors.com\/es\/wp-json\/wp\/v2\/media\/183901"}],"wp:attachment":[{"href":"https:\/\/nexgendecors.com\/es\/wp-json\/wp\/v2\/media?parent=183902"}],"wp:term":[{"taxonomy":"product_brand","embeddable":true,"href":"https:\/\/nexgendecors.com\/es\/wp-json\/wp\/v2\/product_brand?post=183902"},{"taxonomy":"product_cat","embeddable":true,"href":"https:\/\/nexgendecors.com\/es\/wp-json\/wp\/v2\/product_cat?post=183902"},{"taxonomy":"product_tag","embeddable":true,"href":"https:\/\/nexgendecors.com\/es\/wp-json\/wp\/v2\/product_tag?post=183902"}],"curies":[{"name":"wp","href":"https:\/\/api.w.org\/{rel}","templated":true}]}}