{"id":184036,"date":"2025-03-02T05:44:50","date_gmt":"2025-03-02T05:44:50","guid":{"rendered":"https:\/\/nexgendecors.com\/en\/product\/touch-screen-professional-coffee-grinders-titanium-burrs-automatic-grinder-coffee-espresso-coffee-machine\/"},"modified":"2025-04-10T12:29:44","modified_gmt":"2025-04-10T12:29:44","slug":"molinillos-de-cafe-profesionales-con-pantalla-tactil-y-fresas-de-titanio-molinillo-automatico-para-cafe-expreso","status":"publish","type":"product","link":"https:\/\/nexgendecors.com\/es\/product\/molinillos-de-cafe-profesionales-con-pantalla-tactil-y-fresas-de-titanio-molinillo-automatico-para-cafe-expreso\/","title":{"rendered":"Pantalla T\u00e1ctil Molinillos de Caf\u00e9 Profesional Fresas de Titanio Molinillo Autom\u00e1tico Cafetera Espresso"},"content":{"rendered":"<ul>\n<li><strong>Servicio postventa proporcionado: <\/strong> Repuestos gratuitos<\/li>\n<li><strong>garant\u00eda : <\/strong> 1 a\u00f1o<\/li>\n<li><strong>calificaci\u00f3n de eficiencia energ\u00e9tica: <\/strong> Clase A<\/li>\n<li><strong>idioma de funcionamiento: <\/strong> Ingl\u00e9s<\/li>\n<li><strong>solicitud : <\/strong> Coche, Hogar<\/li>\n<li><strong>fuente de energ\u00eda: <\/strong> USB<\/li>\n<li><strong>controlado por aplicaci\u00f3n: <\/strong> NO<\/li>\n<li><strong>molde privado: <\/strong> NO<\/li>\n<li><strong>tipo : <\/strong> Molinillos de caf\u00e9 de cuchillas<\/li>\n<li><strong>Material de la carcasa: <\/strong> Acero inoxidable<\/li>\n<li><strong>potencia w : <\/strong> 200 W<\/li>\n<li><strong>lugar de origen : <\/strong> Guangdong, China<\/li>\n<li><strong>nombre de marca: <\/strong> Estrella de carretera<\/li>\n<li><strong>N\u00famero de modelo: <\/strong> 022<\/li>\n<li><strong>funci\u00f3n : <\/strong> F\u00e1cil operaci\u00f3n<\/li>\n<li><strong>Material de las rebabas: <\/strong> Acero inoxidable<\/li>\n<li><strong>Material de la hoja: <\/strong> Acero inoxidable<\/li>\n<li><strong>Capacidad : <\/strong> 500 ml, 500 ml<\/li>\n<li><strong>Nombre del producto : <\/strong> Molinillo de caf\u00e9 el\u00e9ctrico<\/li>\n<li><strong>Nombre de la marca: <\/strong> Estrella de carretera<\/li>\n<li><strong>Material : <\/strong> Acero inoxidable 304<\/li>\n<li><strong>Uso: <\/strong> Inicio Hotel Restaurante Oficina<\/li>\n<li><strong>Color : <\/strong> Plata<\/li>\n<li><strong>Palabra clave: <\/strong> M\u00e1quina molinillo de caf\u00e9<\/li>\n<li><strong>Logotipo : <\/strong> Se acepta logotipo personalizado<\/li>\n<li><strong>Embalaje: <\/strong> Caja de color<\/li>\n<li><strong>Estilo : <\/strong> Moderno<\/li>\n<\/ul>","protected":false},"excerpt":{"rendered":"<p>servicio postventa ofrecido : Garant\u00eda de piezas de repuesto gratuitas : 1 a\u00f1o Clasificaci\u00f3n de eficiencia energ\u00e9tica : Clase A Idioma de funcionamiento :<\/p>","protected":false},"featured_media":184035,"comment_status":"open","ping_status":"closed","template":"","meta":[],"product_brand":[],"product_cat":[30930,30984],"product_tag":[],"class_list":{"0":"post-184036","1":"product","2":"type-product","3":"status-publish","4":"has-post-thumbnail","6":"product_cat-coffee-makers","7":"product_cat-hotel-appliances","9":"first","10":"instock","11":"taxable","12":"shipping-taxable","13":"purchasable","14":"product-type-variable"},"_links":{"self":[{"href":"https:\/\/nexgendecors.com\/es\/wp-json\/wp\/v2\/product\/184036","targetHints":{"allow":["GET"]}}],"collection":[{"href":"https:\/\/nexgendecors.com\/es\/wp-json\/wp\/v2\/product"}],"about":[{"href":"https:\/\/nexgendecors.com\/es\/wp-json\/wp\/v2\/types\/product"}],"replies":[{"embeddable":true,"href":"https:\/\/nexgendecors.com\/es\/wp-json\/wp\/v2\/comments?post=184036"}],"version-history":[{"count":0,"href":"https:\/\/nexgendecors.com\/es\/wp-json\/wp\/v2\/product\/184036\/revisions"}],"wp:featuredmedia":[{"embeddable":true,"href":"https:\/\/nexgendecors.com\/es\/wp-json\/wp\/v2\/media\/184035"}],"wp:attachment":[{"href":"https:\/\/nexgendecors.com\/es\/wp-json\/wp\/v2\/media?parent=184036"}],"wp:term":[{"taxonomy":"product_brand","embeddable":true,"href":"https:\/\/nexgendecors.com\/es\/wp-json\/wp\/v2\/product_brand?post=184036"},{"taxonomy":"product_cat","embeddable":true,"href":"https:\/\/nexgendecors.com\/es\/wp-json\/wp\/v2\/product_cat?post=184036"},{"taxonomy":"product_tag","embeddable":true,"href":"https:\/\/nexgendecors.com\/es\/wp-json\/wp\/v2\/product_tag?post=184036"}],"curies":[{"name":"wp","href":"https:\/\/api.w.org\/{rel}","templated":true}]}}