{"id":184064,"date":"2025-03-02T05:54:26","date_gmt":"2025-03-02T05:54:26","guid":{"rendered":"https:\/\/nexgendecors.com\/en\/product\/italian-home-office-hotel-espresso-machine-professional-semi-automatic-stainless-steel-espresso-machine\/"},"modified":"2025-04-10T12:29:43","modified_gmt":"2025-04-10T12:29:43","slug":"italian-home-office-hotel-espresso-machine-professional-semi-automatic-stainless-steel-espresso-machine","status":"publish","type":"product","link":"https:\/\/nexgendecors.com\/es\/product\/italian-home-office-hotel-espresso-machine-professional-semi-automatic-stainless-steel-espresso-machine\/","title":{"rendered":"M\u00e1quina de caf\u00e9 espresso italiana para el hogar, la oficina y el hotel M\u00e1quina de caf\u00e9 espresso profesional semiautom\u00e1tica de acero inoxidable"},"content":{"rendered":"<ul>\n<li><strong>lugar de origen : <\/strong> Guangdong, China<\/li>\n<li><strong>nombre de marca: <\/strong> estrella de carretera<\/li>\n<li><strong>N\u00famero de modelo: <\/strong> CM3120<\/li>\n<li><strong>Dimensiones lxwxh pulgadas: <\/strong> 19.5*26*28cm<\/li>\n<li><strong>Material de la carcasa: <\/strong> Acero inoxidable<\/li>\n<li><strong>potencia w : <\/strong> 1050W<\/li>\n<li><strong>voltaje v : <\/strong> 220<\/li>\n<li><strong>Servicio postventa proporcionado: <\/strong> Repuestos gratuitos<\/li>\n<li><strong>garant\u00eda : <\/strong> 1 a\u00f1o<\/li>\n<li><strong>tipo : <\/strong> Cafetera semiautom\u00e1tica<\/li>\n<li><strong>funci\u00f3n : <\/strong> Programmable, Brew System<\/li>\n<li><strong>calificaci\u00f3n de eficiencia energ\u00e9tica: <\/strong> Clase A<\/li>\n<li><strong>idioma de funcionamiento: <\/strong> Ingl\u00e9s<\/li>\n<li><strong>solicitud : <\/strong> Hotel, Comercial, Hogar<\/li>\n<li><strong>fuente de energ\u00eda: <\/strong> El\u00e9ctrico<\/li>\n<li><strong>controlado por aplicaci\u00f3n: <\/strong> NO<\/li>\n<li><strong>molde privado: <\/strong> NO<\/li>\n<li><strong>Nombre de la marca: <\/strong> Estrella de carretera<\/li>\n<li><strong>Nombre del producto : <\/strong> Espresso coffee Maker<\/li>\n<li><strong>Caracter\u00edstica : <\/strong> Auto-power-off Protection System<\/li>\n<li><strong>Capacity of Water Tank : <\/strong> M\u00e1s de 15 tazas<\/li>\n<li><strong>Color : <\/strong> blanco<\/li>\n<li><strong>G.W. : <\/strong> 3.9 KGs<\/li>\n<li><strong>Coffee type : <\/strong> Cappuccino, mocha, latte, iced coffee and cream foam<\/li>\n<li><strong>Molde privado: <\/strong> S\u00ed<\/li>\n<li><strong>Palabra clave: <\/strong> expresso machines<\/li>\n<li><strong>Single package size : <\/strong> 19.5X26X28 cm<\/li>\n<\/ul>","protected":false},"excerpt":{"rendered":"<p>lugar de origen : Guangdong, China marca : roadstar n\u00famero de modelo : CM3120 dimensiones l x a x h<\/p>","protected":false},"featured_media":184063,"comment_status":"open","ping_status":"closed","template":"","meta":[],"product_brand":[],"product_cat":[30930,30984],"product_tag":[],"class_list":{"0":"post-184064","1":"product","2":"type-product","3":"status-publish","4":"has-post-thumbnail","6":"product_cat-coffee-makers","7":"product_cat-hotel-appliances","9":"first","10":"instock","11":"taxable","12":"shipping-taxable","13":"purchasable","14":"product-type-variable"},"_links":{"self":[{"href":"https:\/\/nexgendecors.com\/es\/wp-json\/wp\/v2\/product\/184064","targetHints":{"allow":["GET"]}}],"collection":[{"href":"https:\/\/nexgendecors.com\/es\/wp-json\/wp\/v2\/product"}],"about":[{"href":"https:\/\/nexgendecors.com\/es\/wp-json\/wp\/v2\/types\/product"}],"replies":[{"embeddable":true,"href":"https:\/\/nexgendecors.com\/es\/wp-json\/wp\/v2\/comments?post=184064"}],"version-history":[{"count":0,"href":"https:\/\/nexgendecors.com\/es\/wp-json\/wp\/v2\/product\/184064\/revisions"}],"wp:featuredmedia":[{"embeddable":true,"href":"https:\/\/nexgendecors.com\/es\/wp-json\/wp\/v2\/media\/184063"}],"wp:attachment":[{"href":"https:\/\/nexgendecors.com\/es\/wp-json\/wp\/v2\/media?parent=184064"}],"wp:term":[{"taxonomy":"product_brand","embeddable":true,"href":"https:\/\/nexgendecors.com\/es\/wp-json\/wp\/v2\/product_brand?post=184064"},{"taxonomy":"product_cat","embeddable":true,"href":"https:\/\/nexgendecors.com\/es\/wp-json\/wp\/v2\/product_cat?post=184064"},{"taxonomy":"product_tag","embeddable":true,"href":"https:\/\/nexgendecors.com\/es\/wp-json\/wp\/v2\/product_tag?post=184064"}],"curies":[{"name":"wp","href":"https:\/\/api.w.org\/{rel}","templated":true}]}}