{"id":184080,"date":"2025-03-02T05:55:00","date_gmt":"2025-03-02T05:55:00","guid":{"rendered":"https:\/\/nexgendecors.com\/en\/product\/business-use-coffee-maker-and-grinder-semi-automatic-titanium-coffee-maker-italian-commercial-grinding-espresso-coffee-machine\/"},"modified":"2025-04-10T12:29:43","modified_gmt":"2025-04-10T12:29:43","slug":"business-use-coffee-maker-and-grinder-semi-automatic-titanium-coffee-maker-italian-commercial-grinding-espresso-coffee-machine","status":"publish","type":"product","link":"https:\/\/nexgendecors.com\/es\/product\/business-use-coffee-maker-and-grinder-semi-automatic-titanium-coffee-maker-italian-commercial-grinding-espresso-coffee-machine\/","title":{"rendered":"Cafetera y molinillo de caf\u00e9 para uso profesional Cafetera de titanio semiautom\u00e1tica M\u00e1quina de caf\u00e9 espresso con molienda comercial italiana"},"content":{"rendered":"<ul>\n<li><strong>lugar de origen : <\/strong> Guangdong, China<\/li>\n<li><strong>nombre de marca: <\/strong> estrella de carretera<\/li>\n<li><strong>N\u00famero de modelo: <\/strong> AM7301<\/li>\n<li><strong>Dimensiones lxwxh pulgadas: <\/strong> 40*32*32CM<\/li>\n<li><strong>Material de la carcasa: <\/strong> Acero inoxidable<\/li>\n<li><strong>potencia w : <\/strong> 1350W<\/li>\n<li><strong>Servicio postventa proporcionado: <\/strong> Repuestos gratuitos<\/li>\n<li><strong>garant\u00eda : <\/strong> 1 a\u00f1o<\/li>\n<li><strong>tipo : <\/strong> Commercial Coffee Maker<\/li>\n<li><strong>funci\u00f3n : <\/strong> Hot Water System, temprature control, Programmable<\/li>\n<li><strong>calificaci\u00f3n de eficiencia energ\u00e9tica: <\/strong> Clase A<\/li>\n<li><strong>idioma de funcionamiento: <\/strong> Ingl\u00e9s<\/li>\n<li><strong>solicitud : <\/strong> Comercial<\/li>\n<li><strong>fuente de energ\u00eda: <\/strong> El\u00e9ctrico<\/li>\n<li><strong>controlado por aplicaci\u00f3n: <\/strong> NO<\/li>\n<li><strong>molde privado: <\/strong> NO<\/li>\n<li><strong>Lugar de origen: <\/strong> Guangdong, China<\/li>\n<li><strong>After-sales Service Provided : <\/strong> Repuestos gratuitos<\/li>\n<li><strong>Fuente de energ\u00eda: <\/strong> El\u00e9ctrico<\/li>\n<li><strong>Color : <\/strong> Plata<\/li>\n<li><strong>Coffee Type : <\/strong> Italian Espresso<\/li>\n<li><strong>Estilo : <\/strong> Moderno<\/li>\n<li><strong>Cantidad m\u00ednima de pedido: <\/strong> 2 Pcs<\/li>\n<li><strong>Pump : <\/strong> 20Bar<\/li>\n<li><strong>Funci\u00f3n : <\/strong> Sistema de agua caliente<\/li>\n<li><strong>Nombre del producto : <\/strong> Commercial Coffee Machine<\/li>\n<\/ul>","protected":false},"excerpt":{"rendered":"<p>lugar de origen : Guangdong, China marca : roadstar n\u00famero de modelo : AM7301 dimensiones l x a x h<\/p>","protected":false},"featured_media":184079,"comment_status":"open","ping_status":"closed","template":"","meta":[],"product_brand":[],"product_cat":[30930,30984],"product_tag":[],"class_list":{"0":"post-184080","1":"product","2":"type-product","3":"status-publish","4":"has-post-thumbnail","6":"product_cat-coffee-makers","7":"product_cat-hotel-appliances","9":"first","10":"instock","11":"taxable","12":"shipping-taxable","13":"purchasable","14":"product-type-variable"},"_links":{"self":[{"href":"https:\/\/nexgendecors.com\/es\/wp-json\/wp\/v2\/product\/184080","targetHints":{"allow":["GET"]}}],"collection":[{"href":"https:\/\/nexgendecors.com\/es\/wp-json\/wp\/v2\/product"}],"about":[{"href":"https:\/\/nexgendecors.com\/es\/wp-json\/wp\/v2\/types\/product"}],"replies":[{"embeddable":true,"href":"https:\/\/nexgendecors.com\/es\/wp-json\/wp\/v2\/comments?post=184080"}],"version-history":[{"count":0,"href":"https:\/\/nexgendecors.com\/es\/wp-json\/wp\/v2\/product\/184080\/revisions"}],"wp:featuredmedia":[{"embeddable":true,"href":"https:\/\/nexgendecors.com\/es\/wp-json\/wp\/v2\/media\/184079"}],"wp:attachment":[{"href":"https:\/\/nexgendecors.com\/es\/wp-json\/wp\/v2\/media?parent=184080"}],"wp:term":[{"taxonomy":"product_brand","embeddable":true,"href":"https:\/\/nexgendecors.com\/es\/wp-json\/wp\/v2\/product_brand?post=184080"},{"taxonomy":"product_cat","embeddable":true,"href":"https:\/\/nexgendecors.com\/es\/wp-json\/wp\/v2\/product_cat?post=184080"},{"taxonomy":"product_tag","embeddable":true,"href":"https:\/\/nexgendecors.com\/es\/wp-json\/wp\/v2\/product_tag?post=184080"}],"curies":[{"name":"wp","href":"https:\/\/api.w.org\/{rel}","templated":true}]}}