{"id":184105,"date":"2025-03-02T05:55:53","date_gmt":"2025-03-02T05:55:53","guid":{"rendered":"https:\/\/nexgendecors.com\/en\/product\/hot-sale-2-5l-kitchen-appliance-commercial-blender-smoothie-juicer-food-processor-heavy-duty-blender-3-in-1\/"},"modified":"2025-04-10T12:30:04","modified_gmt":"2025-04-10T12:30:04","slug":"venta-caliente-2-5l-electrodomestico-de-cocina-licuadora-comercial-batidora-exprimidor-procesador-de-alimentos-licuadora-de-alta-resistencia-3-en-1","status":"publish","type":"product","link":"https:\/\/nexgendecors.com\/es\/product\/venta-caliente-2-5l-electrodomestico-de-cocina-licuadora-comercial-batidora-exprimidor-procesador-de-alimentos-licuadora-de-alta-resistencia-3-en-1\/","title":{"rendered":"Venta caliente 2.5L aparato de cocina licuadora comercial Smoothie Juicer procesador de alimentos de alta resistencia licuadora 3 en 1"},"content":{"rendered":"<ul>\n<li><strong>Servicio postventa proporcionado: <\/strong> Repuestos gratuitos<\/li>\n<li><strong>garant\u00eda : <\/strong> 1 a\u00f1o<\/li>\n<li><strong>calificaci\u00f3n de eficiencia energ\u00e9tica: <\/strong> Clase A<\/li>\n<li><strong>idioma de funcionamiento: <\/strong> Ingl\u00e9s<\/li>\n<li><strong>caracter\u00edstica : <\/strong> Multifuncional<\/li>\n<li><strong>solicitud : <\/strong> Familiar<\/li>\n<li><strong>fuente de energ\u00eda: <\/strong> El\u00e9ctrico<\/li>\n<li><strong>controlado por aplicaci\u00f3n: <\/strong> NO<\/li>\n<li><strong>molde privado: <\/strong> NO<\/li>\n<li><strong>tipo : <\/strong> Licuadora comercial<\/li>\n<li><strong>tipo de controles: <\/strong> Pulsador<\/li>\n<li><strong>Material del contenedor: <\/strong> Pl\u00e1stico<\/li>\n<li><strong>Material de la carcasa: <\/strong> Acero inoxidable<\/li>\n<li><strong>capacidad l : <\/strong> 2.6-3.0<\/li>\n<li><strong>N\u00famero de configuraciones de velocidad: <\/strong> 5+ velocidades<\/li>\n<li><strong>potencia w : <\/strong> 1500<\/li>\n<li><strong>N\u00famero de modelo: <\/strong> 5010 3 en 1<\/li>\n<li><strong>nombre de marca: <\/strong> Estrella de la carretera<\/li>\n<li><strong>lugar de origen : <\/strong> Guangdong, China<\/li>\n<li><strong>funci\u00f3n : <\/strong> Velocidad variable<\/li>\n<li><strong>Nombre del producto : <\/strong> Licuadora comercial multifunci\u00f3n<\/li>\n<li><strong>Palabra clave: <\/strong> Batidora el\u00e9ctrica Belnder<\/li>\n<li><strong>Solicitud : <\/strong> Familiar<\/li>\n<li><strong>Funci\u00f3n : <\/strong> Mezclador de frutas<\/li>\n<li><strong>Material : <\/strong> Pl\u00e1stico + acero inoxidable<\/li>\n<li><strong>Uso: <\/strong> Exprimidor de c\u00edtricos para electrodom\u00e9sticos de cocina<\/li>\n<li><strong>Color : <\/strong> Color personalizado<\/li>\n<li><strong>Multifunci\u00f3n: <\/strong> Licuadora, picadora, trituradora de hielo<\/li>\n<li><strong>Nombre : <\/strong> Licuadora Power Mix<\/li>\n<li><strong>Cuchilla : <\/strong> Hoja de acero inoxidable<\/li>\n<\/ul>","protected":false},"excerpt":{"rendered":"<p>servicio postventa ofrecido : Garant\u00eda de piezas de repuesto gratuitas : 1 a\u00f1o Clasificaci\u00f3n de eficiencia energ\u00e9tica : Clase A Idioma de funcionamiento :<\/p>","protected":false},"featured_media":184104,"comment_status":"open","ping_status":"closed","template":"","meta":[],"product_brand":[],"product_cat":[30970,30984],"product_tag":[],"class_list":{"0":"post-184105","1":"product","2":"type-product","3":"status-publish","4":"has-post-thumbnail","6":"product_cat-blender","7":"product_cat-hotel-appliances","9":"first","10":"instock","11":"taxable","12":"shipping-taxable","13":"purchasable","14":"product-type-variable"},"_links":{"self":[{"href":"https:\/\/nexgendecors.com\/es\/wp-json\/wp\/v2\/product\/184105","targetHints":{"allow":["GET"]}}],"collection":[{"href":"https:\/\/nexgendecors.com\/es\/wp-json\/wp\/v2\/product"}],"about":[{"href":"https:\/\/nexgendecors.com\/es\/wp-json\/wp\/v2\/types\/product"}],"replies":[{"embeddable":true,"href":"https:\/\/nexgendecors.com\/es\/wp-json\/wp\/v2\/comments?post=184105"}],"version-history":[{"count":0,"href":"https:\/\/nexgendecors.com\/es\/wp-json\/wp\/v2\/product\/184105\/revisions"}],"wp:featuredmedia":[{"embeddable":true,"href":"https:\/\/nexgendecors.com\/es\/wp-json\/wp\/v2\/media\/184104"}],"wp:attachment":[{"href":"https:\/\/nexgendecors.com\/es\/wp-json\/wp\/v2\/media?parent=184105"}],"wp:term":[{"taxonomy":"product_brand","embeddable":true,"href":"https:\/\/nexgendecors.com\/es\/wp-json\/wp\/v2\/product_brand?post=184105"},{"taxonomy":"product_cat","embeddable":true,"href":"https:\/\/nexgendecors.com\/es\/wp-json\/wp\/v2\/product_cat?post=184105"},{"taxonomy":"product_tag","embeddable":true,"href":"https:\/\/nexgendecors.com\/es\/wp-json\/wp\/v2\/product_tag?post=184105"}],"curies":[{"name":"wp","href":"https:\/\/api.w.org\/{rel}","templated":true}]}}