{"id":18557,"date":"2025-01-13T14:23:43","date_gmt":"2025-01-13T14:23:43","guid":{"rendered":"https:\/\/nexgendecors.com\/product\/okaren-acrylic-bathtub-home-small-apartment-independent-japanese-style-oval-mobile-bath-net-celebrity-hotel-bathtub\/"},"modified":"2025-04-06T07:41:42","modified_gmt":"2025-04-06T07:41:42","slug":"okaren-acrylic-bathtub-home-small-apartment-independent-japanese-style-oval-mobile-bath-net-celebrity-hotel-bathtub","status":"publish","type":"product","link":"https:\/\/nexgendecors.com\/es\/product\/okaren-acrylic-bathtub-home-small-apartment-independent-japanese-style-oval-mobile-bath-net-celebrity-hotel-bathtub\/","title":{"rendered":"Ba\u00f1era acr\u00edlica ovalada Okaren: dise\u00f1o japon\u00e9s compacto"},"content":{"rendered":"<ul>\n<li>\n<strong>marca<\/strong>:Okaren<\/li>\n<li>\n<strong>modelo<\/strong>:2317<\/li>\n<li>\n<strong>forma<\/strong>:Separado<\/li>\n<li>\n<strong>Origen<\/strong>:China continental<\/li>\n<li>\n<strong>provincia<\/strong>:Provincia de Guangdong<\/li>\n<li>\n<strong>\u00bfTiene grifo?<\/strong>:No incluido<\/li>\n<li>\n<strong>longitud<\/strong>:1,2 m 1,3 m 1,4 m 1,5 m 1,6 m 1,7 m 1,8 m<\/li>\n<li>\n<strong>Material<\/strong>:Acr\u00edlico<\/li>\n<li>\n<strong>\u00bfHay pasamanos?<\/strong>:No<\/li>\n<li>\n<strong>capacidad<\/strong>:150L<\/li>\n<li>\n<strong>Servicio en la ciudad<\/strong>:Log\u00edstica intraurbana de entrega puerta a puerta<\/li>\n<li>\n<strong>ordenar por color<\/strong>:Free home visit and free installation [Ready to ship] White empty cylinder customized matte (white empty cylinder) Black empty cylinder Red empty cylinder Gray empty cylinder [Ready to ship] White empty cylinder + black waterfall faucet (handheld shower) White empty cylinder + gun gray five-piece set White empty cylinder + black five-piece set White empty cylinder + white five-piece set Black empty cylinder + black five-piece set Red empty cylinder + black five-piece set Gray empty cylinder + black five-piece set [Ready to ship] White empty cylinder + black floor faucet (floor water inlet) [Ready to ship] White empty cylinder + black floor faucet (wall water inlet) Customized matte (white empty cylinder + black floor faucet (floor water inlet) Customized matte (white empty cylinder) + black floor faucet (wall water inlet) White empty cylinder + black 4-piece set + massage White cylinder + black 4-piece set + massage + constant temperature<\/li>\n<li>\n<strong><\/strong>:<\/li>\n<\/ul>\n<p><img><\/p>","protected":false},"excerpt":{"rendered":"<p>Marca: Okaren Modelo: 2317 Forma: Desmontable Origen: China continental Provincia: Provincia de Guangdong \u00bfIncluye grifo?: No incluido Longitud: 1,2 m 1,3 m 1,4 m 1,5 m 1,6 m 1,7 m 1,8 m<\/p>","protected":false},"featured_media":19280,"comment_status":"open","ping_status":"closed","template":"","meta":[],"product_brand":[],"product_cat":[30971,869],"product_tag":[],"class_list":{"0":"post-18557","1":"product","2":"type-product","3":"status-publish","4":"has-post-thumbnail","6":"product_cat-hp","7":"product_cat-wholesale-bathtub","9":"first","10":"instock","11":"taxable","12":"shipping-taxable","13":"purchasable","14":"product-type-variable"},"_links":{"self":[{"href":"https:\/\/nexgendecors.com\/es\/wp-json\/wp\/v2\/product\/18557","targetHints":{"allow":["GET"]}}],"collection":[{"href":"https:\/\/nexgendecors.com\/es\/wp-json\/wp\/v2\/product"}],"about":[{"href":"https:\/\/nexgendecors.com\/es\/wp-json\/wp\/v2\/types\/product"}],"replies":[{"embeddable":true,"href":"https:\/\/nexgendecors.com\/es\/wp-json\/wp\/v2\/comments?post=18557"}],"version-history":[{"count":0,"href":"https:\/\/nexgendecors.com\/es\/wp-json\/wp\/v2\/product\/18557\/revisions"}],"wp:featuredmedia":[{"embeddable":true,"href":"https:\/\/nexgendecors.com\/es\/wp-json\/wp\/v2\/media\/19280"}],"wp:attachment":[{"href":"https:\/\/nexgendecors.com\/es\/wp-json\/wp\/v2\/media?parent=18557"}],"wp:term":[{"taxonomy":"product_brand","embeddable":true,"href":"https:\/\/nexgendecors.com\/es\/wp-json\/wp\/v2\/product_brand?post=18557"},{"taxonomy":"product_cat","embeddable":true,"href":"https:\/\/nexgendecors.com\/es\/wp-json\/wp\/v2\/product_cat?post=18557"},{"taxonomy":"product_tag","embeddable":true,"href":"https:\/\/nexgendecors.com\/es\/wp-json\/wp\/v2\/product_tag?post=18557"}],"curies":[{"name":"wp","href":"https:\/\/api.w.org\/{rel}","templated":true}]}}