{"id":18742,"date":"2025-01-13T14:23:50","date_gmt":"2025-01-13T14:23:50","guid":{"rendered":"https:\/\/nexgendecors.com\/product\/acrylic-large-round-bathtub-hotel-homestay-adult-double-couple-massage-surfing-constant-temperature-independent-bath-1\/"},"modified":"2025-04-06T07:41:58","modified_gmt":"2025-04-06T07:41:58","slug":"acrylic-large-round-bathtub-hotel-homestay-adult-double-couple-massage-surfing-constant-temperature-independent-bath-1","status":"publish","type":"product","link":"https:\/\/nexgendecors.com\/es\/product\/acrylic-large-round-bathtub-hotel-homestay-adult-double-couple-massage-surfing-constant-temperature-independent-bath-1\/","title":{"rendered":"Ba\u00f1era de masaje de acr\u00edlico de lujo para dos personas"},"content":{"rendered":"<ul>\n<li>\n<strong>marca<\/strong>:Quiet<\/li>\n<li>\n<strong>modelo<\/strong>:Y00896<\/li>\n<li>\n<strong>Material<\/strong>:Acr\u00edlico<\/li>\n<li>\n<strong>Origen<\/strong>:China continental<\/li>\n<li>\n<strong>provincia<\/strong>:Anhui Province<\/li>\n<li>\n<strong>ciudad<\/strong>:Xuancheng City<\/li>\n<li>\n<strong>ordenar por color<\/strong>:Empty tank, five-piece set, standard surfing, constant temperature surfing, embedded empty tank, embedded five-piece set, embedded standard surfing, embedded constant temperature surfing<\/li>\n<li>\n<strong>Servicio en la ciudad<\/strong>:Log\u00edstica intraurbana de entrega puerta a puerta<\/li>\n<li>\n<strong>\u00bfTiene grifo?<\/strong>:No incluido<\/li>\n<li>\n<strong>\u00bfHay pasamanos?<\/strong>:No<\/li>\n<li>\n<strong>forma<\/strong>:Separado<\/li>\n<li>\n<strong>longitud<\/strong>:1.2m,1.3m,1.4m,1.5m,1.6m<\/li>\n<\/ul>\n<p><img><\/p>","protected":false},"excerpt":{"rendered":"<p>Marca: Quiet Modelo: Y00896 Material: Acr\u00edlico Origen: China continental Provincia: Provincia de Anhui Ciudad: Ciudad de Xuancheng Ordenar por color: Tanque vac\u00edo, juego de cinco piezas, surf est\u00e1ndar, surf a temperatura constante,<\/p>","protected":false},"featured_media":19595,"comment_status":"open","ping_status":"closed","template":"","meta":[],"product_brand":[],"product_cat":[30971,869],"product_tag":[],"class_list":{"0":"post-18742","1":"product","2":"type-product","3":"status-publish","4":"has-post-thumbnail","6":"product_cat-hp","7":"product_cat-wholesale-bathtub","9":"first","10":"instock","11":"taxable","12":"shipping-taxable","13":"purchasable","14":"product-type-variable"},"_links":{"self":[{"href":"https:\/\/nexgendecors.com\/es\/wp-json\/wp\/v2\/product\/18742","targetHints":{"allow":["GET"]}}],"collection":[{"href":"https:\/\/nexgendecors.com\/es\/wp-json\/wp\/v2\/product"}],"about":[{"href":"https:\/\/nexgendecors.com\/es\/wp-json\/wp\/v2\/types\/product"}],"replies":[{"embeddable":true,"href":"https:\/\/nexgendecors.com\/es\/wp-json\/wp\/v2\/comments?post=18742"}],"version-history":[{"count":0,"href":"https:\/\/nexgendecors.com\/es\/wp-json\/wp\/v2\/product\/18742\/revisions"}],"wp:featuredmedia":[{"embeddable":true,"href":"https:\/\/nexgendecors.com\/es\/wp-json\/wp\/v2\/media\/19595"}],"wp:attachment":[{"href":"https:\/\/nexgendecors.com\/es\/wp-json\/wp\/v2\/media?parent=18742"}],"wp:term":[{"taxonomy":"product_brand","embeddable":true,"href":"https:\/\/nexgendecors.com\/es\/wp-json\/wp\/v2\/product_brand?post=18742"},{"taxonomy":"product_cat","embeddable":true,"href":"https:\/\/nexgendecors.com\/es\/wp-json\/wp\/v2\/product_cat?post=18742"},{"taxonomy":"product_tag","embeddable":true,"href":"https:\/\/nexgendecors.com\/es\/wp-json\/wp\/v2\/product_tag?post=18742"}],"curies":[{"name":"wp","href":"https:\/\/api.w.org\/{rel}","templated":true}]}}