{"id":18783,"date":"2025-01-13T14:23:51","date_gmt":"2025-01-13T14:23:51","guid":{"rendered":"https:\/\/nexgendecors.com\/product\/acrylic-b-b-hotel-internet-celebrity-adult-concubine-art-bathtub-independent-seamless-integrated-home-bath-tub\/"},"modified":"2025-04-06T07:42:03","modified_gmt":"2025-04-06T07:42:03","slug":"acrylic-b-b-hotel-internet-celebrity-adult-concubine-art-bathtub-independent-seamless-integrated-home-bath-tub","status":"publish","type":"product","link":"https:\/\/nexgendecors.com\/es\/product\/acrylic-b-b-hotel-internet-celebrity-adult-concubine-art-bathtub-independent-seamless-integrated-home-bath-tub\/","title":{"rendered":"Ba\u00f1era acr\u00edlica sin juntas: Dale un toque de estilo a tu spa en casa"},"content":{"rendered":"<ul>\n<li>\n<strong>marca<\/strong>:Quiet<\/li>\n<li>\n<strong>modelo<\/strong>:JY9008<\/li>\n<li>\n<strong>Material<\/strong>:Acr\u00edlico<\/li>\n<li>\n<strong>Origen<\/strong>:China continental<\/li>\n<li>\n<strong>provincia<\/strong>:Anhui Province<\/li>\n<li>\n<strong>ordenar por color<\/strong>:White empty tank, white empty tank + floor-standing faucet, white empty tank + wall-mounted faucet, half-color empty tank, half-color empty tank + floor-standing faucet, half-color empty tank + wall-mounted faucet, full-color empty tank, full-color empty tank + floor-standing faucet, full-color empty tank + wall-mounted faucet<\/li>\n<li>\n<strong>Servicio en la ciudad<\/strong>:Log\u00edstica intraurbana de entrega puerta a puerta<\/li>\n<li>\n<strong>\u00bfTiene grifo?<\/strong>:No incluido<\/li>\n<li>\n<strong>\u00bfHay pasamanos?<\/strong>:No<\/li>\n<li>\n<strong>forma<\/strong>:Separado<\/li>\n<li>\n<strong>longitud<\/strong>:1.3m,1.4m,1.5m,1.6m,1.7m<\/li>\n<li>\n<strong><\/strong>:<\/li>\n<\/ul>\n<p><img><\/p>","protected":false},"excerpt":{"rendered":"<p>Marca: Quiet Modelo: JY9008 Material: Acr\u00edlico Origen: China continental Provincia: Provincia de Anhui Ordenar por color: Tanque vac\u00edo blanco, tanque vac\u00edo blanco + grifo de piso, tanque vac\u00edo blanco<\/p>","protected":false},"featured_media":19598,"comment_status":"open","ping_status":"closed","template":"","meta":[],"product_brand":[],"product_cat":[30971,869],"product_tag":[],"class_list":{"0":"post-18783","1":"product","2":"type-product","3":"status-publish","4":"has-post-thumbnail","6":"product_cat-hp","7":"product_cat-wholesale-bathtub","9":"first","10":"instock","11":"taxable","12":"shipping-taxable","13":"purchasable","14":"product-type-variable"},"_links":{"self":[{"href":"https:\/\/nexgendecors.com\/es\/wp-json\/wp\/v2\/product\/18783","targetHints":{"allow":["GET"]}}],"collection":[{"href":"https:\/\/nexgendecors.com\/es\/wp-json\/wp\/v2\/product"}],"about":[{"href":"https:\/\/nexgendecors.com\/es\/wp-json\/wp\/v2\/types\/product"}],"replies":[{"embeddable":true,"href":"https:\/\/nexgendecors.com\/es\/wp-json\/wp\/v2\/comments?post=18783"}],"version-history":[{"count":0,"href":"https:\/\/nexgendecors.com\/es\/wp-json\/wp\/v2\/product\/18783\/revisions"}],"wp:featuredmedia":[{"embeddable":true,"href":"https:\/\/nexgendecors.com\/es\/wp-json\/wp\/v2\/media\/19598"}],"wp:attachment":[{"href":"https:\/\/nexgendecors.com\/es\/wp-json\/wp\/v2\/media?parent=18783"}],"wp:term":[{"taxonomy":"product_brand","embeddable":true,"href":"https:\/\/nexgendecors.com\/es\/wp-json\/wp\/v2\/product_brand?post=18783"},{"taxonomy":"product_cat","embeddable":true,"href":"https:\/\/nexgendecors.com\/es\/wp-json\/wp\/v2\/product_cat?post=18783"},{"taxonomy":"product_tag","embeddable":true,"href":"https:\/\/nexgendecors.com\/es\/wp-json\/wp\/v2\/product_tag?post=18783"}],"curies":[{"name":"wp","href":"https:\/\/api.w.org\/{rel}","templated":true}]}}