{"id":192312,"date":"2025-04-06T14:19:58","date_gmt":"2025-04-06T14:19:58","guid":{"rendered":"https:\/\/nexgendecors.com\/product\/lumabella63015-floor-washing-machine-wet-and-dry-household-high-power-powerful-carpet-washing-machine-6-meters-wired-floor-cleaning\/"},"modified":"2025-04-06T14:21:41","modified_gmt":"2025-04-06T14:21:41","slug":"lavadora-de-pisos-lumabella-63015-para-uso-domestico-en-seco-y-humedo-de-alta-potencia-potente-lavadora-de-alfombras-con-cable-de-6-metros-para-limpieza-de-pisos","status":"publish","type":"product","link":"https:\/\/nexgendecors.com\/es\/product\/lavadora-de-pisos-lumabella-63015-para-uso-domestico-en-seco-y-humedo-de-alta-potencia-potente-lavadora-de-alfombras-con-cable-de-6-metros-para-limpieza-de-pisos\/","title":{"rendered":"Lavadora de pisos Lumabella63015, para uso dom\u00e9stico, h\u00fameda y seca, potente lavadora de alfombras de alta potencia, 6 metros de cable, limpieza de pisos."},"content":{"rendered":"<p><b>marca<\/b>: SOKANY<\/p>\n<p><b>Longitud del cable de alimentaci\u00f3n<\/b>:Aproximadamente 6 metros<\/p>\n<p><b>Tensi\u00f3n nominal<\/b>:111 V ~ 240 V inclusive<\/p>\n<p><b>Potencia nominal<\/b>:3600W<\/p>\n<p><b>Funci\u00f3n de aspiradora<\/b>:Uso h\u00famedo y seco<\/p>\n<p><b>Tipo de almacenamiento de polvo<\/b>: Caja para polvo\/cubo para polvo<\/p>\n<p><b>Estilo aspiradora<\/b>: Port\u00e1til<\/p>\n<p><b>Tipo de boquilla especial<\/b>: otro<\/p>\n<p><b>color<\/b>: verde<\/p>\n<p><b>Principales plataformas downstream<\/b>: eBay, Amazon, Wish, AliExpress, estaci\u00f3n independiente, LAZADA<\/p>\n<p><b>Tener una marca privada con licencia<\/b>: S\u00ed<\/p>\n<p><b>Ya sea una fuente dedicada de bienes para la exportaci\u00f3n transfronteriza<\/b>: S\u00ed<\/p>\n<p><b>succi\u00f3n<\/b>:15,1-20 kPa<\/p>\n<p><b>Grado de vac\u00edo<\/b>:3100Pa-4000Pa<\/p>\n<p><b>\u00bfEs una fuente patentada?<\/b>: No<\/p>\n<p><b>Duraci\u00f3n de la bater\u00eda<\/b>:3-6 h inclusive<\/p>\n<p><b>Patente de dise\u00f1o<\/b>: ninguno<\/p>\n<p><b>Principales \u00e1reas de venta<\/b>: Am\u00e9rica del Sur, Am\u00e9rica del Norte, Oriente Medio, Comercio electr\u00f3nico nacional<\/p>\n<p><b>\u00bfTiene certificaci\u00f3n 3C?<\/b>: S\u00ed<\/p>\n<p><b>estilo<\/b>:Estilo creativo<\/p>\n<p><b>Modo de suministro de energ\u00eda<\/b>: Pilas secas<\/p>\n<p><b>Caracter\u00edsticas adicionales<\/b>:Absorci\u00f3n de agua, eliminaci\u00f3n de polvo.<\/p>\n<p><b>Capacidad de bater\u00eda incorporada<\/b>:500 mAh y menos<\/p>\n<p><b>\u00bfTiene una bater\u00eda incorporada?<\/b>:Bater\u00eda interna<\/p>\n<p><b>ruido<\/b>:46-70 dB<\/p>","protected":false},"excerpt":{"rendered":"<p>Marca: SOKANY Longitud del cable de alimentaci\u00f3n: Aproximadamente 6 metros Voltaje nominal: 111 V ~ 240 V inclusive Potencia nominal: 3600 W Funci\u00f3n de aspiradora: H\u00famedo y seco<\/p>","protected":false},"featured_media":192311,"comment_status":"open","ping_status":"closed","template":"","meta":[],"product_brand":[],"product_cat":[30929,30945],"product_tag":[],"class_list":{"0":"post-192312","1":"product","2":"type-product","3":"status-publish","4":"has-post-thumbnail","6":"product_cat-housekeeping","7":"product_cat-steam-cleaners","9":"first","10":"instock","11":"taxable","12":"shipping-taxable","13":"purchasable","14":"product-type-variable"},"_links":{"self":[{"href":"https:\/\/nexgendecors.com\/es\/wp-json\/wp\/v2\/product\/192312","targetHints":{"allow":["GET"]}}],"collection":[{"href":"https:\/\/nexgendecors.com\/es\/wp-json\/wp\/v2\/product"}],"about":[{"href":"https:\/\/nexgendecors.com\/es\/wp-json\/wp\/v2\/types\/product"}],"replies":[{"embeddable":true,"href":"https:\/\/nexgendecors.com\/es\/wp-json\/wp\/v2\/comments?post=192312"}],"version-history":[{"count":0,"href":"https:\/\/nexgendecors.com\/es\/wp-json\/wp\/v2\/product\/192312\/revisions"}],"wp:featuredmedia":[{"embeddable":true,"href":"https:\/\/nexgendecors.com\/es\/wp-json\/wp\/v2\/media\/192311"}],"wp:attachment":[{"href":"https:\/\/nexgendecors.com\/es\/wp-json\/wp\/v2\/media?parent=192312"}],"wp:term":[{"taxonomy":"product_brand","embeddable":true,"href":"https:\/\/nexgendecors.com\/es\/wp-json\/wp\/v2\/product_brand?post=192312"},{"taxonomy":"product_cat","embeddable":true,"href":"https:\/\/nexgendecors.com\/es\/wp-json\/wp\/v2\/product_cat?post=192312"},{"taxonomy":"product_tag","embeddable":true,"href":"https:\/\/nexgendecors.com\/es\/wp-json\/wp\/v2\/product_tag?post=192312"}],"curies":[{"name":"wp","href":"https:\/\/api.w.org\/{rel}","templated":true}]}}