{"id":19516,"date":"2025-01-13T14:40:50","date_gmt":"2025-01-13T14:40:50","guid":{"rendered":"https:\/\/nexgendecors.com\/product\/dexiton-6067-flower-drying-head-shower-set-device-white-shower-head-without-top-spray-simple-home-piano-key-booster\/"},"modified":"2025-04-06T07:42:24","modified_gmt":"2025-04-06T07:42:24","slug":"dexiton-6067-flower-drying-head-shower-set-device-white-shower-head-without-top-spray-simple-home-piano-key-booster","status":"publish","type":"product","link":"https:\/\/nexgendecors.com\/es\/product\/dexiton-6067-flower-drying-head-shower-set-device-white-shower-head-without-top-spray-simple-home-piano-key-booster\/","title":{"rendered":"Dexiton 6067 - Cabezal de ducha con secado de flores"},"content":{"rendered":"<ul>\n<li>\n<strong>marca<\/strong>:De Hedon<\/li>\n<li>\n<strong>modelo<\/strong>:D-DXDON6067<\/li>\n<li>\n<strong>provincia<\/strong>:Provincia de Guangdong<\/li>\n<li>\n<strong>ciudad<\/strong>:Shenzhen<\/li>\n<li>\n<strong>Servicio en la ciudad<\/strong>:Log\u00edstica intraurbana de entrega puerta a puerta<\/li>\n<li>\n<strong>Origen<\/strong>:China continental<\/li>\n<li>\n<strong>Funci\u00f3n<\/strong>:Super-pressurized bathtub drain<\/li>\n<li>\n<strong>forma<\/strong>:Redondo<\/li>\n<li>\n<strong>Tipo de grifo de ducha<\/strong>:Single shower faucet<\/li>\n<li>\n<strong>Material<\/strong>:cobre<\/li>\n<li>\n<strong>Instalaci\u00f3n<\/strong>:Montado en la pared<\/li>\n<li>\n<strong>Tipo de control de agua fr\u00eda y caliente<\/strong>:Control de temperatura constante<\/li>\n<li>\n<strong>Tipo de soporte de ducha<\/strong>:Con levantamiento<\/li>\n<li>\n<strong>ordenar por color<\/strong>:A thermostat &#8211; gun gray [automatically displays water temperature] A thermostat &#8211; white [automatically displays water temperature] A thermostat &#8211; black [automatically displays water temperature] A thermostat &#8211; chrome [automatically displays water temperature] B thermostat &#8211; gun gray [upgraded large storage table] B thermostat &#8211; white [upgraded large storage table] B thermostat &#8211; black [upgraded large storage table] B thermostat &#8211; chrome [upgraded large storage table] D thermostat &#8211; gun gray [handheld with spray gun] D thermostat &#8211; white [handheld with spray gun] D thermostat &#8211; black [handheld with spray gun] D thermostat &#8211; chrome [handheld with spray gun] A hot and cold &#8211; color notes &#8211; not picky about water heaters B hot and cold &#8211; color notes &#8211; not picky about water heaters D hot and cold &#8211; color notes &#8211; not picky about water heaters<\/li>\n<\/ul>\n<p><img><\/p>","protected":false},"excerpt":{"rendered":"<p>Marca: De Hedon Modelo: D-DXDON6067 Provincia: Provincia de Guangdong Ciudad: Shenzhen Servicio en la ciudad: Log\u00edstica intraurbana entrega puerta a puerta Origen: China continental Funci\u00f3n: Desag\u00fce de ba\u00f1era superpresurizado Forma: Redonda Tipo de grifo de ducha: Individual<\/p>","protected":false},"featured_media":19815,"comment_status":"open","ping_status":"closed","template":"","meta":[],"product_brand":[],"product_cat":[30971,870],"product_tag":[],"class_list":{"0":"post-19516","1":"product","2":"type-product","3":"status-publish","4":"has-post-thumbnail","6":"product_cat-hp","7":"product_cat-wholesale-faucet","9":"first","10":"instock","11":"taxable","12":"shipping-taxable","13":"purchasable","14":"product-type-variable"},"_links":{"self":[{"href":"https:\/\/nexgendecors.com\/es\/wp-json\/wp\/v2\/product\/19516","targetHints":{"allow":["GET"]}}],"collection":[{"href":"https:\/\/nexgendecors.com\/es\/wp-json\/wp\/v2\/product"}],"about":[{"href":"https:\/\/nexgendecors.com\/es\/wp-json\/wp\/v2\/types\/product"}],"replies":[{"embeddable":true,"href":"https:\/\/nexgendecors.com\/es\/wp-json\/wp\/v2\/comments?post=19516"}],"version-history":[{"count":0,"href":"https:\/\/nexgendecors.com\/es\/wp-json\/wp\/v2\/product\/19516\/revisions"}],"wp:featuredmedia":[{"embeddable":true,"href":"https:\/\/nexgendecors.com\/es\/wp-json\/wp\/v2\/media\/19815"}],"wp:attachment":[{"href":"https:\/\/nexgendecors.com\/es\/wp-json\/wp\/v2\/media?parent=19516"}],"wp:term":[{"taxonomy":"product_brand","embeddable":true,"href":"https:\/\/nexgendecors.com\/es\/wp-json\/wp\/v2\/product_brand?post=19516"},{"taxonomy":"product_cat","embeddable":true,"href":"https:\/\/nexgendecors.com\/es\/wp-json\/wp\/v2\/product_cat?post=19516"},{"taxonomy":"product_tag","embeddable":true,"href":"https:\/\/nexgendecors.com\/es\/wp-json\/wp\/v2\/product_tag?post=19516"}],"curies":[{"name":"wp","href":"https:\/\/api.w.org\/{rel}","templated":true}]}}