{"id":20158,"date":"2025-01-13T14:50:31","date_gmt":"2025-01-13T14:50:31","guid":{"rendered":"https:\/\/nexgendecors.com\/product\/ceramic-kitchen-sink-semi-embedded-sink-american-style-dishwashing-sink-vegetable-basin-farmhouse-sink\/"},"modified":"2025-04-06T07:43:12","modified_gmt":"2025-04-06T07:43:12","slug":"ceramic-kitchen-sink-semi-embedded-sink-american-style-dishwashing-sink-vegetable-basin-farmhouse-sink","status":"publish","type":"product","link":"https:\/\/nexgendecors.com\/es\/product\/ceramic-kitchen-sink-semi-embedded-sink-american-style-dishwashing-sink-vegetable-basin-farmhouse-sink\/","title":{"rendered":"Fregadero de cer\u00e1mica estilo granja americano: elegante y duradero"},"content":{"rendered":"<ul>\n<li>\n<strong>marca<\/strong>:MDTNOFR<\/li>\n<li>\n<strong>modelo<\/strong>:C-89898<\/li>\n<li>\n<strong>Material<\/strong>:cer\u00e1mica<\/li>\n<li>\n<strong>Origen<\/strong>:China continental<\/li>\n<li>\n<strong>provincia<\/strong>:Provincia de Guangdong<\/li>\n<li>\n<strong>ciudad<\/strong>:Ciudad de Chaozhou<\/li>\n<li>\n<strong>tama\u00f1o<\/strong>:60CM 24 pulgadas<\/li>\n<li>\n<strong>ordenar por color<\/strong>:1A,1B,2A,2B,3A,3B,4A,4B,A lavabo doble,B lavabo doble,blanco cl\u00e1sico,gris pistola cl\u00e1sico,negro cl\u00e1sico,plata cl\u00e1sico,dorado cl\u00e1sico,blanco premium,gris pistola premium,negro premium,plata premium,dorado premium<\/li>\n<li>\n<strong>Servicio en la ciudad<\/strong>:Log\u00edstica intraurbana de entrega puerta a puerta<\/li>\n<li>\n<strong>N\u00famero de ranuras<\/strong>:1<\/li>\n<\/ul>\n<p><img><\/p>","protected":false},"excerpt":{"rendered":"<p>Marca: MDTNOFR Modelo: C-89898 Material: cer\u00e1mica Origen: China continental Provincia: provincia de Guangdong Ciudad: ciudad de Chaozhou Tama\u00f1o: 60 cm 24 pulgadas Ordenar por color: 1A, 1B, 2A, 2B, 3A, 3B, 4A, 4B, lavabo doble A, lavabo doble B, cl\u00e1sico blanco, pistola<\/p>","protected":false},"featured_media":20872,"comment_status":"open","ping_status":"closed","template":"","meta":[],"product_brand":[],"product_cat":[30971,873],"product_tag":[],"class_list":{"0":"post-20158","1":"product","2":"type-product","3":"status-publish","4":"has-post-thumbnail","6":"product_cat-hp","7":"product_cat-wholesale-kitchen-sink","9":"first","10":"instock","11":"taxable","12":"shipping-taxable","13":"purchasable","14":"product-type-variable"},"_links":{"self":[{"href":"https:\/\/nexgendecors.com\/es\/wp-json\/wp\/v2\/product\/20158","targetHints":{"allow":["GET"]}}],"collection":[{"href":"https:\/\/nexgendecors.com\/es\/wp-json\/wp\/v2\/product"}],"about":[{"href":"https:\/\/nexgendecors.com\/es\/wp-json\/wp\/v2\/types\/product"}],"replies":[{"embeddable":true,"href":"https:\/\/nexgendecors.com\/es\/wp-json\/wp\/v2\/comments?post=20158"}],"version-history":[{"count":0,"href":"https:\/\/nexgendecors.com\/es\/wp-json\/wp\/v2\/product\/20158\/revisions"}],"wp:featuredmedia":[{"embeddable":true,"href":"https:\/\/nexgendecors.com\/es\/wp-json\/wp\/v2\/media\/20872"}],"wp:attachment":[{"href":"https:\/\/nexgendecors.com\/es\/wp-json\/wp\/v2\/media?parent=20158"}],"wp:term":[{"taxonomy":"product_brand","embeddable":true,"href":"https:\/\/nexgendecors.com\/es\/wp-json\/wp\/v2\/product_brand?post=20158"},{"taxonomy":"product_cat","embeddable":true,"href":"https:\/\/nexgendecors.com\/es\/wp-json\/wp\/v2\/product_cat?post=20158"},{"taxonomy":"product_tag","embeddable":true,"href":"https:\/\/nexgendecors.com\/es\/wp-json\/wp\/v2\/product_tag?post=20158"}],"curies":[{"name":"wp","href":"https:\/\/api.w.org\/{rel}","templated":true}]}}