{"id":20244,"date":"2025-01-13T14:50:34","date_gmt":"2025-01-13T14:50:34","guid":{"rendered":"https:\/\/nexgendecors.com\/product\/island-sink-bar-round-pool-balcony-deepened-undercounter-basin-wash-basin-kitchen-vegetable-sink-square-dishwashing-basin-2\/"},"modified":"2025-04-06T07:43:23","modified_gmt":"2025-04-06T07:43:23","slug":"island-sink-bar-round-pool-balcony-deepened-undercounter-basin-wash-basin-kitchen-vegetable-sink-square-dishwashing-basin-2","status":"publish","type":"product","link":"https:\/\/nexgendecors.com\/es\/product\/island-sink-bar-round-pool-balcony-deepened-undercounter-basin-wash-basin-kitchen-vegetable-sink-square-dishwashing-basin-2\/","title":{"rendered":"Fregadero cuadrado bajo encimera \u2013 Lavabo moderno para verduras"},"content":{"rendered":"<ul>\n<li>\n<strong>marca<\/strong>:MDTNOFR<\/li>\n<li>\n<strong>modelo<\/strong>:CF-668898<\/li>\n<li>\n<strong>Origen<\/strong>:China continental<\/li>\n<li>\n<strong>provincia<\/strong>:Provincia de Guangdong<\/li>\n<li>\n<strong>ciudad<\/strong>:Ciudad de Chaozhou<\/li>\n<li>\n<strong>N\u00famero de ranuras<\/strong>:1<\/li>\n<li>\n<strong>Material<\/strong>:cer\u00e1mica<\/li>\n<li>\n<strong>Instalaci\u00f3n<\/strong>:Under the counter<\/li>\n<li>\n<strong>tama\u00f1o<\/strong>:16\/20\/24<\/li>\n<li>\n<strong>Servicio en la ciudad<\/strong>:Log\u00edstica intraurbana de entrega puerta a puerta<\/li>\n<li>\n<strong>ordenar por color<\/strong>:Nordic round basin small, Nordic round basin medium, Nordic round basin large, light luxury round basin small, light luxury round basin medium, light luxury round basin large, Nordic square basin No. 1, light luxury square basin No. 1, Nordic square basin No. 2, light luxury square basin No. 2, Nordic square basin No. 3, light luxury square basin No. 3, Nordic square basin No. 4, light luxury square basin No. 4, Nordic square basin No. 5, light luxury square basin No. 5, Nordic square basin No. 6, light luxury square basin No. 6, Nordic square basin No. 7, light luxury square basin No. 7, Nordic square basin No. 8, light luxury square basin No. 8, white hot and cold pull-out faucet, black hot and cold pull-out faucet, gold hot and cold pull-out faucet, white water purifier, black water purifier, gold water purifier, black carved pull-out faucet, silver carved pull-out faucet, gold carved pull-out faucet<\/li>\n<li>\n<strong><\/strong>:<\/li>\n<\/ul>\n<p><img><\/p>","protected":false},"excerpt":{"rendered":"<p>Marca: MDTNOFR Modelo: CF-668898 Origen: China continental Provincia: Provincia de Guangdong Ciudad: Ciudad de Chaozhou N\u00famero de ranuras: 1 Material: cer\u00e1mica Instalaci\u00f3n: debajo del mostrador Tama\u00f1o: 16\/20\/24 Servicio en la ciudad: log\u00edstica intraurbana puerta a puerta<\/p>","protected":false},"featured_media":20980,"comment_status":"open","ping_status":"closed","template":"","meta":[],"product_brand":[],"product_cat":[30971,873],"product_tag":[],"class_list":{"0":"post-20244","1":"product","2":"type-product","3":"status-publish","4":"has-post-thumbnail","6":"product_cat-hp","7":"product_cat-wholesale-kitchen-sink","9":"first","10":"instock","11":"taxable","12":"shipping-taxable","13":"purchasable","14":"product-type-variable"},"_links":{"self":[{"href":"https:\/\/nexgendecors.com\/es\/wp-json\/wp\/v2\/product\/20244","targetHints":{"allow":["GET"]}}],"collection":[{"href":"https:\/\/nexgendecors.com\/es\/wp-json\/wp\/v2\/product"}],"about":[{"href":"https:\/\/nexgendecors.com\/es\/wp-json\/wp\/v2\/types\/product"}],"replies":[{"embeddable":true,"href":"https:\/\/nexgendecors.com\/es\/wp-json\/wp\/v2\/comments?post=20244"}],"version-history":[{"count":0,"href":"https:\/\/nexgendecors.com\/es\/wp-json\/wp\/v2\/product\/20244\/revisions"}],"wp:featuredmedia":[{"embeddable":true,"href":"https:\/\/nexgendecors.com\/es\/wp-json\/wp\/v2\/media\/20980"}],"wp:attachment":[{"href":"https:\/\/nexgendecors.com\/es\/wp-json\/wp\/v2\/media?parent=20244"}],"wp:term":[{"taxonomy":"product_brand","embeddable":true,"href":"https:\/\/nexgendecors.com\/es\/wp-json\/wp\/v2\/product_brand?post=20244"},{"taxonomy":"product_cat","embeddable":true,"href":"https:\/\/nexgendecors.com\/es\/wp-json\/wp\/v2\/product_cat?post=20244"},{"taxonomy":"product_tag","embeddable":true,"href":"https:\/\/nexgendecors.com\/es\/wp-json\/wp\/v2\/product_tag?post=20244"}],"curies":[{"name":"wp","href":"https:\/\/api.w.org\/{rel}","templated":true}]}}