{"id":20336,"date":"2025-01-13T14:50:39","date_gmt":"2025-01-13T14:50:39","guid":{"rendered":"https:\/\/nexgendecors.com\/product\/kabe-black-nano-304-stainless-steel-square-single-sink-bar-island-kitchen-undercounter-small-vegetable-sink\/"},"modified":"2025-04-06T07:43:30","modified_gmt":"2025-04-06T07:43:30","slug":"kabe-black-nano-304-stainless-steel-square-single-sink-bar-island-kitchen-undercounter-small-vegetable-sink","status":"publish","type":"product","link":"https:\/\/nexgendecors.com\/es\/product\/kabe-black-nano-304-stainless-steel-square-single-sink-bar-island-kitchen-undercounter-small-vegetable-sink\/","title":{"rendered":"Fregadero de barra cuadrada de acero inoxidable nano negro Kabe"},"content":{"rendered":"<ul>\n<li>\n<strong>marca<\/strong>:Cobbe<\/li>\n<li>\n<strong>modelo<\/strong>:CC3535A1 Negro<\/li>\n<li>\n<strong>Material<\/strong>:acero inoxidable 304<\/li>\n<li>\n<strong>ordenar por color<\/strong>Acero inoxidable 304 negro con ranura cuadrada peque\u00f1a de 35 x 35 cm | Sin grifo Acero inoxidable 304 negro con ranura cuadrada peque\u00f1a de 35 x 35 cm | Grifo curvo grande Acero inoxidable 304 negro con ranura cuadrada peque\u00f1a de 35 x 35 cm | Grifo extra\u00edble Acero inoxidable 304 negro con ranura cuadrada peque\u00f1a de 40 x 40 cm | Sin grifo Acero inoxidable 304 negro con ranura cuadrada peque\u00f1a de 40 x 40 cm | Grifo curvo grande Acero inoxidable 304 negro con ranura cuadrada peque\u00f1a de 40 x 40 cm | Grifo extra\u00edble<\/li>\n<li>\n<strong>N\u00famero de ranuras<\/strong>:1<\/li>\n<li>\n<strong>tama\u00f1o<\/strong>:400x400x200mm<\/li>\n<\/ul>\n<p><img><\/p>","protected":false},"excerpt":{"rendered":"<p>Marca: Cobbe Modelo: CC3535A1 Negro Material: acero inoxidable 304 Ordenar por color: Negro Ranura cuadrada peque\u00f1a de acero inoxidable 304 35X35cm | Sin grifo Negro<\/p>","protected":false},"featured_media":21045,"comment_status":"open","ping_status":"closed","template":"","meta":[],"product_brand":[],"product_cat":[30971,873],"product_tag":[],"class_list":{"0":"post-20336","1":"product","2":"type-product","3":"status-publish","4":"has-post-thumbnail","6":"product_cat-hp","7":"product_cat-wholesale-kitchen-sink","9":"first","10":"instock","11":"taxable","12":"shipping-taxable","13":"purchasable","14":"product-type-variable"},"_links":{"self":[{"href":"https:\/\/nexgendecors.com\/es\/wp-json\/wp\/v2\/product\/20336","targetHints":{"allow":["GET"]}}],"collection":[{"href":"https:\/\/nexgendecors.com\/es\/wp-json\/wp\/v2\/product"}],"about":[{"href":"https:\/\/nexgendecors.com\/es\/wp-json\/wp\/v2\/types\/product"}],"replies":[{"embeddable":true,"href":"https:\/\/nexgendecors.com\/es\/wp-json\/wp\/v2\/comments?post=20336"}],"version-history":[{"count":0,"href":"https:\/\/nexgendecors.com\/es\/wp-json\/wp\/v2\/product\/20336\/revisions"}],"wp:featuredmedia":[{"embeddable":true,"href":"https:\/\/nexgendecors.com\/es\/wp-json\/wp\/v2\/media\/21045"}],"wp:attachment":[{"href":"https:\/\/nexgendecors.com\/es\/wp-json\/wp\/v2\/media?parent=20336"}],"wp:term":[{"taxonomy":"product_brand","embeddable":true,"href":"https:\/\/nexgendecors.com\/es\/wp-json\/wp\/v2\/product_brand?post=20336"},{"taxonomy":"product_cat","embeddable":true,"href":"https:\/\/nexgendecors.com\/es\/wp-json\/wp\/v2\/product_cat?post=20336"},{"taxonomy":"product_tag","embeddable":true,"href":"https:\/\/nexgendecors.com\/es\/wp-json\/wp\/v2\/product_tag?post=20336"}],"curies":[{"name":"wp","href":"https:\/\/api.w.org\/{rel}","templated":true}]}}