{"id":21259,"date":"2025-01-13T16:15:39","date_gmt":"2025-01-13T16:15:39","guid":{"rendered":"https:\/\/nexgendecors.com\/product\/flush-island-dining-table-integrated-full-rock-board-home-light-retro-style-advanced-travertine-customizable-guide-table-dining-table\/"},"modified":"2025-04-06T07:43:41","modified_gmt":"2025-04-06T07:43:41","slug":"mesa-de-comedor-con-isla-empotrada-integrada-con-tablero-de-roca-completo-luz-de-hogar-estilo-retro-travertino-avanzado-mesa-de-guia-personalizable-mesa-de-comedor","status":"publish","type":"product","link":"https:\/\/nexgendecors.com\/es\/product\/mesa-de-comedor-con-isla-empotrada-integrada-con-tablero-de-roca-completo-luz-de-hogar-estilo-retro-travertino-avanzado-mesa-de-guia-personalizable-mesa-de-comedor\/","title":{"rendered":"Mesa de comedor empotrada con isla: estilo retro y opciones personalizadas"},"content":{"rendered":"<ul>\n<li>\n<strong>estilo<\/strong>:Cl\u00e1sico<\/li>\n<li>\n<strong>marca<\/strong>:Hogar<\/li>\n<li>\n<strong>N\u00famero de producto<\/strong>:QMDT-74<\/li>\n<li>\n<strong>\u00bfEs personalizable?<\/strong>:S\u00ed<\/li>\n<li>\n<strong>forma<\/strong>:rect\u00e1ngulo<\/li>\n<li>\n<strong>Origen<\/strong>:Shunde, Guangdong<\/li>\n<li>\n<strong>Armar<\/strong>:S\u00ed<\/li>\n<li>\n<strong>Material<\/strong>:Tabla de roca<\/li>\n<li>\n<strong>\u00bfEs escalable?<\/strong>:No<\/li>\n<li>\n<strong>M\u00e9todo de elevaci\u00f3n<\/strong>:Tirar con la mano<\/li>\n<li>\n<strong>Material de acabado<\/strong>:Tabla de roca<\/li>\n<li>\n<strong>ordenar por color<\/strong>:[Pista\u2014\u2013CCTV?Exposici\u00f3n?Transmisi\u00f3n?Productos?Marca] Cree en el poder de la marca, rechaza materiales de inferior calidad, disfruta de un dise\u00f1o y dibujo exclusivos uno a uno y admite diversas personalizaciones. Versi\u00f3n de nivel de entrada de 1,8 metros, versi\u00f3n de nivel de entrada de 2,0 metros, versi\u00f3n de nivel de entrada de 2,2 metros, versi\u00f3n de nivel de entrada de 2,4 metros, versi\u00f3n mejorada de 1,8 metros [con toma de corriente], versi\u00f3n mejorada de 2,0 metros [con toma de corriente], versi\u00f3n mejorada de 2,2 metros [con toma de corriente], versi\u00f3n mejorada de 2,4 metros [con toma de corriente], versi\u00f3n de lujo de 1,8 metros [con toma de corriente, tira de luz, fregadero], versi\u00f3n de lujo de 2,0 metros [con toma de corriente, tira de luz, fregadero], versi\u00f3n de lujo de 2,2 metros [con toma de corriente, tira de luz, fregadero], versi\u00f3n de lujo de 2,4 metros [con toma de corriente, tira de luz, fregadero], versi\u00f3n suprema de 1,8 metros [con toma de corriente, tira de luz, fregadero, cocina de inducci\u00f3n], versi\u00f3n suprema de 2,0 metros [con toma de corriente, tira de luz, fregadero, cocina de inducci\u00f3n], versi\u00f3n suprema de 2,2 metros [con toma de corriente, tira de luz, fregadero, cocina de inducci\u00f3n] Modelo supremo de 2,4 metros [con toma de corriente, luz [tira, fregadero, cocina de inducci\u00f3n]<\/li>\n<\/ul>\n<p><img><\/p>","protected":false},"excerpt":{"rendered":"<p>Estilo: Cl\u00e1sico Marca: Hogar N\u00famero de producto: QMDT-74 \u00bfEs personalizable?: S\u00ed Forma: Rect\u00e1ngulo Origen: Shunde, Guangdong Ensamblar: S\u00ed Material: Tablero de roca \u00bfEs escalable?: No M\u00e9todo de elevaci\u00f3n: Tirar a mano Acabado<\/p>","protected":false},"featured_media":21825,"comment_status":"open","ping_status":"closed","template":"","meta":[],"product_brand":[],"product_cat":[30971,871],"product_tag":[],"class_list":{"0":"post-21259","1":"product","2":"type-product","3":"status-publish","4":"has-post-thumbnail","6":"product_cat-hp","7":"product_cat-wholesale-kitchen-table","9":"first","10":"instock","11":"taxable","12":"shipping-taxable","13":"purchasable","14":"product-type-variable"},"_links":{"self":[{"href":"https:\/\/nexgendecors.com\/es\/wp-json\/wp\/v2\/product\/21259","targetHints":{"allow":["GET"]}}],"collection":[{"href":"https:\/\/nexgendecors.com\/es\/wp-json\/wp\/v2\/product"}],"about":[{"href":"https:\/\/nexgendecors.com\/es\/wp-json\/wp\/v2\/types\/product"}],"replies":[{"embeddable":true,"href":"https:\/\/nexgendecors.com\/es\/wp-json\/wp\/v2\/comments?post=21259"}],"version-history":[{"count":0,"href":"https:\/\/nexgendecors.com\/es\/wp-json\/wp\/v2\/product\/21259\/revisions"}],"wp:featuredmedia":[{"embeddable":true,"href":"https:\/\/nexgendecors.com\/es\/wp-json\/wp\/v2\/media\/21825"}],"wp:attachment":[{"href":"https:\/\/nexgendecors.com\/es\/wp-json\/wp\/v2\/media?parent=21259"}],"wp:term":[{"taxonomy":"product_brand","embeddable":true,"href":"https:\/\/nexgendecors.com\/es\/wp-json\/wp\/v2\/product_brand?post=21259"},{"taxonomy":"product_cat","embeddable":true,"href":"https:\/\/nexgendecors.com\/es\/wp-json\/wp\/v2\/product_cat?post=21259"},{"taxonomy":"product_tag","embeddable":true,"href":"https:\/\/nexgendecors.com\/es\/wp-json\/wp\/v2\/product_tag?post=21259"}],"curies":[{"name":"wp","href":"https:\/\/api.w.org\/{rel}","templated":true}]}}