{"id":21295,"date":"2025-01-13T16:15:40","date_gmt":"2025-01-13T16:15:40","guid":{"rendered":"https:\/\/nexgendecors.com\/product\/track-furniture-rock-plate-island-table-dining-table-combination-small-walnut-wood-grain-rock-plate-home-dining-table-integrated\/"},"modified":"2025-04-06T07:43:45","modified_gmt":"2025-04-06T07:43:45","slug":"mesa-de-isla-con-placa-de-roca-para-muebles-de-pista-mesa-de-comedor-combinada-pequena-con-veta-de-madera-de-nogal-mesa-de-comedor-integrada-para-el-hogar-con-placa-de-roca","status":"publish","type":"product","link":"https:\/\/nexgendecors.com\/es\/product\/mesa-de-isla-con-placa-de-roca-para-muebles-de-pista-mesa-de-comedor-combinada-pequena-con-veta-de-madera-de-nogal-mesa-de-comedor-integrada-para-el-hogar-con-placa-de-roca\/","title":{"rendered":"Mesa de comedor con placa de roca de nogal: estilo isle\u00f1o chic"},"content":{"rendered":"<ul>\n<li>\n<strong>estilo<\/strong>:Europa del Norte<\/li>\n<li>\n<strong>marca<\/strong>:Hogar<\/li>\n<li>\n<strong>N\u00famero de producto<\/strong>:QMDT-16<\/li>\n<li>\n<strong>Armar<\/strong>:Asamblea<\/li>\n<li>\n<strong>\u00bfEs escalable?<\/strong>:No<\/li>\n<li>\n<strong>volumen del paquete<\/strong>:0.8<\/li>\n<li>\n<strong>\u00bfEs personalizable?<\/strong>:S\u00ed<\/li>\n<li>\n<strong>Funci\u00f3n<\/strong>:Multifunci\u00f3n<\/li>\n<li>\n<strong>forma<\/strong>:rect\u00e1ngulo<\/li>\n<li>\n<strong>Origen<\/strong>:Shunde, Guangdong<\/li>\n<li>\n<strong>Material<\/strong>:Tabla de roca<\/li>\n<li>\n<strong>Estructura del mobiliario<\/strong>:Estructura<\/li>\n<li>\n<strong>N\u00famero de personas aplicable<\/strong>:Multijugador<\/li>\n<li>\n<strong>provincia<\/strong>:Provincia de Guangdong<\/li>\n<li>\n<strong>M\u00e9todo de elevaci\u00f3n<\/strong>:Tirar con la mano<\/li>\n<li>\n<strong>\u00c1rea de entrega e instalaci\u00f3n<\/strong>:A escala nacional<\/li>\n<li>\n<strong>Material de acabado<\/strong>:Tabla de roca<\/li>\n<li>\n<strong>ordenar por color<\/strong>:[Tracks\u2014\u2013CCTV Exhibition Broadcast Brand] Calidad estrictamente seleccionada, rechazo de materiales inferiores, dise\u00f1o y dibujo exclusivos uno a uno, puede admitir varias personalizaciones Versi\u00f3n de nivel de entrada 2,38 metros Versi\u00f3n de nivel de entrada 2,58 metros Versi\u00f3n de nivel de entrada 2,78 metros Versi\u00f3n de nivel de entrada 2,98 metros Versi\u00f3n mejorada 2,38 metros [con z\u00f3calo de toro] Versi\u00f3n mejorada 2,58 metros [con z\u00f3calo de toro] Versi\u00f3n mejorada 2,78 metros [con z\u00f3calo de toro] Versi\u00f3n mejorada 2,98 metros [con z\u00f3calo de toro] Versi\u00f3n de lujo 2,38 metros [con z\u00f3calo, tira de luz, fregadero] Versi\u00f3n de lujo 2,58 metros [con z\u00f3calo, tira de luz, fregadero] Versi\u00f3n de lujo 2,78 metros [con z\u00f3calo, tira de luz, fregadero] Versi\u00f3n de lujo 2,98 metros [con z\u00f3calo, tira de luz, fregadero]<\/li>\n<\/ul>\n<p><img><\/p>","protected":false},"excerpt":{"rendered":"<p>Estilo: Europa del Norte Marca: Hogar N\u00famero de producto: QMDT-16 Ensamblaje: Ensamblaje \u00bfEs escalable?: no Volumen del paquete: 0.8 \u00bfEs personalizable?: s\u00ed Funci\u00f3n: multifunci\u00f3n Forma: rect\u00e1ngulo Origen: Shunde, Guangdong Material: tablero de roca<\/p>","protected":false},"featured_media":21895,"comment_status":"open","ping_status":"closed","template":"","meta":[],"product_brand":[],"product_cat":[30971,871],"product_tag":[],"class_list":{"0":"post-21295","1":"product","2":"type-product","3":"status-publish","4":"has-post-thumbnail","6":"product_cat-hp","7":"product_cat-wholesale-kitchen-table","9":"first","10":"instock","11":"taxable","12":"shipping-taxable","13":"purchasable","14":"product-type-variable"},"_links":{"self":[{"href":"https:\/\/nexgendecors.com\/es\/wp-json\/wp\/v2\/product\/21295","targetHints":{"allow":["GET"]}}],"collection":[{"href":"https:\/\/nexgendecors.com\/es\/wp-json\/wp\/v2\/product"}],"about":[{"href":"https:\/\/nexgendecors.com\/es\/wp-json\/wp\/v2\/types\/product"}],"replies":[{"embeddable":true,"href":"https:\/\/nexgendecors.com\/es\/wp-json\/wp\/v2\/comments?post=21295"}],"version-history":[{"count":0,"href":"https:\/\/nexgendecors.com\/es\/wp-json\/wp\/v2\/product\/21295\/revisions"}],"wp:featuredmedia":[{"embeddable":true,"href":"https:\/\/nexgendecors.com\/es\/wp-json\/wp\/v2\/media\/21895"}],"wp:attachment":[{"href":"https:\/\/nexgendecors.com\/es\/wp-json\/wp\/v2\/media?parent=21295"}],"wp:term":[{"taxonomy":"product_brand","embeddable":true,"href":"https:\/\/nexgendecors.com\/es\/wp-json\/wp\/v2\/product_brand?post=21295"},{"taxonomy":"product_cat","embeddable":true,"href":"https:\/\/nexgendecors.com\/es\/wp-json\/wp\/v2\/product_cat?post=21295"},{"taxonomy":"product_tag","embeddable":true,"href":"https:\/\/nexgendecors.com\/es\/wp-json\/wp\/v2\/product_tag?post=21295"}],"curies":[{"name":"wp","href":"https:\/\/api.w.org\/{rel}","templated":true}]}}