{"id":21338,"date":"2025-01-13T16:15:43","date_gmt":"2025-01-13T16:15:43","guid":{"rendered":"https:\/\/nexgendecors.com\/product\/island-table-dining-table-integrated-household-rock-plate-guide-cabinet-wood-grain-finished-product-customized-small-kitchen-bar-center-island\/"},"modified":"2025-04-06T07:43:56","modified_gmt":"2025-04-06T07:43:56","slug":"mesa-de-isla-mesa-de-comedor-hogar-integrado-placa-de-roca-gabinete-guia-grano-de-madera-producto-terminado-barra-de-cocina-pequena-personalizada-isla-central","status":"publish","type":"product","link":"https:\/\/nexgendecors.com\/es\/product\/mesa-de-isla-mesa-de-comedor-hogar-integrado-placa-de-roca-gabinete-guia-grano-de-madera-producto-terminado-barra-de-cocina-pequena-personalizada-isla-central\/","title":{"rendered":"Mesa de comedor con veta de madera personalizada e integraci\u00f3n de placa de roca"},"content":{"rendered":"<ul>\n<li>\n<strong>marca<\/strong>:Hogar<\/li>\n<li>\n<strong>N\u00famero de producto<\/strong>:QMDT-04<\/li>\n<li>\n<strong>Armar<\/strong>:Asamblea<\/li>\n<li>\n<strong>\u00bfEs escalable?<\/strong>:S\u00ed<\/li>\n<li>\n<strong>volumen del paquete<\/strong>:0.8<\/li>\n<li>\n<strong>\u00bfEs personalizable?<\/strong>:S\u00ed<\/li>\n<li>\n<strong>Funci\u00f3n<\/strong>:Multifunci\u00f3n<\/li>\n<li>\n<strong>forma<\/strong>:rect\u00e1ngulo<\/li>\n<li>\n<strong>Origen<\/strong>:Shunde, Guangdong<\/li>\n<li>\n<strong>Material<\/strong>:Tabla de roca<\/li>\n<li>\n<strong>Estructura del mobiliario<\/strong>:marco<\/li>\n<li>\n<strong>N\u00famero de personas aplicable<\/strong>:4-6 personas<\/li>\n<li>\n<strong>provincia<\/strong>:Provincia de Guangdong<\/li>\n<li>\n<strong>M\u00e9todo de elevaci\u00f3n<\/strong>:Estirar<\/li>\n<li>\n<strong>\u00c1rea de entrega e instalaci\u00f3n<\/strong>:A escala nacional<\/li>\n<li>\n<strong>Material de acabado<\/strong>:Imitaci\u00f3n de veta de madera<\/li>\n<li>\n<strong>ordenar por color<\/strong>:[Tracks\u2014\u2013CCTV Exhibition Broadcast Brand] Los dise\u00f1adores profesionales proporcionan dibujos uno a uno, tama\u00f1os personalizables [Versi\u00f3n de nivel de entrada 2,38 metros] [Versi\u00f3n de nivel de entrada 2,58 metros] [Versi\u00f3n de nivel de entrada 2,78 metros] [Versi\u00f3n de nivel de entrada 2,98 metros] Versi\u00f3n mejorada 2,38 metros [con z\u00f3calo de toro] Versi\u00f3n mejorada 2,58 metros [con z\u00f3calo de toro] Versi\u00f3n mejorada 2,78 metros [con z\u00f3calo de toro] Versi\u00f3n mejorada 2,98 metros [con z\u00f3calo de toro] Versi\u00f3n de lujo 2,38 metros [con z\u00f3calo, tira de luz, fregadero] Versi\u00f3n de lujo 2,58 metros [con z\u00f3calo, tira de luz, fregadero] Versi\u00f3n de lujo 2,78 metros [con z\u00f3calo, tira de luz, fregadero] Versi\u00f3n de lujo 2,98 metros [con z\u00f3calo, tira de luz, fregadero]<\/li>\n<li>\n<strong><\/strong>:<\/li>\n<\/ul>\n<p><img><\/p>","protected":false},"excerpt":{"rendered":"<p>Marca: Inicio N\u00famero de producto: QMDT-04 Ensamblaje: Ensamblaje \u00bfEs escalable?: s\u00ed Volumen del paquete: 0.8 \u00bfEs personalizable?: s\u00ed Funci\u00f3n: Multifunci\u00f3n Forma: Rect\u00e1ngulo Origen: Shunde, Guangdong Material: Tablero de roca Estructura del mueble: Marco<\/p>","protected":false},"featured_media":21932,"comment_status":"open","ping_status":"closed","template":"","meta":[],"product_brand":[],"product_cat":[30971,871],"product_tag":[],"class_list":{"0":"post-21338","1":"product","2":"type-product","3":"status-publish","4":"has-post-thumbnail","6":"product_cat-hp","7":"product_cat-wholesale-kitchen-table","9":"first","10":"instock","11":"taxable","12":"shipping-taxable","13":"purchasable","14":"product-type-variable"},"_links":{"self":[{"href":"https:\/\/nexgendecors.com\/es\/wp-json\/wp\/v2\/product\/21338","targetHints":{"allow":["GET"]}}],"collection":[{"href":"https:\/\/nexgendecors.com\/es\/wp-json\/wp\/v2\/product"}],"about":[{"href":"https:\/\/nexgendecors.com\/es\/wp-json\/wp\/v2\/types\/product"}],"replies":[{"embeddable":true,"href":"https:\/\/nexgendecors.com\/es\/wp-json\/wp\/v2\/comments?post=21338"}],"version-history":[{"count":0,"href":"https:\/\/nexgendecors.com\/es\/wp-json\/wp\/v2\/product\/21338\/revisions"}],"wp:featuredmedia":[{"embeddable":true,"href":"https:\/\/nexgendecors.com\/es\/wp-json\/wp\/v2\/media\/21932"}],"wp:attachment":[{"href":"https:\/\/nexgendecors.com\/es\/wp-json\/wp\/v2\/media?parent=21338"}],"wp:term":[{"taxonomy":"product_brand","embeddable":true,"href":"https:\/\/nexgendecors.com\/es\/wp-json\/wp\/v2\/product_brand?post=21338"},{"taxonomy":"product_cat","embeddable":true,"href":"https:\/\/nexgendecors.com\/es\/wp-json\/wp\/v2\/product_cat?post=21338"},{"taxonomy":"product_tag","embeddable":true,"href":"https:\/\/nexgendecors.com\/es\/wp-json\/wp\/v2\/product_tag?post=21338"}],"curies":[{"name":"wp","href":"https:\/\/api.w.org\/{rel}","templated":true}]}}