{"id":21433,"date":"2025-01-13T16:15:47","date_gmt":"2025-01-13T16:15:47","guid":{"rendered":"https:\/\/nexgendecors.com\/product\/inverted-dining-table-integrated-suspended-retro-style-open-multifunctional-full-rock-board-high-end-customized-island-table-plus-dining-table\/"},"modified":"2025-03-08T13:23:01","modified_gmt":"2025-03-08T13:23:01","slug":"inverted-dining-table-integrated-suspended-retro-style-open-multifunctional-full-rock-board-high-end-customized-island-table-plus-dining-table","status":"publish","type":"product","link":"https:\/\/nexgendecors.com\/es\/product\/inverted-dining-table-integrated-suspended-retro-style-open-multifunctional-full-rock-board-high-end-customized-island-table-plus-dining-table\/","title":{"rendered":"Mesa de comedor retro multifuncional con isla: dise\u00f1o personalizado"},"content":{"rendered":"<ul>\n<li>\n<strong>estilo<\/strong>:Cl\u00e1sico<\/li>\n<li>\n<strong>marca<\/strong>:Hogar<\/li>\n<li>\n<strong>N\u00famero de producto<\/strong>:QMDT-54<\/li>\n<li>\n<strong>\u00bfEs personalizable?<\/strong>:S\u00ed<\/li>\n<li>\n<strong>forma<\/strong>:L-type<\/li>\n<li>\n<strong>Origen<\/strong>:Shunde, Guangdong<\/li>\n<li>\n<strong>Armar<\/strong>:Asamblea<\/li>\n<li>\n<strong>Material<\/strong>:Tabla de roca<\/li>\n<li>\n<strong>\u00bfEs escalable?<\/strong>:S\u00ed<\/li>\n<li>\n<strong>M\u00e9todo de elevaci\u00f3n<\/strong>:Tirar con la mano<\/li>\n<li>\n<strong>Material de acabado<\/strong>:Tabla de roca<\/li>\n<li>\n<strong>ordenar por color<\/strong>:[Tracks&#8212;&#8211;CCTV Exhibition Broadcasting Brand] Believe in the power of the brand, reject inferior materials, enjoy exclusive one-to-one design and drawing, and support various customized basic models [island 1.4*0.7, dining table 1.58*0.7] Upgraded models [island 1.4*0.7, dining table 1.58*0.7+Bull track socket] Deluxe models [island 1.4*0.7, dining table 1.58*0.7+Bull track socket+light strip+sink]<\/li>\n<\/ul>\n<p><img><\/p>","protected":false},"excerpt":{"rendered":"<p>Estilo: Cl\u00e1sico Marca: Hogar N\u00famero de producto: QMDT-54 \u00bfEs personalizable?: S\u00ed Forma: Tipo L Origen: Shunde, Guangdong Ensamblaje: Ensamblaje Material: Tablero de roca \u00bfEs escalable?: S\u00ed M\u00e9todo de elevaci\u00f3n: Tirar a mano Acabado<\/p>","protected":false},"featured_media":22052,"comment_status":"open","ping_status":"closed","template":"","meta":[],"product_brand":[],"product_cat":[30971,871],"product_tag":[],"class_list":{"0":"post-21433","1":"product","2":"type-product","3":"status-publish","4":"has-post-thumbnail","6":"product_cat-hp","7":"product_cat-wholesale-kitchen-table","9":"first","10":"instock","11":"taxable","12":"shipping-taxable","13":"purchasable","14":"product-type-variable"},"_links":{"self":[{"href":"https:\/\/nexgendecors.com\/es\/wp-json\/wp\/v2\/product\/21433","targetHints":{"allow":["GET"]}}],"collection":[{"href":"https:\/\/nexgendecors.com\/es\/wp-json\/wp\/v2\/product"}],"about":[{"href":"https:\/\/nexgendecors.com\/es\/wp-json\/wp\/v2\/types\/product"}],"replies":[{"embeddable":true,"href":"https:\/\/nexgendecors.com\/es\/wp-json\/wp\/v2\/comments?post=21433"}],"version-history":[{"count":0,"href":"https:\/\/nexgendecors.com\/es\/wp-json\/wp\/v2\/product\/21433\/revisions"}],"wp:featuredmedia":[{"embeddable":true,"href":"https:\/\/nexgendecors.com\/es\/wp-json\/wp\/v2\/media\/22052"}],"wp:attachment":[{"href":"https:\/\/nexgendecors.com\/es\/wp-json\/wp\/v2\/media?parent=21433"}],"wp:term":[{"taxonomy":"product_brand","embeddable":true,"href":"https:\/\/nexgendecors.com\/es\/wp-json\/wp\/v2\/product_brand?post=21433"},{"taxonomy":"product_cat","embeddable":true,"href":"https:\/\/nexgendecors.com\/es\/wp-json\/wp\/v2\/product_cat?post=21433"},{"taxonomy":"product_tag","embeddable":true,"href":"https:\/\/nexgendecors.com\/es\/wp-json\/wp\/v2\/product_tag?post=21433"}],"curies":[{"name":"wp","href":"https:\/\/api.w.org\/{rel}","templated":true}]}}