{"id":21460,"date":"2025-01-13T16:15:48","date_gmt":"2025-01-13T16:15:48","guid":{"rendered":"https:\/\/nexgendecors.com\/product\/island-table-integrated-modern-simple-creative-open-multifunctional-rock-plate-custom-restaurant-bar-center-island\/"},"modified":"2025-04-06T07:44:15","modified_gmt":"2025-04-06T07:44:15","slug":"mesa-de-isla-integrada-moderna-simple-creativa-abierta-multifuncional-placa-de-roca-personalizada-restaurante-bar-centro-isla","status":"publish","type":"product","link":"https:\/\/nexgendecors.com\/es\/product\/mesa-de-isla-integrada-moderna-simple-creativa-abierta-multifuncional-placa-de-roca-personalizada-restaurante-bar-centro-isla\/","title":{"rendered":"Mesa de isla Rock Plate multifuncional y elegante para bares"},"content":{"rendered":"<ul>\n<li>\n<strong>estilo<\/strong>:Cl\u00e1sico<\/li>\n<li>\n<strong>marca<\/strong>:Hogar<\/li>\n<li>\n<strong>N\u00famero de producto<\/strong>:QMDT-47<\/li>\n<li>\n<strong>Armar<\/strong>:Asamblea<\/li>\n<li>\n<strong>\u00bfEs escalable?<\/strong>:S\u00ed<\/li>\n<li>\n<strong>volumen del paquete<\/strong>:1.2<\/li>\n<li>\n<strong>\u00bfEs personalizable?<\/strong>:S\u00ed<\/li>\n<li>\n<strong>Funci\u00f3n<\/strong>:Multifunci\u00f3n<\/li>\n<li>\n<strong>forma<\/strong>:rect\u00e1ngulo<\/li>\n<li>\n<strong>Origen<\/strong>:Shunde, Guangdong<\/li>\n<li>\n<strong>Material<\/strong>:Tabla de roca<\/li>\n<li>\n<strong>Estructura del mobiliario<\/strong>:Estructura<\/li>\n<li>\n<strong>N\u00famero de personas aplicable<\/strong>:Multijugador<\/li>\n<li>\n<strong>M\u00e9todo de elevaci\u00f3n<\/strong>:Tirar con la mano<\/li>\n<li>\n<strong>\u00c1rea de entrega e instalaci\u00f3n<\/strong>:A escala nacional<\/li>\n<li>\n<strong>Material de acabado<\/strong>:Tabla de roca<\/li>\n<li>\n<strong>ordenar por color<\/strong>:[Pista \u2014 CCTV, exposici\u00f3n, transmisi\u00f3n, producto, marca] Cree en el poder de la marca, rechace materiales inferiores, dise\u00f1o y dibujo exclusivos uno a uno, puede admitir varias personalizaciones, versi\u00f3n de nivel de entrada 2,58 metros, versi\u00f3n de nivel de entrada 2,78 metros, versi\u00f3n de nivel de entrada 2,98 metros, versi\u00f3n de nivel de entrada 3,18 metros, versi\u00f3n mejorada 2,58 metros [con z\u00f3calo de toro], versi\u00f3n mejorada 2,78 metros [con z\u00f3calo de toro], versi\u00f3n mejorada 2,98 metros [con z\u00f3calo de toro], versi\u00f3n mejorada 3,18 metros [con z\u00f3calo de toro], versi\u00f3n de lujo 2,58 metros [con z\u00f3calo de toro + fregadero + tira de luz], versi\u00f3n de lujo 2,78 metros [con z\u00f3calo de toro + fregadero + tira de luz], versi\u00f3n de lujo 2,98 metros [con z\u00f3calo de toro + fregadero + tira de luz], versi\u00f3n de lujo 3,18 metros [con z\u00f3calo de toro + fregadero + tira de luz]<\/li>\n<li>\n<strong><\/strong>:<\/li>\n<\/ul>","protected":false},"excerpt":{"rendered":"<p>Estilo: Cl\u00e1sico Marca: Hogar N\u00famero de producto: QMDT-47 Ensamblaje: Ensamblaje \u00bfEs escalable?: s\u00ed Volumen del paquete: 1.2 \u00bfEs personalizable?: s\u00ed Funci\u00f3n: Multifunci\u00f3n Forma: Rect\u00e1ngulo Origen: Shunde, Guangdong Material: Muebles de tablero de roca<\/p>","protected":false},"featured_media":22093,"comment_status":"open","ping_status":"closed","template":"","meta":[],"product_brand":[],"product_cat":[30971,871],"product_tag":[],"class_list":{"0":"post-21460","1":"product","2":"type-product","3":"status-publish","4":"has-post-thumbnail","6":"product_cat-hp","7":"product_cat-wholesale-kitchen-table","9":"first","10":"instock","11":"taxable","12":"shipping-taxable","13":"purchasable","14":"product-type-variable"},"_links":{"self":[{"href":"https:\/\/nexgendecors.com\/es\/wp-json\/wp\/v2\/product\/21460","targetHints":{"allow":["GET"]}}],"collection":[{"href":"https:\/\/nexgendecors.com\/es\/wp-json\/wp\/v2\/product"}],"about":[{"href":"https:\/\/nexgendecors.com\/es\/wp-json\/wp\/v2\/types\/product"}],"replies":[{"embeddable":true,"href":"https:\/\/nexgendecors.com\/es\/wp-json\/wp\/v2\/comments?post=21460"}],"version-history":[{"count":0,"href":"https:\/\/nexgendecors.com\/es\/wp-json\/wp\/v2\/product\/21460\/revisions"}],"wp:featuredmedia":[{"embeddable":true,"href":"https:\/\/nexgendecors.com\/es\/wp-json\/wp\/v2\/media\/22093"}],"wp:attachment":[{"href":"https:\/\/nexgendecors.com\/es\/wp-json\/wp\/v2\/media?parent=21460"}],"wp:term":[{"taxonomy":"product_brand","embeddable":true,"href":"https:\/\/nexgendecors.com\/es\/wp-json\/wp\/v2\/product_brand?post=21460"},{"taxonomy":"product_cat","embeddable":true,"href":"https:\/\/nexgendecors.com\/es\/wp-json\/wp\/v2\/product_cat?post=21460"},{"taxonomy":"product_tag","embeddable":true,"href":"https:\/\/nexgendecors.com\/es\/wp-json\/wp\/v2\/product_tag?post=21460"}],"curies":[{"name":"wp","href":"https:\/\/api.w.org\/{rel}","templated":true}]}}