{"id":21566,"date":"2025-01-13T16:15:53","date_gmt":"2025-01-13T16:15:53","guid":{"rendered":"https:\/\/nexgendecors.com\/product\/new-rock-island-table-dining-table-integrated-kitchen-home-luxury-stone-guide-inverted-countertop-desktop-custom-rock-plate-restaurant-center-island\/"},"modified":"2025-04-06T07:44:23","modified_gmt":"2025-04-06T07:44:23","slug":"nueva-mesa-de-isla-de-roca-mesa-de-comedor-integrada-para-cocina-hogar-guia-de-piedra-de-lujo-encimera-invertida-escritorio-placa-de-roca-personalizada-restaurante-isla-central","status":"publish","type":"product","link":"https:\/\/nexgendecors.com\/es\/product\/nueva-mesa-de-isla-de-roca-mesa-de-comedor-integrada-para-cocina-hogar-guia-de-piedra-de-lujo-encimera-invertida-escritorio-placa-de-roca-personalizada-restaurante-isla-central\/","title":{"rendered":"Mesa de comedor de lujo Rock Island con tablero de piedra"},"content":{"rendered":"<ul>\n<li>\n<strong>marca<\/strong>:Megalec<\/li>\n<li>\n<strong>N\u00famero de producto<\/strong>:D024<\/li>\n<li>\n<strong>Funci\u00f3n<\/strong>:personalizable<\/li>\n<li>\n<strong>Material<\/strong>:Tabla de roca<\/li>\n<li>\n<strong>estilo<\/strong>:Simple y moderno<\/li>\n<li>\n<strong>forma<\/strong>:rect\u00e1ngulo<\/li>\n<li>\n<strong>Origen<\/strong>:Foshan<\/li>\n<li>\n<strong>N\u00famero de personas aplicable<\/strong>:Multijugador<\/li>\n<li>\n<strong>elementos populares<\/strong>:Tabla de roca<\/li>\n<li>\n<strong>ordenar por color<\/strong>:Mesa de comedor con isla b\u00e1sica de 2,38 m [con almacenamiento, sin enchufe] (recomendada para apartamentos peque\u00f1os de 4 plazas) Mesa de comedor con isla b\u00e1sica de 2,58 m [con almacenamiento, sin enchufe] (recomendada para apartamentos peque\u00f1os de 4 plazas) Mesa de comedor con isla b\u00e1sica de 2,78 m [con almacenamiento, sin enchufe] (recomendada para apartamentos medianos de 6 plazas) Mesa de comedor con isla b\u00e1sica de 2,98 m [con almacenamiento, sin enchufe] (recomendada para apartamentos grandes de 8 plazas) Mesa de comedor con isla mejorada de 2,38 m [con almacenamiento, telesc\u00f3pica, con enchufe] (recomendada para apartamentos peque\u00f1os de 4 plazas) Mesa de comedor con isla mejorada de 2,58 m [con almacenamiento, telesc\u00f3pica, con enchufe] (recomendada para apartamentos peque\u00f1os de 4 plazas) Mesa de comedor con isla mejorada de 2,78 m [con almacenamiento, telesc\u00f3pica, con enchufe] (recomendada para apartamentos medianos de 6 plazas) Mesa de comedor con isla mejorada de 2,98 m [con almacenamiento, Mesa de comedor con isla Deluxe de 2,38 m [con espacio de almacenamiento, telesc\u00f3pica, cocina de inducci\u00f3n y enchufe] (recomendada para apartamentos peque\u00f1os de 4 plazas) Mesa de comedor con isla Deluxe de 2,58 m [con espacio de almacenamiento, telesc\u00f3pica, cocina de inducci\u00f3n y enchufe] (recomendada para apartamentos peque\u00f1os de 4 plazas) Mesa de comedor con isla Deluxe de 2,78 m [con espacio de almacenamiento, telesc\u00f3pica, cocina de inducci\u00f3n y enchufe] (recomendada para apartamentos medianos de 6 plazas) Mesa de comedor con isla Deluxe de 2,98 m [con espacio de almacenamiento, telesc\u00f3pica, cocina de inducci\u00f3n y enchufe] (recomendada para apartamentos grandes de 8 plazas) Mesa de comedor con isla Flagship de 2,38 m [con espacio de almacenamiento, telesc\u00f3pica, fregadero y enchufe] (recomendada para apartamentos peque\u00f1os de 4 plazas) Mesa de comedor con isla Flagship de 2,58 m [con espacio de almacenamiento, telesc\u00f3pica, fregadero y enchufe] (recomendada para apartamentos peque\u00f1os de 4 plazas) Mesa de comedor con isla Flagship de 2,78 m [con espacio de almacenamiento, telesc\u00f3pica, fregadero y enchufe] (recomendada para apartamentos medianos de 6 plazas). Mesa de comedor con isla Flagship de 2,98 m [con espacio de almacenamiento, telesc\u00f3pica, fregadero y enchufe] (recomendada para apartamentos grandes de 8 plazas). Mesa de comedor con isla Supreme de 2,38 m [con espacio de almacenamiento, telesc\u00f3pica, fregadero, cocina de inducci\u00f3n, enchufe y tira de luz] (recomendada para apartamentos peque\u00f1os de 4 plazas). Mesa de comedor con isla Supreme de 2,58 m [con espacio de almacenamiento, telesc\u00f3pica, fregadero, cocina de inducci\u00f3n, enchufe y tira de luz] (recomendada para apartamentos peque\u00f1os de 4 plazas). Mesa de comedor con isla Supreme de 2,78 m [con espacio de almacenamiento, telesc\u00f3pica, fregadero, cocina de inducci\u00f3n, enchufe y tira de luz] (recomendada para apartamentos medianos de 6 plazas). Mesa de comedor con isla Supreme de 2,98 m [con espacio de almacenamiento, telesc\u00f3pica, fregadero, cocina de inducci\u00f3n, enchufe y tira de luz] (recomendada para apartamentos grandes de 8 plazas). Para personalizaci\u00f3n, comun\u00edquese con el servicio de atenci\u00f3n al cliente.<\/li>\n<li>\n<strong>\u00bfEs escalable?<\/strong>:No<\/li>\n<li>\n<strong>\u00bfEs personalizable?<\/strong>:S\u00ed<\/li>\n<li>\n<strong>Estructura del mobiliario<\/strong>:Estructura de acero<\/li>\n<li>\n<strong>\u00c1rea de entrega e instalaci\u00f3n<\/strong>:A escala nacional<\/li>\n<li>\n<strong>provincia<\/strong>:Provincia de Guangdong<\/li>\n<li>\n<strong>Armar<\/strong>:Asamblea<\/li>\n<li>\n<strong>volumen del paquete<\/strong>:2.2<\/li>\n<li>\n<strong>M\u00e9todo de elevaci\u00f3n<\/strong>:Tirar con la mano<\/li>\n<li>\n<strong>Material de acabado<\/strong>:Tabla de roca<\/li>\n<li>\n<strong><\/strong>:<\/li>\n<\/ul>\n<p><img><\/p>","protected":false},"excerpt":{"rendered":"<p>Marca: Megalec N\u00famero de producto: D024 Funci\u00f3n: personalizable Material: tablero de roca Estilo: simple y moderno Forma: rect\u00e1ngulo Origen: Foshan N\u00famero aplicable de personas: multijugador Elementos populares: tablero de roca Ordenar por<\/p>","protected":false},"featured_media":22184,"comment_status":"open","ping_status":"closed","template":"","meta":[],"product_brand":[],"product_cat":[30971,871],"product_tag":[],"class_list":{"0":"post-21566","1":"product","2":"type-product","3":"status-publish","4":"has-post-thumbnail","6":"product_cat-hp","7":"product_cat-wholesale-kitchen-table","9":"first","10":"instock","11":"taxable","12":"shipping-taxable","13":"purchasable","14":"product-type-variable"},"_links":{"self":[{"href":"https:\/\/nexgendecors.com\/es\/wp-json\/wp\/v2\/product\/21566","targetHints":{"allow":["GET"]}}],"collection":[{"href":"https:\/\/nexgendecors.com\/es\/wp-json\/wp\/v2\/product"}],"about":[{"href":"https:\/\/nexgendecors.com\/es\/wp-json\/wp\/v2\/types\/product"}],"replies":[{"embeddable":true,"href":"https:\/\/nexgendecors.com\/es\/wp-json\/wp\/v2\/comments?post=21566"}],"version-history":[{"count":0,"href":"https:\/\/nexgendecors.com\/es\/wp-json\/wp\/v2\/product\/21566\/revisions"}],"wp:featuredmedia":[{"embeddable":true,"href":"https:\/\/nexgendecors.com\/es\/wp-json\/wp\/v2\/media\/22184"}],"wp:attachment":[{"href":"https:\/\/nexgendecors.com\/es\/wp-json\/wp\/v2\/media?parent=21566"}],"wp:term":[{"taxonomy":"product_brand","embeddable":true,"href":"https:\/\/nexgendecors.com\/es\/wp-json\/wp\/v2\/product_brand?post=21566"},{"taxonomy":"product_cat","embeddable":true,"href":"https:\/\/nexgendecors.com\/es\/wp-json\/wp\/v2\/product_cat?post=21566"},{"taxonomy":"product_tag","embeddable":true,"href":"https:\/\/nexgendecors.com\/es\/wp-json\/wp\/v2\/product_tag?post=21566"}],"curies":[{"name":"wp","href":"https:\/\/api.w.org\/{rel}","templated":true}]}}