{"id":21588,"date":"2025-01-13T16:15:55","date_gmt":"2025-01-13T16:15:55","guid":{"rendered":"https:\/\/nexgendecors.com\/product\/storage-style-household-customizable-multifunctional-high-end-open-kitchen-wood-grain-staggered-island-table-sink-integrated\/"},"modified":"2025-04-06T07:44:27","modified_gmt":"2025-04-06T07:44:27","slug":"estilo-de-almacenamiento-hogar-personalizable-multifuncional-de-alta-gama-cocina-abierta-veta-de-madera-escalonada-isla-mesa-fregadero-integrado","status":"publish","type":"product","link":"https:\/\/nexgendecors.com\/es\/product\/estilo-de-almacenamiento-hogar-personalizable-multifuncional-de-alta-gama-cocina-abierta-veta-de-madera-escalonada-isla-mesa-fregadero-integrado\/","title":{"rendered":"Isla de cocina de lujo personalizable con veta de madera y fregadero"},"content":{"rendered":"<ul>\n<li>\n<strong>marca<\/strong>:Megalec<\/li>\n<li>\n<strong>N\u00famero de producto<\/strong>:D028-3<\/li>\n<li>\n<strong>Funci\u00f3n<\/strong>:personalizable<\/li>\n<li>\n<strong>Material<\/strong>:Tabla de roca<\/li>\n<li>\n<strong>estilo<\/strong>:Moderno y sencillo<\/li>\n<li>\n<strong>forma<\/strong>:rect\u00e1ngulo<\/li>\n<li>\n<strong>Origen<\/strong>:Foshan<\/li>\n<li>\n<strong>N\u00famero de personas aplicable<\/strong>:4-8<\/li>\n<li>\n<strong>elementos populares<\/strong>:Tabla de roca<\/li>\n<li>\n<strong>ordenar por color<\/strong>:Mesa de comedor con isla b\u00e1sica de 2,38 m [con almacenamiento, sin enchufe] (recomendada para apartamentos peque\u00f1os de 4 plazas) Mesa de comedor con isla b\u00e1sica de 2,58 m [con almacenamiento, sin enchufe] (recomendada para apartamentos peque\u00f1os de 4 plazas) Mesa de comedor con isla b\u00e1sica de 2,78 m [con almacenamiento, sin enchufe] (recomendada para apartamentos medianos de 6 plazas) Mesa de comedor con isla b\u00e1sica de 2,98 m [con almacenamiento, sin enchufe] (recomendada para apartamentos grandes de 8 plazas) Mesa de comedor con isla mejorada de 2,38 m [con almacenamiento, telesc\u00f3pica, con enchufe] (recomendada para apartamentos peque\u00f1os de 4 plazas) Mesa de comedor con isla mejorada de 2,58 m [con almacenamiento, telesc\u00f3pica, con enchufe] (recomendada para apartamentos peque\u00f1os de 4 plazas) Mesa de comedor con isla mejorada de 2,78 m [con almacenamiento, telesc\u00f3pica, con enchufe] (recomendada para apartamentos medianos de 6 plazas) Mesa de comedor con isla mejorada de 2,98 m [con almacenamiento, Mesa de comedor con isla Deluxe de 2,38 m [con espacio de almacenamiento, telesc\u00f3pica, cocina de inducci\u00f3n y enchufe] (recomendada para apartamentos peque\u00f1os de 4 plazas) Mesa de comedor con isla Deluxe de 2,58 m [con espacio de almacenamiento, telesc\u00f3pica, cocina de inducci\u00f3n y enchufe] (recomendada para apartamentos peque\u00f1os de 4 plazas) Mesa de comedor con isla Deluxe de 2,78 m [con espacio de almacenamiento, telesc\u00f3pica, cocina de inducci\u00f3n y enchufe] (recomendada para apartamentos medianos de 6 plazas) Mesa de comedor con isla Deluxe de 2,98 m [con espacio de almacenamiento, telesc\u00f3pica, cocina de inducci\u00f3n y enchufe] (recomendada para apartamentos grandes de 8 plazas) Mesa de comedor con isla Flagship de 2,38 m [con espacio de almacenamiento, telesc\u00f3pica, fregadero y enchufe] (recomendada para apartamentos peque\u00f1os de 4 plazas) Mesa de comedor con isla Flagship de 2,58 m [con espacio de almacenamiento, telesc\u00f3pica, fregadero y enchufe] (recomendada para apartamentos peque\u00f1os de 4 plazas) Mesa de comedor con isla Flagship de 2,78 m [con espacio de almacenamiento, telesc\u00f3pica, fregadero y enchufe] (recomendada para apartamentos medianos de 6 plazas). Mesa de comedor con isla Flagship de 2,98 m [con espacio de almacenamiento, telesc\u00f3pica, fregadero y enchufe] (recomendada para apartamentos grandes de 8 plazas). Mesa de comedor con isla Supreme de 2,38 m [con espacio de almacenamiento, telesc\u00f3pica, fregadero, cocina de inducci\u00f3n, enchufe y tira de luz] (recomendada para apartamentos peque\u00f1os de 4 plazas). Mesa de comedor con isla Supreme de 2,58 m [con espacio de almacenamiento, telesc\u00f3pica, fregadero, cocina de inducci\u00f3n, enchufe y tira de luz] (recomendada para apartamentos peque\u00f1os de 4 plazas). Mesa de comedor con isla Supreme de 2,78 m [con espacio de almacenamiento, telesc\u00f3pica, fregadero, cocina de inducci\u00f3n, enchufe y tira de luz] (recomendada para apartamentos medianos de 6 plazas). Mesa de comedor con isla Supreme de 2,98 m [con espacio de almacenamiento, telesc\u00f3pica, fregadero, cocina de inducci\u00f3n, enchufe y tira de luz] (recomendada para apartamentos grandes de 8 plazas). Para personalizaci\u00f3n, comun\u00edquese con el servicio de atenci\u00f3n al cliente.<\/li>\n<li>\n<strong>\u00bfEs escalable?<\/strong>:No<\/li>\n<li>\n<strong>\u00bfEs personalizable?<\/strong>:S\u00ed<\/li>\n<li>\n<strong>Estructura del mobiliario<\/strong>:Estructura de acero<\/li>\n<li>\n<strong>\u00c1rea de entrega e instalaci\u00f3n<\/strong>:A escala nacional<\/li>\n<li>\n<strong>provincia<\/strong>:Provincia de Guangdong<\/li>\n<li>\n<strong>Armar<\/strong>:Asamblea<\/li>\n<li>\n<strong>volumen del paquete<\/strong>:3<\/li>\n<li>\n<strong>M\u00e9todo de elevaci\u00f3n<\/strong>:Tirar con la mano<\/li>\n<li>\n<strong>Material de acabado<\/strong>:Tabla de roca<\/li>\n<li>\n<strong><\/strong>:<\/li>\n<\/ul>","protected":false},"excerpt":{"rendered":"<p>Marca: Megalec N\u00famero de producto: D028-3 Funci\u00f3n: personalizable Material: tablero de roca Estilo: moderno y simple Forma: rect\u00e1ngulo Origen: Foshan N\u00famero aplicable de personas: 4-8 Elementos populares: tablero de roca Ordenar por<\/p>","protected":false},"featured_media":22198,"comment_status":"open","ping_status":"closed","template":"","meta":[],"product_brand":[],"product_cat":[30971,871],"product_tag":[],"class_list":{"0":"post-21588","1":"product","2":"type-product","3":"status-publish","4":"has-post-thumbnail","6":"product_cat-hp","7":"product_cat-wholesale-kitchen-table","9":"first","10":"instock","11":"taxable","12":"shipping-taxable","13":"purchasable","14":"product-type-variable"},"_links":{"self":[{"href":"https:\/\/nexgendecors.com\/es\/wp-json\/wp\/v2\/product\/21588","targetHints":{"allow":["GET"]}}],"collection":[{"href":"https:\/\/nexgendecors.com\/es\/wp-json\/wp\/v2\/product"}],"about":[{"href":"https:\/\/nexgendecors.com\/es\/wp-json\/wp\/v2\/types\/product"}],"replies":[{"embeddable":true,"href":"https:\/\/nexgendecors.com\/es\/wp-json\/wp\/v2\/comments?post=21588"}],"version-history":[{"count":0,"href":"https:\/\/nexgendecors.com\/es\/wp-json\/wp\/v2\/product\/21588\/revisions"}],"wp:featuredmedia":[{"embeddable":true,"href":"https:\/\/nexgendecors.com\/es\/wp-json\/wp\/v2\/media\/22198"}],"wp:attachment":[{"href":"https:\/\/nexgendecors.com\/es\/wp-json\/wp\/v2\/media?parent=21588"}],"wp:term":[{"taxonomy":"product_brand","embeddable":true,"href":"https:\/\/nexgendecors.com\/es\/wp-json\/wp\/v2\/product_brand?post=21588"},{"taxonomy":"product_cat","embeddable":true,"href":"https:\/\/nexgendecors.com\/es\/wp-json\/wp\/v2\/product_cat?post=21588"},{"taxonomy":"product_tag","embeddable":true,"href":"https:\/\/nexgendecors.com\/es\/wp-json\/wp\/v2\/product_tag?post=21588"}],"curies":[{"name":"wp","href":"https:\/\/api.w.org\/{rel}","templated":true}]}}