{"id":21624,"date":"2025-01-13T16:15:56","date_gmt":"2025-01-13T16:15:56","guid":{"rendered":"https:\/\/nexgendecors.com\/product\/island-table-dining-table-integrated-household-rock-slab-french-light-luxury-island-cabinet-can-be-customized-retractable-small-kitchen-bar\/"},"modified":"2025-04-06T07:44:34","modified_gmt":"2025-04-06T07:44:34","slug":"mesa-de-isla-para-comedor-integrada-en-el-hogar-con-losa-de-roca-estilo-frances-con-luz-de-lujo-con-mueble-isla-personalizable-barra-de-cocina-pequena-retractil","status":"publish","type":"product","link":"https:\/\/nexgendecors.com\/es\/product\/mesa-de-isla-para-comedor-integrada-en-el-hogar-con-losa-de-roca-estilo-frances-con-luz-de-lujo-con-mueble-isla-personalizable-barra-de-cocina-pequena-retractil\/","title":{"rendered":"Mesa de comedor integrada de lujo con luz francesa"},"content":{"rendered":"<ul>\n<li>\n<strong>marca<\/strong>:Megalec<\/li>\n<li>\n<strong>N\u00famero de producto<\/strong>:D066<\/li>\n<li>\n<strong>Funci\u00f3n<\/strong>:personalizable<\/li>\n<li>\n<strong>Material<\/strong>:Tabla de roca<\/li>\n<li>\n<strong>estilo<\/strong>:Estilo minimalista natural<\/li>\n<li>\n<strong>forma<\/strong>:rect\u00e1ngulo<\/li>\n<li>\n<strong>Origen<\/strong>:Foshan<\/li>\n<li>\n<strong>N\u00famero de personas aplicable<\/strong>:Multijugador<\/li>\n<li>\n<strong>elementos populares<\/strong>:Tabla de roca<\/li>\n<li>\n<strong>ordenar por color<\/strong>:[Modelo b\u00e1sico] Nueva mesa de comedor de isla de 2,58 m con tablero de roca antibacteriano con tecnolog\u00eda de iones de plata nano mejorada (con almacenamiento, sin enchufes, sin tiras de luz) [Modelo b\u00e1sico] Nueva mesa de comedor de isla de 2,78 m con tablero de roca antibacteriano con tecnolog\u00eda de iones de plata nano mejorada (con almacenamiento, sin enchufes, sin tiras de luz) [Modelo b\u00e1sico] Nueva mesa de comedor de isla de 2,98 m con tablero de roca antibacteriano con tecnolog\u00eda de iones de plata nano mejorada (con almacenamiento, sin enchufes, sin tiras de luz) [Modelo b\u00e1sico] Nueva mesa de comedor de isla de 3,18 m con tablero de roca antibacteriano con tecnolog\u00eda de iones de plata nano mejorada (con almacenamiento, sin enchufes, sin tiras de luz) [Modelo mejorado] Nueva mesa de comedor de isla de 2,58 m con tablero de roca antibacteriano con tecnolog\u00eda de iones de plata nano mejorada (con almacenamiento, enchufes, tiras de luz) [Modelo mejorado] Nueva mesa de comedor de isla de 2,78 m con tablero de roca antibacteriano con tecnolog\u00eda de iones de plata nano mejorada Mesa de comedor (con almacenamiento, enchufes, tiras de luz) [Modelo mejorado] Nueva tecnolog\u00eda mejorada de iones de plata nano tablero de roca antibacteriano Mesa de comedor de isla de 2,98 m (con almacenamiento, enchufes, tiras de luz) [Versi\u00f3n mejorada] Nueva tecnolog\u00eda mejorada de iones de plata nano tablero de roca antibacteriano Mesa de comedor de isla de 3,18 m (con almacenamiento, enchufe, tira de luz) [Versi\u00f3n Deluxe] Nueva tecnolog\u00eda mejorada de iones de plata nano tablero de roca antibacteriano Mesa de comedor de isla de 2,58 m (con almacenamiento, enchufe, cocina de inducci\u00f3n, tira de luz) [Versi\u00f3n Deluxe] Nueva tecnolog\u00eda mejorada de iones de plata nano tablero de roca antibacteriano Mesa de comedor de isla de 2,78 m (con almacenamiento, enchufe, cocina de inducci\u00f3n, tira de luz) [Versi\u00f3n Deluxe] Nueva tecnolog\u00eda mejorada de iones de plata nano tablero de roca antibacteriano Mesa de comedor de isla de 2,98 m (con almacenamiento, enchufe, cocina de inducci\u00f3n, tira de luz) [Versi\u00f3n Deluxe] Nueva tecnolog\u00eda mejorada de iones de plata nano tablero de roca antibacteriano Mesa de comedor con isla de 3,18 m (con almacenamiento, enchufe, cocina de inducci\u00f3n, tira de luz) [Versi\u00f3n insignia] Nuevo tablero de roca antibacteriano con tecnolog\u00eda de iones de plata nano mejorada Mesa de comedor con isla de 2,58 m (con almacenamiento, enchufe, cocina de inducci\u00f3n, grifo de fregadero, tira de luz) [Versi\u00f3n insignia] Tablero de roca antibacteriano con tecnolog\u00eda de iones de plata nano recientemente mejorado Mesa de isla de 2,78 m (con almacenamiento, enchufe, cocina de inducci\u00f3n, grifo de fregadero, tira de luz) [Versi\u00f3n insignia] Tablero de roca antibacteriano con tecnolog\u00eda de iones de plata nano recientemente mejorado Mesa de isla de 2,98 m (con almacenamiento, enchufe, cocina de inducci\u00f3n, grifo de fregadero, tira de luz) [Versi\u00f3n insignia] Tablero de roca antibacteriano con tecnolog\u00eda de iones de plata nano recientemente mejorado Mesa de isla de 3,18 m (con almacenamiento, enchufe, cocina de inducci\u00f3n, grifo de fregadero, tira de luz) Fabricante de origen, garant\u00eda de diez a\u00f1os, personalizaci\u00f3n de soporte seg\u00fan dibujos<\/li>\n<li>\n<strong>\u00bfEs escalable?<\/strong>:S\u00ed<\/li>\n<li>\n<strong>\u00bfEs personalizable?<\/strong>:S\u00ed<\/li>\n<li>\n<strong>Estructura del mobiliario<\/strong>:Estructura<\/li>\n<li>\n<strong>\u00c1rea de entrega e instalaci\u00f3n<\/strong>:A escala nacional<\/li>\n<li>\n<strong>provincia<\/strong>:Provincia de Guangdong<\/li>\n<li>\n<strong>Armar<\/strong>:Asamblea<\/li>\n<li>\n<strong>volumen del paquete<\/strong>:3<\/li>\n<li>\n<strong>M\u00e9todo de elevaci\u00f3n<\/strong>:Tirar con la mano<\/li>\n<li>\n<strong>Material de acabado<\/strong>:Tabla de roca<\/li>\n<li>\n<strong><\/strong>:<\/li>\n<\/ul>","protected":false},"excerpt":{"rendered":"<p>Marca: Megalec N\u00famero de producto: D066 Funci\u00f3n: personalizable Material: tablero de roca Estilo: estilo minimalista natural Forma: rect\u00e1ngulo Origen: Foshan N\u00famero aplicable de personas: multijugador Elementos populares: tablero de roca Ordenar por<\/p>","protected":false},"featured_media":22223,"comment_status":"open","ping_status":"closed","template":"","meta":[],"product_brand":[],"product_cat":[30971,871],"product_tag":[],"class_list":{"0":"post-21624","1":"product","2":"type-product","3":"status-publish","4":"has-post-thumbnail","6":"product_cat-hp","7":"product_cat-wholesale-kitchen-table","9":"first","10":"instock","11":"taxable","12":"shipping-taxable","13":"purchasable","14":"product-type-variable"},"_links":{"self":[{"href":"https:\/\/nexgendecors.com\/es\/wp-json\/wp\/v2\/product\/21624","targetHints":{"allow":["GET"]}}],"collection":[{"href":"https:\/\/nexgendecors.com\/es\/wp-json\/wp\/v2\/product"}],"about":[{"href":"https:\/\/nexgendecors.com\/es\/wp-json\/wp\/v2\/types\/product"}],"replies":[{"embeddable":true,"href":"https:\/\/nexgendecors.com\/es\/wp-json\/wp\/v2\/comments?post=21624"}],"version-history":[{"count":0,"href":"https:\/\/nexgendecors.com\/es\/wp-json\/wp\/v2\/product\/21624\/revisions"}],"wp:featuredmedia":[{"embeddable":true,"href":"https:\/\/nexgendecors.com\/es\/wp-json\/wp\/v2\/media\/22223"}],"wp:attachment":[{"href":"https:\/\/nexgendecors.com\/es\/wp-json\/wp\/v2\/media?parent=21624"}],"wp:term":[{"taxonomy":"product_brand","embeddable":true,"href":"https:\/\/nexgendecors.com\/es\/wp-json\/wp\/v2\/product_brand?post=21624"},{"taxonomy":"product_cat","embeddable":true,"href":"https:\/\/nexgendecors.com\/es\/wp-json\/wp\/v2\/product_cat?post=21624"},{"taxonomy":"product_tag","embeddable":true,"href":"https:\/\/nexgendecors.com\/es\/wp-json\/wp\/v2\/product_tag?post=21624"}],"curies":[{"name":"wp","href":"https:\/\/api.w.org\/{rel}","templated":true}]}}