{"id":21704,"date":"2025-01-13T16:16:01","date_gmt":"2025-01-13T16:16:01","guid":{"rendered":"https:\/\/nexgendecors.com\/product\/simple-and-light-luxury-suspended-full-rock-plate-island-bar-high-end-multifunctional-large-storage-open-kitchen-can-be-customized\/"},"modified":"2025-03-08T13:22:57","modified_gmt":"2025-03-08T13:22:57","slug":"simple-and-light-luxury-suspended-full-rock-plate-island-bar-high-end-multifunctional-large-storage-open-kitchen-can-be-customized","status":"publish","type":"product","link":"https:\/\/nexgendecors.com\/es\/product\/simple-and-light-luxury-suspended-full-rock-plate-island-bar-high-end-multifunctional-large-storage-open-kitchen-can-be-customized\/","title":{"rendered":"Barra de isla de lujo suspendida con placa de roca y almacenamiento personalizado"},"content":{"rendered":"<ul>\n<li>\n<strong>marca<\/strong>:Megalec<\/li>\n<li>\n<strong>modelo<\/strong>:D046-2<\/li>\n<li>\n<strong>Material<\/strong>:otro<\/li>\n<li>\n<strong>patr\u00f3n<\/strong>:LOGOTIPO DE LA MARCA<\/li>\n<li>\n<strong>estilo<\/strong>:Simple y moderno<\/li>\n<li>\n<strong>Instalaci\u00f3n<\/strong>:Asamblea<\/li>\n<li>\n<strong>elementos populares<\/strong>:Distressed Other Mortise and Tenon Logs Antique Master Design Special Shape Hand-painted Splicing Folk Roman Column Rattan Metal Gold Foil Silver Foil Mirror Carving<\/li>\n<li>\n<strong>ordenar por color<\/strong>:Newly upgraded nano silver ion technology antibacterial rock board 2.0m center island table (with storage, light strip) Newly upgraded nano silver ion technology antibacterial rock board 2.2m center island table (with storage, light strip) Newly upgraded nano silver ion technology antibacterial rock board 2.4m center island table (with storage, light strip) Newly upgraded nano silver ion technology antibacterial rock board 2.6m center island table (with storage, light strip) Newly upgraded nano silver ion technology antibacterial rock board 2.8m center island table (with storage, light strip) Newly upgraded nano silver ion technology antibacterial rock board 3.0m center island table (with storage, light strip) Source factory, support customized design of any size<\/li>\n<li>\n<strong>Peso bruto<\/strong>:300kg<\/li>\n<li>\n<strong>Material de acabado<\/strong>:Tabla de roca<\/li>\n<li>\n<strong>Tecnolog\u00eda estructural<\/strong>:Artesan\u00eda en madera<\/li>\n<li>\n<strong>Tecnolog\u00eda de estructura de madera<\/strong>:Peeling<\/li>\n<li>\n<strong>Tecnolog\u00eda de acabado<\/strong>:otro<\/li>\n<li>\n<strong>\u00bfEs personalizable?<\/strong>:S\u00ed<\/li>\n<li>\n<strong>Caracter\u00edsticas adicionales<\/strong>:Almacenamiento<\/li>\n<li>\n<strong>Estructura del mobiliario<\/strong>:Estructura<\/li>\n<li>\n<strong>Entrega\/instalaci\u00f3n disponible<\/strong>:Shanghai Otros Beijing Nanjing Nanchang Harbin Dalian Tianjin Ningbo Guangzhou Chengdu Hangzhou Wuhan Shenyang Shenzhen Wenzhou Suzhou Xi&#039;an Guiyang Zhengzhou Chongqing Jinhua Changsha Dongguan Fuzhou Qingdao Wuxi Taizhou Changzhou Foshan Xiamen Nanning<\/li>\n<li>\n<strong>Distritos y condados<\/strong>Distrito de Chancheng<\/li>\n<li>\n<strong>volumen del paquete<\/strong>:2<\/li>\n<li>\n<strong>\u00bfEst\u00e1 disponible la preventa?<\/strong>:S\u00ed<\/li>\n<li>\n<strong>\u00bfHay taxi disponible para transporte?<\/strong>:No<\/li>\n<li>\n<strong>Posicionamiento de estilo<\/strong>:Lujo de calidad<\/li>\n<li>\n<strong>Detalles de las instrucciones de instalaci\u00f3n<\/strong>:Provide installation instructions Provide installation instruction video Provide simple installation tools<\/li>\n<li>\n<strong><\/strong>:<\/li>\n<\/ul>\n<p><img><\/p>","protected":false},"excerpt":{"rendered":"<p>Marca: Megalec Modelo: D046-2 Material: otro Patr\u00f3n: logotipo de la marca Estilo: simple y moderno Instalaci\u00f3n: ensamblaje Elementos populares: otros troncos de mortaja y espiga desgastados Dise\u00f1o maestro antiguo Especial<\/p>","protected":false},"featured_media":22266,"comment_status":"open","ping_status":"closed","template":"","meta":[],"product_brand":[],"product_cat":[30971,871],"product_tag":[],"class_list":{"0":"post-21704","1":"product","2":"type-product","3":"status-publish","4":"has-post-thumbnail","6":"product_cat-hp","7":"product_cat-wholesale-kitchen-table","9":"first","10":"instock","11":"taxable","12":"shipping-taxable","13":"purchasable","14":"product-type-variable"},"_links":{"self":[{"href":"https:\/\/nexgendecors.com\/es\/wp-json\/wp\/v2\/product\/21704","targetHints":{"allow":["GET"]}}],"collection":[{"href":"https:\/\/nexgendecors.com\/es\/wp-json\/wp\/v2\/product"}],"about":[{"href":"https:\/\/nexgendecors.com\/es\/wp-json\/wp\/v2\/types\/product"}],"replies":[{"embeddable":true,"href":"https:\/\/nexgendecors.com\/es\/wp-json\/wp\/v2\/comments?post=21704"}],"version-history":[{"count":0,"href":"https:\/\/nexgendecors.com\/es\/wp-json\/wp\/v2\/product\/21704\/revisions"}],"wp:featuredmedia":[{"embeddable":true,"href":"https:\/\/nexgendecors.com\/es\/wp-json\/wp\/v2\/media\/22266"}],"wp:attachment":[{"href":"https:\/\/nexgendecors.com\/es\/wp-json\/wp\/v2\/media?parent=21704"}],"wp:term":[{"taxonomy":"product_brand","embeddable":true,"href":"https:\/\/nexgendecors.com\/es\/wp-json\/wp\/v2\/product_brand?post=21704"},{"taxonomy":"product_cat","embeddable":true,"href":"https:\/\/nexgendecors.com\/es\/wp-json\/wp\/v2\/product_cat?post=21704"},{"taxonomy":"product_tag","embeddable":true,"href":"https:\/\/nexgendecors.com\/es\/wp-json\/wp\/v2\/product_tag?post=21704"}],"curies":[{"name":"wp","href":"https:\/\/api.w.org\/{rel}","templated":true}]}}