{"id":21712,"date":"2025-01-13T16:16:01","date_gmt":"2025-01-13T16:16:01","guid":{"rendered":"https:\/\/nexgendecors.com\/product\/single-island-head-slate-island-dining-table-integrated-western-kitchen-desk-guide-table-cooking-table-sink-water-bar-downturn-customization\/"},"modified":"2025-04-06T07:44:50","modified_gmt":"2025-04-06T07:44:50","slug":"single-island-head-slate-island-dining-table-integrated-western-kitchen-desk-guide-table-cooking-table-sink-water-bar-downturn-customization","status":"publish","type":"product","link":"https:\/\/nexgendecors.com\/es\/product\/single-island-head-slate-island-dining-table-integrated-western-kitchen-desk-guide-table-cooking-table-sink-water-bar-downturn-customization\/","title":{"rendered":"Mesa de comedor de isla de pizarra con caracter\u00edsticas de cocina integradas"},"content":{"rendered":"<ul>\n<li>\n<strong>estilo<\/strong>:modern<\/li>\n<li>\n<strong>marca<\/strong>:Megalec<\/li>\n<li>\n<strong>N\u00famero de producto<\/strong>:T001<\/li>\n<li>\n<strong>elementos populares<\/strong>:Tabla de roca<\/li>\n<li>\n<strong>Armar<\/strong>:S\u00ed<\/li>\n<li>\n<strong>\u00bfEs escalable?<\/strong>:No<\/li>\n<li>\n<strong>volumen del paquete<\/strong>:1<\/li>\n<li>\n<strong>\u00bfEs personalizable?<\/strong>:S\u00ed<\/li>\n<li>\n<strong>Funci\u00f3n<\/strong>:personalizable<\/li>\n<li>\n<strong>forma<\/strong>:rect\u00e1ngulo<\/li>\n<li>\n<strong>Origen<\/strong>:Foshan<\/li>\n<li>\n<strong>Material<\/strong>:Tabla de roca<\/li>\n<li>\n<strong>Estructura del mobiliario<\/strong>:Estructura<\/li>\n<li>\n<strong>N\u00famero de personas aplicable<\/strong>:4-8 people<\/li>\n<li>\n<strong>provincia<\/strong>:Provincia de Guangdong<\/li>\n<li>\n<strong>M\u00e9todo de elevaci\u00f3n<\/strong>:Tirar con la mano<\/li>\n<li>\n<strong>\u00c1rea de entrega e instalaci\u00f3n<\/strong>:A escala nacional<\/li>\n<li>\n<strong>Material de acabado<\/strong>:Tabla de roca<\/li>\n<li>\n<strong>ordenar por color<\/strong>:(Basic model in stock) 1M single island [with storage, socket] Upgraded 1M single island [with storage, socket, induction cooker] Deluxe 1M single island [with storage, socket, sink] Flagship 1M single island [with storage, socket, sink, induction cooker] Size and color can be customized<\/li>\n<li>\n<strong><\/strong>:<\/li>\n<\/ul>\n<p><img><\/p>","protected":false},"excerpt":{"rendered":"<p>Estilo: moderno Marca: Megalec N\u00famero de producto: T001 Elementos populares: Tablero de roca Ensamblaje: s\u00ed \u00bfEs escalable?: no Volumen del paquete: 1 \u00bfEs personalizable?: s\u00ed Funci\u00f3n: personalizable Forma: rect\u00e1ngulo Origen: Foshan Material: Roca<\/p>","protected":false},"featured_media":22278,"comment_status":"open","ping_status":"closed","template":"","meta":[],"product_brand":[],"product_cat":[30971,871],"product_tag":[],"class_list":{"0":"post-21712","1":"product","2":"type-product","3":"status-publish","4":"has-post-thumbnail","6":"product_cat-hp","7":"product_cat-wholesale-kitchen-table","9":"first","10":"instock","11":"taxable","12":"shipping-taxable","13":"purchasable","14":"product-type-variable"},"_links":{"self":[{"href":"https:\/\/nexgendecors.com\/es\/wp-json\/wp\/v2\/product\/21712","targetHints":{"allow":["GET"]}}],"collection":[{"href":"https:\/\/nexgendecors.com\/es\/wp-json\/wp\/v2\/product"}],"about":[{"href":"https:\/\/nexgendecors.com\/es\/wp-json\/wp\/v2\/types\/product"}],"replies":[{"embeddable":true,"href":"https:\/\/nexgendecors.com\/es\/wp-json\/wp\/v2\/comments?post=21712"}],"version-history":[{"count":0,"href":"https:\/\/nexgendecors.com\/es\/wp-json\/wp\/v2\/product\/21712\/revisions"}],"wp:featuredmedia":[{"embeddable":true,"href":"https:\/\/nexgendecors.com\/es\/wp-json\/wp\/v2\/media\/22278"}],"wp:attachment":[{"href":"https:\/\/nexgendecors.com\/es\/wp-json\/wp\/v2\/media?parent=21712"}],"wp:term":[{"taxonomy":"product_brand","embeddable":true,"href":"https:\/\/nexgendecors.com\/es\/wp-json\/wp\/v2\/product_brand?post=21712"},{"taxonomy":"product_cat","embeddable":true,"href":"https:\/\/nexgendecors.com\/es\/wp-json\/wp\/v2\/product_cat?post=21712"},{"taxonomy":"product_tag","embeddable":true,"href":"https:\/\/nexgendecors.com\/es\/wp-json\/wp\/v2\/product_tag?post=21712"}],"curies":[{"name":"wp","href":"https:\/\/api.w.org\/{rel}","templated":true}]}}