{"id":21718,"date":"2025-01-13T16:16:01","date_gmt":"2025-01-13T16:16:01","guid":{"rendered":"https:\/\/nexgendecors.com\/product\/island-table-log-style-north-american-black-walnut-full-rock-board-can-be-customized-high-end-kitchen-retractable-guide-table-dining-table-integrated\/"},"modified":"2025-04-06T07:44:53","modified_gmt":"2025-04-06T07:44:53","slug":"island-table-log-style-north-american-black-walnut-full-rock-board-can-be-customized-high-end-kitchen-retractable-guide-table-dining-table-integrated","status":"publish","type":"product","link":"https:\/\/nexgendecors.com\/es\/product\/island-table-log-style-north-american-black-walnut-full-rock-board-can-be-customized-high-end-kitchen-retractable-guide-table-dining-table-integrated\/","title":{"rendered":"Mesa de comedor retr\u00e1ctil de lujo en nogal: elegancia moderna"},"content":{"rendered":"<ul>\n<li>\n<strong>estilo<\/strong>:Europa del Norte<\/li>\n<li>\n<strong>marca<\/strong>:Hogar<\/li>\n<li>\n<strong>N\u00famero de producto<\/strong>:QMDT-35<\/li>\n<li>\n<strong>\u00bfEs personalizable?<\/strong>:S\u00ed<\/li>\n<li>\n<strong>forma<\/strong>:rect\u00e1ngulo<\/li>\n<li>\n<strong>Origen<\/strong>:Shunde, Guangdong<\/li>\n<li>\n<strong>Armar<\/strong>:S\u00ed<\/li>\n<li>\n<strong>Material<\/strong>:Tabla de roca<\/li>\n<li>\n<strong>\u00bfEs escalable?<\/strong>:No<\/li>\n<li>\n<strong>M\u00e9todo de elevaci\u00f3n<\/strong>:Tirar con la mano<\/li>\n<li>\n<strong>Material de acabado<\/strong>:Tabla de roca<\/li>\n<li>\n<strong>ordenar por color<\/strong>:[Tracks&#8212;&#8211;CCTV?Exhibition?Broadcast?Products?Brand] Believe in the power of the brand, reject inferior materials, enjoy exclusive one-to-one design and drawing, and support various customizations. Entry-level version 2.38 meters, entry-level version 2.58 meters, entry-level version 2.78 meters, entry-level version 2.98 meters, upgraded version 2.38 meters [with bull socket], upgraded version 2.58 meters [with bull socket], upgraded version 2.78 meters [with bull socket], upgraded version 2.98 meters [with bull socket], luxury version 2.38 meters [with bull socket + tea tray + light strip], luxury version 2.58 meters [with bull socket + tea tray + light strip], luxury version 2.78 meters [with bull socket + tea tray + light strip], luxury version 2.98 meters [with bull socket + tea tray + light strip]<\/li>\n<\/ul>\n<p><img><\/p>","protected":false},"excerpt":{"rendered":"<p>Estilo:Europa del Norte Marca:Inicio N\u00famero de producto:QMDT-35 \u00bfEs personalizable?:s\u00ed Forma:rect\u00e1ngulo Origen:Shunde, Guangdong Ensamblar:s\u00ed Material:Tablero de roca \u00bfEs escalable?:no M\u00e9todo de elevaci\u00f3n:tirar con la mano<\/p>","protected":false},"featured_media":22302,"comment_status":"open","ping_status":"closed","template":"","meta":[],"product_brand":[],"product_cat":[30971,871],"product_tag":[],"class_list":{"0":"post-21718","1":"product","2":"type-product","3":"status-publish","4":"has-post-thumbnail","6":"product_cat-hp","7":"product_cat-wholesale-kitchen-table","9":"first","10":"instock","11":"taxable","12":"shipping-taxable","13":"purchasable","14":"product-type-variable"},"_links":{"self":[{"href":"https:\/\/nexgendecors.com\/es\/wp-json\/wp\/v2\/product\/21718","targetHints":{"allow":["GET"]}}],"collection":[{"href":"https:\/\/nexgendecors.com\/es\/wp-json\/wp\/v2\/product"}],"about":[{"href":"https:\/\/nexgendecors.com\/es\/wp-json\/wp\/v2\/types\/product"}],"replies":[{"embeddable":true,"href":"https:\/\/nexgendecors.com\/es\/wp-json\/wp\/v2\/comments?post=21718"}],"version-history":[{"count":0,"href":"https:\/\/nexgendecors.com\/es\/wp-json\/wp\/v2\/product\/21718\/revisions"}],"wp:featuredmedia":[{"embeddable":true,"href":"https:\/\/nexgendecors.com\/es\/wp-json\/wp\/v2\/media\/22302"}],"wp:attachment":[{"href":"https:\/\/nexgendecors.com\/es\/wp-json\/wp\/v2\/media?parent=21718"}],"wp:term":[{"taxonomy":"product_brand","embeddable":true,"href":"https:\/\/nexgendecors.com\/es\/wp-json\/wp\/v2\/product_brand?post=21718"},{"taxonomy":"product_cat","embeddable":true,"href":"https:\/\/nexgendecors.com\/es\/wp-json\/wp\/v2\/product_cat?post=21718"},{"taxonomy":"product_tag","embeddable":true,"href":"https:\/\/nexgendecors.com\/es\/wp-json\/wp\/v2\/product_tag?post=21718"}],"curies":[{"name":"wp","href":"https:\/\/api.w.org\/{rel}","templated":true}]}}