{"id":21734,"date":"2025-01-13T16:16:02","date_gmt":"2025-01-13T16:16:02","guid":{"rendered":"https:\/\/nexgendecors.com\/product\/track-furniture-island-table-dining-table-integrated-household-rock-board-wood-grain-custom-small-kitchen-bar-island\/"},"modified":"2025-04-06T07:44:57","modified_gmt":"2025-04-06T07:44:57","slug":"track-furniture-island-table-dining-table-integrated-household-rock-board-wood-grain-custom-small-kitchen-bar-island","status":"publish","type":"product","link":"https:\/\/nexgendecors.com\/es\/product\/track-furniture-island-table-dining-table-integrated-household-rock-board-wood-grain-custom-small-kitchen-bar-island\/","title":{"rendered":"Mesa de comedor con isla de madera a medida y tablero de piedra"},"content":{"rendered":"<ul>\n<li>\n<strong>estilo<\/strong>:Europa del Norte<\/li>\n<li>\n<strong>marca<\/strong>:Hogar<\/li>\n<li>\n<strong>N\u00famero de producto<\/strong>:QMDT-10<\/li>\n<li>\n<strong>Armar<\/strong>:Asamblea<\/li>\n<li>\n<strong>\u00bfEs escalable?<\/strong>:No<\/li>\n<li>\n<strong>volumen del paquete<\/strong>:0.8<\/li>\n<li>\n<strong>\u00bfEs personalizable?<\/strong>:S\u00ed<\/li>\n<li>\n<strong>Funci\u00f3n<\/strong>:Multifunci\u00f3n<\/li>\n<li>\n<strong>forma<\/strong>:rect\u00e1ngulo<\/li>\n<li>\n<strong>Origen<\/strong>:Shunde, Guangdong<\/li>\n<li>\n<strong>Material<\/strong>:Tabla de roca<\/li>\n<li>\n<strong>Estructura del mobiliario<\/strong>:Estructura<\/li>\n<li>\n<strong>N\u00famero de personas aplicable<\/strong>:Multijugador<\/li>\n<li>\n<strong>provincia<\/strong>:Provincia de Guangdong<\/li>\n<li>\n<strong>M\u00e9todo de elevaci\u00f3n<\/strong>:Tirar con la mano<\/li>\n<li>\n<strong>\u00c1rea de entrega e instalaci\u00f3n<\/strong>:A escala nacional<\/li>\n<li>\n<strong>Material de acabado<\/strong>:Tabla de roca<\/li>\n<li>\n<strong>ordenar por color<\/strong>:[Tracks&#8212;&#8211;CCTV Exhibition Broadcast Product Brand] [Professional designers draw one-on-one, customizable size] All rock panels can be customized Entry-level version 2.38 meters Entry-level version 2.58 meters Entry-level version 2.78 meters Entry-level version 2.98 meters Upgraded version 2.38 meters [with bull socket] Upgraded version 2.58 meters [with bull socket] Upgraded version 2.78 meters [with bull socket] Upgraded version 2.98 meters [with bull socket] Deluxe version 2.38 meters [with socket, light strip, sink] Deluxe version 2.58 meters [with socket, light strip, sink] Deluxe version 2.78 meters [with socket, light strip, sink] Deluxe version 2.98 meters [with socket, light strip, sink]<\/li>\n<\/ul>\n<p><img><\/p>","protected":false},"excerpt":{"rendered":"<p>Estilo: Europa del Norte Marca: Hogar N\u00famero de producto: QMDT-10 Ensamblaje: Ensamblaje \u00bfEs escalable?: no Volumen del paquete: 0.8 \u00bfEs personalizable?: s\u00ed Funci\u00f3n: multifunci\u00f3n Forma: rect\u00e1ngulo Origen: Shunde, Guangdong Material: tablero de roca<\/p>","protected":false},"featured_media":22322,"comment_status":"open","ping_status":"closed","template":"","meta":[],"product_brand":[],"product_cat":[30971,871],"product_tag":[],"class_list":{"0":"post-21734","1":"product","2":"type-product","3":"status-publish","4":"has-post-thumbnail","6":"product_cat-hp","7":"product_cat-wholesale-kitchen-table","9":"first","10":"instock","11":"taxable","12":"shipping-taxable","13":"purchasable","14":"product-type-variable"},"_links":{"self":[{"href":"https:\/\/nexgendecors.com\/es\/wp-json\/wp\/v2\/product\/21734","targetHints":{"allow":["GET"]}}],"collection":[{"href":"https:\/\/nexgendecors.com\/es\/wp-json\/wp\/v2\/product"}],"about":[{"href":"https:\/\/nexgendecors.com\/es\/wp-json\/wp\/v2\/types\/product"}],"replies":[{"embeddable":true,"href":"https:\/\/nexgendecors.com\/es\/wp-json\/wp\/v2\/comments?post=21734"}],"version-history":[{"count":0,"href":"https:\/\/nexgendecors.com\/es\/wp-json\/wp\/v2\/product\/21734\/revisions"}],"wp:featuredmedia":[{"embeddable":true,"href":"https:\/\/nexgendecors.com\/es\/wp-json\/wp\/v2\/media\/22322"}],"wp:attachment":[{"href":"https:\/\/nexgendecors.com\/es\/wp-json\/wp\/v2\/media?parent=21734"}],"wp:term":[{"taxonomy":"product_brand","embeddable":true,"href":"https:\/\/nexgendecors.com\/es\/wp-json\/wp\/v2\/product_brand?post=21734"},{"taxonomy":"product_cat","embeddable":true,"href":"https:\/\/nexgendecors.com\/es\/wp-json\/wp\/v2\/product_cat?post=21734"},{"taxonomy":"product_tag","embeddable":true,"href":"https:\/\/nexgendecors.com\/es\/wp-json\/wp\/v2\/product_tag?post=21734"}],"curies":[{"name":"wp","href":"https:\/\/api.w.org\/{rel}","templated":true}]}}