{"id":32279,"date":"2025-01-16T15:25:15","date_gmt":"2025-01-16T15:25:15","guid":{"rendered":"https:\/\/nexgendecors.com\/product\/medieval-shoe-cabinet-entrance-cabinet-french-retro-dining-sideboard-living-room-decoration-storage-cabinet-sideboard-furniture-customization\/"},"modified":"2025-04-06T07:45:20","modified_gmt":"2025-04-06T07:45:20","slug":"medieval-shoe-cabinet-entrance-cabinet-french-retro-dining-sideboard-living-room-decoration-storage-cabinet-sideboard-furniture-customization","status":"publish","type":"product","link":"https:\/\/nexgendecors.com\/es\/product\/medieval-shoe-cabinet-entrance-cabinet-french-retro-dining-sideboard-living-room-decoration-storage-cabinet-sideboard-furniture-customization\/","title":{"rendered":"Zapatero y aparador medieval retro franc\u00e9s"},"content":{"rendered":"<ul>\n<li>\n<strong>marca<\/strong>:Bolest<\/li>\n<li>\n<strong>modelo<\/strong>:2024610<\/li>\n<li>\n<strong>estilo<\/strong>:Estilo medieval<\/li>\n<li>\n<strong>Armar<\/strong>:No<\/li>\n<li>\n<strong>Is the partition adjustable?<\/strong>:S\u00ed<\/li>\n<li>\n<strong>Material de acabado<\/strong>:Madera<\/li>\n<li>\n<strong>Caracter\u00edsticas adicionales<\/strong>:Multifunci\u00f3n<\/li>\n<li>\n<strong>\u00bfEs personalizable?<\/strong>:S\u00ed<\/li>\n<li>\n<strong>M\u00e9todo de apertura y cierre<\/strong>:Puerta doble<\/li>\n<li>\n<strong>Material<\/strong>:Madera<\/li>\n<li>\n<strong>Material de madera<\/strong>:abedul<\/li>\n<li>\n<strong>Detalles de las instrucciones de instalaci\u00f3n<\/strong>:No hay instrucciones de instalaci\u00f3n<\/li>\n<li>\n<strong>Estructura del mobiliario<\/strong>:Estructura del marco de la caja<\/li>\n<li>\n<strong>Instalaci\u00f3n<\/strong>:Embalar<\/li>\n<li>\n<strong>patr\u00f3n<\/strong>:Arte<\/li>\n<li>\n<strong>N\u00famero de puertas<\/strong>:4 puertas<\/li>\n<li>\n<strong>ordenar por color<\/strong>:Wood color 1 meter, wood color 1.2 meters, wood color 1.6 meters, cream color 1 meter, cream color 1.2 meters, cream color 1.6 meters<\/li>\n<li>\n<strong><\/strong>:<\/li>\n<\/ul>\n<p><img><\/p>","protected":false},"excerpt":{"rendered":"<p>Marca: Bolest Modelo: 2024610 Estilo: Estilo medieval Ensamblaje: no \u00bfLa partici\u00f3n es ajustable?: s\u00ed Material de acabado: Madera Caracter\u00edsticas adicionales: Multifunci\u00f3n \u00bfEs personalizable?: s\u00ed M\u00e9todo de apertura y cierre: Doble<\/p>","protected":false},"featured_media":32673,"comment_status":"open","ping_status":"closed","template":"","meta":[],"product_brand":[],"product_cat":[30971,30851],"product_tag":[],"class_list":{"0":"post-32279","1":"product","2":"type-product","3":"status-publish","4":"has-post-thumbnail","6":"product_cat-hp","7":"product_cat-wholesale-cabinets","9":"first","10":"instock","11":"taxable","12":"shipping-taxable","13":"purchasable","14":"product-type-variable"},"_links":{"self":[{"href":"https:\/\/nexgendecors.com\/es\/wp-json\/wp\/v2\/product\/32279","targetHints":{"allow":["GET"]}}],"collection":[{"href":"https:\/\/nexgendecors.com\/es\/wp-json\/wp\/v2\/product"}],"about":[{"href":"https:\/\/nexgendecors.com\/es\/wp-json\/wp\/v2\/types\/product"}],"replies":[{"embeddable":true,"href":"https:\/\/nexgendecors.com\/es\/wp-json\/wp\/v2\/comments?post=32279"}],"version-history":[{"count":0,"href":"https:\/\/nexgendecors.com\/es\/wp-json\/wp\/v2\/product\/32279\/revisions"}],"wp:featuredmedia":[{"embeddable":true,"href":"https:\/\/nexgendecors.com\/es\/wp-json\/wp\/v2\/media\/32673"}],"wp:attachment":[{"href":"https:\/\/nexgendecors.com\/es\/wp-json\/wp\/v2\/media?parent=32279"}],"wp:term":[{"taxonomy":"product_brand","embeddable":true,"href":"https:\/\/nexgendecors.com\/es\/wp-json\/wp\/v2\/product_brand?post=32279"},{"taxonomy":"product_cat","embeddable":true,"href":"https:\/\/nexgendecors.com\/es\/wp-json\/wp\/v2\/product_cat?post=32279"},{"taxonomy":"product_tag","embeddable":true,"href":"https:\/\/nexgendecors.com\/es\/wp-json\/wp\/v2\/product_tag?post=32279"}],"curies":[{"name":"wp","href":"https:\/\/api.w.org\/{rel}","templated":true}]}}