{"id":32304,"date":"2025-01-16T15:25:18","date_gmt":"2025-01-16T15:25:18","guid":{"rendered":"https:\/\/nexgendecors.com\/product\/cream-style-three-drawers-solid-wood-bedroom-storage-cabinet-french-living-room-decoration-entrance-cabinet-wabi-sabi-style-restaurant-three-drawers\/"},"modified":"2025-04-06T07:45:24","modified_gmt":"2025-04-06T07:45:24","slug":"cream-style-three-drawers-solid-wood-bedroom-storage-cabinet-french-living-room-decoration-entrance-cabinet-wabi-sabi-style-restaurant-three-drawers","status":"publish","type":"product","link":"https:\/\/nexgendecors.com\/es\/product\/cream-style-three-drawers-solid-wood-bedroom-storage-cabinet-french-living-room-decoration-entrance-cabinet-wabi-sabi-style-restaurant-three-drawers\/","title":{"rendered":"Mueble Wabi-Sabi de madera maciza con 3 cajones color crema"},"content":{"rendered":"<ul>\n<li>\n<strong>marca<\/strong>:Bolest<\/li>\n<li>\n<strong>modelo<\/strong>:QQYA202<\/li>\n<li>\n<strong>Material<\/strong>:Madera<\/li>\n<li>\n<strong>Material de madera<\/strong>:abedul<\/li>\n<li>\n<strong>patr\u00f3n<\/strong>:Arte<\/li>\n<li>\n<strong>estilo<\/strong>:Franc\u00e9s<\/li>\n<li>\n<strong>Instalaci\u00f3n<\/strong>:Embalar<\/li>\n<li>\n<strong>ordenar por color<\/strong>:1.0m three-drawer cabinet, 1.2m three-drawer cabinet, 1.5m three-drawer cabinet, 1.2m six-drawer cabinet, 1.5m six-drawer cabinet<\/li>\n<li>\n<strong>Peso bruto<\/strong>:60kg<\/li>\n<li>\n<strong>\u00bfEs personalizable?<\/strong>:S\u00ed<\/li>\n<li>\n<strong>Caracter\u00edsticas adicionales<\/strong>:Multifunci\u00f3n<\/li>\n<li>\n<strong>Adecuado<\/strong>:Adultos<\/li>\n<li>\n<strong>N\u00famero de peleas<\/strong>:3 buckets<\/li>\n<li>\n<strong>Estructura del mobiliario<\/strong>:Bracket structure, frame structure, box frame structure, bent wood structure, thin shell structure, inflatable structure, soft structure, frameless structure, irregular structure, weaving\/winding\/binding structure, other<\/li>\n<li>\n<strong>ciudad<\/strong>:Zhongshan City<\/li>\n<li>\n<strong>Distritos y condados<\/strong>:Shiqi District<\/li>\n<li>\n<strong>Armar<\/strong>:No<\/li>\n<li>\n<strong>volumen del paquete<\/strong>:0.8<\/li>\n<li>\n<strong>Detalles de las instrucciones de instalaci\u00f3n<\/strong>:No hay instrucciones de instalaci\u00f3n<\/li>\n<\/ul>\n<p><img><\/p>","protected":false},"excerpt":{"rendered":"<p>Marca: Bolest Modelo: QQYA202 Material: Madera Material de madera: abedul Patr\u00f3n: Arte Estilo: Franc\u00e9s Instalaci\u00f3n: Paquete Ordenar por color: Gabinete de tres cajones de 1.0 m, Gabinete de tres cajones de 1.2 m, Gabinete de tres cajones de 1.5 m, Gabinete de tres cajones de 1.2 m<\/p>","protected":false},"featured_media":32728,"comment_status":"open","ping_status":"closed","template":"","meta":[],"product_brand":[],"product_cat":[30971,30851],"product_tag":[],"class_list":{"0":"post-32304","1":"product","2":"type-product","3":"status-publish","4":"has-post-thumbnail","6":"product_cat-hp","7":"product_cat-wholesale-cabinets","9":"first","10":"instock","11":"taxable","12":"shipping-taxable","13":"purchasable","14":"product-type-variable"},"_links":{"self":[{"href":"https:\/\/nexgendecors.com\/es\/wp-json\/wp\/v2\/product\/32304","targetHints":{"allow":["GET"]}}],"collection":[{"href":"https:\/\/nexgendecors.com\/es\/wp-json\/wp\/v2\/product"}],"about":[{"href":"https:\/\/nexgendecors.com\/es\/wp-json\/wp\/v2\/types\/product"}],"replies":[{"embeddable":true,"href":"https:\/\/nexgendecors.com\/es\/wp-json\/wp\/v2\/comments?post=32304"}],"version-history":[{"count":0,"href":"https:\/\/nexgendecors.com\/es\/wp-json\/wp\/v2\/product\/32304\/revisions"}],"wp:featuredmedia":[{"embeddable":true,"href":"https:\/\/nexgendecors.com\/es\/wp-json\/wp\/v2\/media\/32728"}],"wp:attachment":[{"href":"https:\/\/nexgendecors.com\/es\/wp-json\/wp\/v2\/media?parent=32304"}],"wp:term":[{"taxonomy":"product_brand","embeddable":true,"href":"https:\/\/nexgendecors.com\/es\/wp-json\/wp\/v2\/product_brand?post=32304"},{"taxonomy":"product_cat","embeddable":true,"href":"https:\/\/nexgendecors.com\/es\/wp-json\/wp\/v2\/product_cat?post=32304"},{"taxonomy":"product_tag","embeddable":true,"href":"https:\/\/nexgendecors.com\/es\/wp-json\/wp\/v2\/product_tag?post=32304"}],"curies":[{"name":"wp","href":"https:\/\/api.w.org\/{rel}","templated":true}]}}