{"id":32338,"date":"2025-01-16T15:25:23","date_gmt":"2025-01-16T15:25:23","guid":{"rendered":"https:\/\/nexgendecors.com\/product\/pure-solid-wood-five-drawer-cabinet-bedroom-drawer-cabinet-minimalist-three-drawer-cabinet-four-drawer-cabinet-combination-living-room-floor-storage-cabinet\/"},"modified":"2025-03-08T13:39:39","modified_gmt":"2025-03-08T13:39:39","slug":"armario-de-madera-maciza-pura-con-cinco-cajones-armario-minimalista-con-tres-cajones-y-cuatro-cajones-armario-de-almacenamiento-de-suelo-para-sala-de-estar","status":"publish","type":"product","link":"https:\/\/nexgendecors.com\/es\/product\/armario-de-madera-maciza-pura-con-cinco-cajones-armario-minimalista-con-tres-cajones-y-cuatro-cajones-armario-de-almacenamiento-de-suelo-para-sala-de-estar\/","title":{"rendered":"Gabinete de almacenamiento minimalista de madera maciza con 5 cajones"},"content":{"rendered":"<ul>\n<li>\n<strong>marca<\/strong>:otro\/otro<\/li>\n<li>\n<strong>modelo<\/strong>:0068<\/li>\n<li>\n<strong>estilo<\/strong>:Simple y moderno<\/li>\n<li>\n<strong>N\u00famero de peleas<\/strong>:4 cubos<\/li>\n<li>\n<strong>Armar<\/strong>:No<\/li>\n<li>\n<strong>Adecuado<\/strong>:Adultos<\/li>\n<li>\n<strong>Caracter\u00edsticas adicionales<\/strong>:Almacenamiento<\/li>\n<li>\n<strong>volumen del paquete<\/strong>:1<\/li>\n<li>\n<strong>\u00bfEs personalizable?<\/strong>:S\u00ed<\/li>\n<li>\n<strong>Material<\/strong>:Madera<\/li>\n<li>\n<strong>Material de madera<\/strong>:arce<\/li>\n<li>\n<strong>Detalles de las instrucciones de instalaci\u00f3n<\/strong>:No requiere instalaci\u00f3n<\/li>\n<li>\n<strong>Estructura del mobiliario<\/strong>:Estructura del marco de la caja<\/li>\n<li>\n<strong>Instalaci\u00f3n<\/strong>:Embalar<\/li>\n<li>\n<strong>ordenar por color<\/strong>:100% arce importado natural puro (notas de color de la c\u00f3moda de tres cajones), 100% arce importado natural puro (notas de color de la c\u00f3moda de cuatro cajones), 100% arce importado natural puro (notas de color de la c\u00f3moda de cinco cajones), 100% arce importado natural puro (notas de color de la c\u00f3moda de ocho cajones de 1,2 m), 100% arce importado natural puro (notas de color de la c\u00f3moda de ocho cajones de 1,4 m), 100% arce importado natural puro (notas de color de la c\u00f3moda de ocho cajones de 1,6 m)<\/li>\n<li>\n<strong><\/strong>:<\/li>\n<\/ul>\n<p><img><\/p>","protected":false},"excerpt":{"rendered":"<p>brand:other\/other model:0068 style:Simple and modern Number of Fights:4 buckets Assemble:no Suitable:Adults Additional features:Storage package volume:1 Is it customizable?:yes Material:Wood Wood<\/p>","protected":false},"featured_media":32800,"comment_status":"open","ping_status":"closed","template":"","meta":[],"product_brand":[],"product_cat":[30971,30851],"product_tag":[],"class_list":{"0":"post-32338","1":"product","2":"type-product","3":"status-publish","4":"has-post-thumbnail","6":"product_cat-hp","7":"product_cat-wholesale-cabinets","9":"first","10":"instock","11":"taxable","12":"shipping-taxable","13":"purchasable","14":"product-type-variable"},"_links":{"self":[{"href":"https:\/\/nexgendecors.com\/es\/wp-json\/wp\/v2\/product\/32338","targetHints":{"allow":["GET"]}}],"collection":[{"href":"https:\/\/nexgendecors.com\/es\/wp-json\/wp\/v2\/product"}],"about":[{"href":"https:\/\/nexgendecors.com\/es\/wp-json\/wp\/v2\/types\/product"}],"replies":[{"embeddable":true,"href":"https:\/\/nexgendecors.com\/es\/wp-json\/wp\/v2\/comments?post=32338"}],"version-history":[{"count":0,"href":"https:\/\/nexgendecors.com\/es\/wp-json\/wp\/v2\/product\/32338\/revisions"}],"wp:featuredmedia":[{"embeddable":true,"href":"https:\/\/nexgendecors.com\/es\/wp-json\/wp\/v2\/media\/32800"}],"wp:attachment":[{"href":"https:\/\/nexgendecors.com\/es\/wp-json\/wp\/v2\/media?parent=32338"}],"wp:term":[{"taxonomy":"product_brand","embeddable":true,"href":"https:\/\/nexgendecors.com\/es\/wp-json\/wp\/v2\/product_brand?post=32338"},{"taxonomy":"product_cat","embeddable":true,"href":"https:\/\/nexgendecors.com\/es\/wp-json\/wp\/v2\/product_cat?post=32338"},{"taxonomy":"product_tag","embeddable":true,"href":"https:\/\/nexgendecors.com\/es\/wp-json\/wp\/v2\/product_tag?post=32338"}],"curies":[{"name":"wp","href":"https:\/\/api.w.org\/{rel}","templated":true}]}}