{"id":32361,"date":"2025-01-16T15:25:26","date_gmt":"2025-01-16T15:25:26","guid":{"rendered":"https:\/\/nexgendecors.com\/product\/shoe-cabinet-home-door-modern-simple-solid-wood-storage-locker-entrance-porch-cabinet-large-capacity-integrated-cabinet\/"},"modified":"2025-04-06T07:45:32","modified_gmt":"2025-04-06T07:45:32","slug":"shoe-cabinet-home-door-modern-simple-solid-wood-storage-locker-entrance-porch-cabinet-large-capacity-integrated-cabinet","status":"publish","type":"product","link":"https:\/\/nexgendecors.com\/es\/product\/shoe-cabinet-home-door-modern-simple-solid-wood-storage-locker-entrance-porch-cabinet-large-capacity-integrated-cabinet\/","title":{"rendered":"Elegante zapatero de madera maciza con amplio espacio de almacenamiento"},"content":{"rendered":"<ul>\n<li>\n<strong>marca<\/strong>:otro\/otro<\/li>\n<li>\n<strong>modelo<\/strong>:098<\/li>\n<li>\n<strong>estilo<\/strong>:Simple y moderno<\/li>\n<li>\n<strong>tama\u00f1o<\/strong>:100x35x100cm,120x35x100cm,150x35x100cm<\/li>\n<li>\n<strong>Armar<\/strong>:No<\/li>\n<li>\n<strong>Is the partition adjustable?<\/strong>:S\u00ed<\/li>\n<li>\n<strong>Material de acabado<\/strong>:Madera<\/li>\n<li>\n<strong>N\u00famero de capas<\/strong>:4th floor<\/li>\n<li>\n<strong>Caracter\u00edsticas adicionales<\/strong>:Almacenamiento<\/li>\n<li>\n<strong>volumen del paquete<\/strong>:0.8<\/li>\n<li>\n<strong>\u00bfEs personalizable?<\/strong>:S\u00ed<\/li>\n<li>\n<strong>M\u00e9todo de apertura y cierre<\/strong>:Abrir la puerta<\/li>\n<li>\n<strong>Material<\/strong>:Madera<\/li>\n<li>\n<strong>Material de madera<\/strong>:arce<\/li>\n<li>\n<strong>Estructura del mobiliario<\/strong>:Estructura<\/li>\n<li>\n<strong>Instalaci\u00f3n<\/strong>:Embalar<\/li>\n<li>\n<strong>N\u00famero de puertas<\/strong>:3 puertas<\/li>\n<li>\n<strong>ordenar por color<\/strong>:Pure natural 100% pure solid wood imported maple (walnut color + black), pure natural 100% pure solid wood imported maple (walnut color + white), pure natural 100% pure solid wood imported maple (log color + white), pure natural 100% pure solid wood imported maple (black + white), pure natural 100% pure solid wood imported maple (black + gray), pure natural 100% pure solid wood imported maple (all black)<\/li>\n<\/ul>\n<p><img><\/p>","protected":false},"excerpt":{"rendered":"<p>Marca: otro\/otro Modelo: 098 Estilo: simple y moderno Tama\u00f1o: 100x35x100cm, 120x35x100cm, 150x35x100cm Ensamblaje: no \u00bfLa partici\u00f3n es ajustable?: s\u00ed Material de acabado: madera N\u00famero de capas: 4to piso Caracter\u00edsticas adicionales: paquete de almacenamiento<\/p>","protected":false},"featured_media":32815,"comment_status":"open","ping_status":"closed","template":"","meta":[],"product_brand":[],"product_cat":[30971,30851],"product_tag":[],"class_list":{"0":"post-32361","1":"product","2":"type-product","3":"status-publish","4":"has-post-thumbnail","6":"product_cat-hp","7":"product_cat-wholesale-cabinets","9":"first","10":"instock","11":"taxable","12":"shipping-taxable","13":"purchasable","14":"product-type-variable"},"_links":{"self":[{"href":"https:\/\/nexgendecors.com\/es\/wp-json\/wp\/v2\/product\/32361","targetHints":{"allow":["GET"]}}],"collection":[{"href":"https:\/\/nexgendecors.com\/es\/wp-json\/wp\/v2\/product"}],"about":[{"href":"https:\/\/nexgendecors.com\/es\/wp-json\/wp\/v2\/types\/product"}],"replies":[{"embeddable":true,"href":"https:\/\/nexgendecors.com\/es\/wp-json\/wp\/v2\/comments?post=32361"}],"version-history":[{"count":0,"href":"https:\/\/nexgendecors.com\/es\/wp-json\/wp\/v2\/product\/32361\/revisions"}],"wp:featuredmedia":[{"embeddable":true,"href":"https:\/\/nexgendecors.com\/es\/wp-json\/wp\/v2\/media\/32815"}],"wp:attachment":[{"href":"https:\/\/nexgendecors.com\/es\/wp-json\/wp\/v2\/media?parent=32361"}],"wp:term":[{"taxonomy":"product_brand","embeddable":true,"href":"https:\/\/nexgendecors.com\/es\/wp-json\/wp\/v2\/product_brand?post=32361"},{"taxonomy":"product_cat","embeddable":true,"href":"https:\/\/nexgendecors.com\/es\/wp-json\/wp\/v2\/product_cat?post=32361"},{"taxonomy":"product_tag","embeddable":true,"href":"https:\/\/nexgendecors.com\/es\/wp-json\/wp\/v2\/product_tag?post=32361"}],"curies":[{"name":"wp","href":"https:\/\/api.w.org\/{rel}","templated":true}]}}