{"id":34930,"date":"2025-01-26T01:40:27","date_gmt":"2025-01-26T01:40:27","guid":{"rendered":"https:\/\/nexgendecors.com\/product\/bentley-light-luxury-leather-sofa-post-modern-large-villa-high-back-straight-row-italian-style-hong-kong-style-suite-furniture\/"},"modified":"2025-04-06T07:45:50","modified_gmt":"2025-04-06T07:45:50","slug":"sofa-bentley-light-de-cuero-de-lujo-estilo-posmoderno-gran-villa-respaldo-alto-fila-recta-estilo-italiano-conjunto-de-muebles-estilo-hong-kong","status":"publish","type":"product","link":"https:\/\/nexgendecors.com\/es\/product\/sofa-bentley-light-de-cuero-de-lujo-estilo-posmoderno-gran-villa-respaldo-alto-fila-recta-estilo-italiano-conjunto-de-muebles-estilo-hong-kong\/","title":{"rendered":"Sof\u00e1 de cuero con respaldo alto Bentley: comodidad y estilo de lujo"},"content":{"rendered":"<p><strong>Sof\u00e1 de cuero de lujo con respaldo alto Bentley Light<\/strong><\/p>\n<p>Experimente el lujo con el sof\u00e1 de cuero Bentley Light Luxury con respaldo alto, dise\u00f1ado para villas posmodernas y suites sofisticadas. Este amplio sof\u00e1 de filas rectas combina el estilo italiano con la elegancia de Hong Kong, con un elegante dise\u00f1o de respaldo alto que ofrece comodidad y un toque contempor\u00e1neo.<\/p>\n<ul>\n<li>\n<strong>\u00bfHay espacio de almacenamiento?<\/strong>:No<\/li>\n<li>\n<strong>estilo<\/strong>:Lujo ligero italiano<\/li>\n<li>\n<strong>Armar<\/strong>:No<\/li>\n<li>\n<strong>Caracter\u00edsticas adicionales<\/strong>:Otro<\/li>\n<li>\n<strong>volumen del paquete<\/strong>:8<\/li>\n<li>\n<strong>Relleno<\/strong>:Esponja 55D + l\u00e1tex<\/li>\n<li>\n<strong>Combinaci\u00f3n de sof\u00e1s<\/strong>:Forma de U<\/li>\n<li>\n<strong>Posicionamiento de estilo<\/strong>:Lujo de calidad<\/li>\n<li>\n<strong>Gama de acabados de cuero<\/strong>:Superficie de contacto<\/li>\n<li>\n<strong>ordenar por color<\/strong>:Sill\u00f3n de ocio (piel de vaca de primera capa importada de Italia), sof\u00e1 doble (piel de vaca de primera capa importada de Italia), sof\u00e1 para tres personas (piel de vaca de primera capa importada de Italia), sof\u00e1 para cuatro personas (piel de vaca de primera capa importada de Italia), mesa de centro, mueble de TV, mesa auxiliar X2, sill\u00f3n de ocio + sof\u00e1 doble + sof\u00e1 para tres personas (piel de vaca de primera capa importada de Italia), sill\u00f3n de ocio + sof\u00e1 doble + sof\u00e1 para cuatro personas (piel de vaca de primera capa importada de Italia), sill\u00f3n de ocio + sof\u00e1 doble + sof\u00e1 para tres personas + mesa de centro + mueble de TV, sill\u00f3n de ocio + sof\u00e1 doble + sof\u00e1 para cuatro personas + mesa de centro + mueble de TV, sill\u00f3n de ocio + sof\u00e1 doble + sof\u00e1 para tres personas + mesa de centro + mueble de TV + dos mesas auxiliares, sill\u00f3n de ocio + sof\u00e1 doble + sof\u00e1 para tres personas + mesa de centro + mueble de TV dep\u00f3sito<\/li>\n<li>\n<strong>marca<\/strong>:#0 F\u00e1brica<\/li>\n<li>\n<strong>modelo<\/strong>:GC-26<\/li>\n<li>\n<strong>Material de cuero<\/strong>:Capa superior de piel de vaca<\/li>\n<li>\n<strong>elementos populares<\/strong>:Hebilla, elementos a juego de colores<\/li>\n<li>\n<strong>Dureza del relleno<\/strong>:Dureza y suavidad moderadas.<\/li>\n<li>\n<strong>Adecuado<\/strong>:General<\/li>\n<li>\n<strong>Tecnolog\u00eda estructural<\/strong>:Artesan\u00eda en madera<\/li>\n<li>\n<strong>Tecnolog\u00eda de estructura de madera<\/strong>:doblamiento<\/li>\n<li>\n<strong>\u00bfEs personalizable?<\/strong>:S\u00ed<\/li>\n<li>\n<strong>Material<\/strong>:Haya<\/li>\n<li>\n<strong>Detalles de las instrucciones de instalaci\u00f3n<\/strong>:Instalaci\u00f3n por el maestro<\/li>\n<li>\n<strong>\u00bfHay taxi disponible para transporte?<\/strong>:No<\/li>\n<li>\n<strong>Entrega\/instalaci\u00f3n disponible<\/strong>:A escala nacional<\/li>\n<li>\n<strong>Proceso de acabado del cuero<\/strong>:Cuero<\/li>\n<li>\n<strong><\/strong>:<\/li>\n<\/ul>\n<p><img><\/p>","protected":false},"excerpt":{"rendered":"<p>Sof\u00e1 de cuero con respaldo alto de lujo Bentley Light Experimente el lujo con el sof\u00e1 de cuero con respaldo alto de lujo Bentley Light, dise\u00f1ado para villas posmodernas<\/p>","protected":false},"featured_media":35056,"comment_status":"open","ping_status":"closed","template":"","meta":[],"product_brand":[],"product_cat":[30862,30971,30850],"product_tag":[],"class_list":{"0":"post-34930","1":"product","2":"type-product","3":"status-publish","4":"has-post-thumbnail","6":"product_cat-wholesales-hotels","7":"product_cat-hp","8":"product_cat-wholesale-furniture","10":"first","11":"instock","12":"taxable","13":"shipping-taxable","14":"purchasable","15":"product-type-variable"},"_links":{"self":[{"href":"https:\/\/nexgendecors.com\/es\/wp-json\/wp\/v2\/product\/34930","targetHints":{"allow":["GET"]}}],"collection":[{"href":"https:\/\/nexgendecors.com\/es\/wp-json\/wp\/v2\/product"}],"about":[{"href":"https:\/\/nexgendecors.com\/es\/wp-json\/wp\/v2\/types\/product"}],"replies":[{"embeddable":true,"href":"https:\/\/nexgendecors.com\/es\/wp-json\/wp\/v2\/comments?post=34930"}],"version-history":[{"count":0,"href":"https:\/\/nexgendecors.com\/es\/wp-json\/wp\/v2\/product\/34930\/revisions"}],"wp:featuredmedia":[{"embeddable":true,"href":"https:\/\/nexgendecors.com\/es\/wp-json\/wp\/v2\/media\/35056"}],"wp:attachment":[{"href":"https:\/\/nexgendecors.com\/es\/wp-json\/wp\/v2\/media?parent=34930"}],"wp:term":[{"taxonomy":"product_brand","embeddable":true,"href":"https:\/\/nexgendecors.com\/es\/wp-json\/wp\/v2\/product_brand?post=34930"},{"taxonomy":"product_cat","embeddable":true,"href":"https:\/\/nexgendecors.com\/es\/wp-json\/wp\/v2\/product_cat?post=34930"},{"taxonomy":"product_tag","embeddable":true,"href":"https:\/\/nexgendecors.com\/es\/wp-json\/wp\/v2\/product_tag?post=34930"}],"curies":[{"name":"wp","href":"https:\/\/api.w.org\/{rel}","templated":true}]}}