{"id":34965,"date":"2025-01-26T01:40:30","date_gmt":"2025-01-26T01:40:30","guid":{"rendered":"https:\/\/nexgendecors.com\/product\/high-end-italian-light-luxury-leather-sofa-living-room-2024-new-combination-large-and-small-apartment-first-layer-modern-simple-cowhide\/"},"modified":"2025-04-06T07:45:58","modified_gmt":"2025-04-06T07:45:58","slug":"sofa-italiano-de-cuero-ligero-de-lujo-de-alta-gama-para-sala-de-estar-2024-nueva-combinacion-para-apartamentos-grandes-y-pequenos-primera-capa-moderno-y-sencillo-de-piel-de-vaca","status":"publish","type":"product","link":"https:\/\/nexgendecors.com\/es\/product\/sofa-italiano-de-cuero-ligero-de-lujo-de-alta-gama-para-sala-de-estar-2024-nueva-combinacion-para-apartamentos-grandes-y-pequenos-primera-capa-moderno-y-sencillo-de-piel-de-vaca\/","title":{"rendered":"Lujoso sof\u00e1 de cuero italiano: dise\u00f1o elegante y ligero"},"content":{"rendered":"<p><strong>Sof\u00e1 italiano de cuero ligero de lujo de alta gama<\/strong><\/p>\n<p>Renueva tu sala de estar con el sof\u00e1 italiano de cuero ligero de lujo de alta gama, un nuevo dise\u00f1o de 2024 que combina la simplicidad moderna con una comodidad opulenta. Fabricado con cuero de primera capa, este sof\u00e1 ofrece una experiencia de asiento lujosa y realza cualquier espacio con su estilo elegante y contempor\u00e1neo.<\/p>\n<ul>\n<li>\n<strong>\u00bfHay espacio de almacenamiento?<\/strong>:No<\/li>\n<li>\n<strong>estilo<\/strong>:Estilo de lujo ligero<\/li>\n<li>\n<strong>Armar<\/strong>:No<\/li>\n<li>\n<strong>Caracter\u00edsticas adicionales<\/strong>:puede moverse<\/li>\n<li>\n<strong>volumen del paquete<\/strong>:3<\/li>\n<li>\n<strong>Relleno<\/strong>:esponja<\/li>\n<li>\n<strong>Combinaci\u00f3n de sof\u00e1s<\/strong>:Forma de U<\/li>\n<li>\n<strong>Posicionamiento de estilo<\/strong>:Lujo de calidad<\/li>\n<li>\n<strong>Gama de acabados de cuero<\/strong>:Superficie de contacto<\/li>\n<li>\n<strong>ordenar por color<\/strong>:Asiento individual de 1,15 metros [todo en piel Nappa], asiento individual de 1,15 metros [todo en piel de vacuno de primera capa importada], asiento doble de 1,7 metros [todo en piel Nappa], asiento doble de 1,7 metros [todo en piel de vacuno de primera capa importada], asiento para tres personas de 2,2 metros [todo en piel Nappa], asiento para tres personas de 2,2 metros [todo en piel de vacuno de primera capa importada], asiento grande para tres personas de 2,5 metros [todo en piel Nappa], asiento grande para tres personas de 2,5 metros [todo en piel de vacuno de primera capa importada], asiento para cuatro personas de 2,8 metros [todo en piel Nappa], asiento para cuatro personas de 2,8 metros [todo en piel de vacuno de primera capa importada], asiento individual + tres personas de 2,2 metros [todo en piel Nappa], Asientos individuales + tres de 2,2 m [Todo en piel de primera calidad importada], Combinaci\u00f3n 1+2+3 [Todos Cuero napa], Combinaci\u00f3n 1+2+3 [Cuero importado de primera calidad], Doble + Tres plazas de 2,2 m [Cuero napa], Doble + Tres plazas de 2,2 m [Cuero importado de primera calidad], Doble + Cuatro plazas [Cuero napa], Doble + Cuatro plazas [Cuero importado de primera calidad], Silla giratoria Mil\u00e1n [Cuero napa], Silla giratoria Mil\u00e1n [Cuero importado de primera calidad], Silla giratoria Calabaza de alta gama [Cuero napa], Silla giratoria Calabaza de alta gama [Cuero importado de primera calidad]<\/li>\n<li>\n<strong>marca<\/strong>:#0 F\u00e1brica<\/li>\n<li>\n<strong>modelo<\/strong>:SF12-11<\/li>\n<li>\n<strong>Material de cuero<\/strong>:Cuero de microfibra<\/li>\n<li>\n<strong>Dureza del relleno<\/strong>:suave<\/li>\n<li>\n<strong>Adecuado<\/strong>:Adultos<\/li>\n<li>\n<strong>Tecnolog\u00eda estructural<\/strong>:Artesan\u00eda en madera<\/li>\n<li>\n<strong>Tecnolog\u00eda de estructura de madera<\/strong>:Pintado a mano<\/li>\n<li>\n<strong>\u00bfEs personalizable?<\/strong>:S\u00ed<\/li>\n<li>\n<strong>Material<\/strong>:Madera<\/li>\n<li>\n<strong>Material de madera<\/strong>:roble<\/li>\n<li>\n<strong>Detalles de las instrucciones de instalaci\u00f3n<\/strong>:Proporcione herramientas de instalaci\u00f3n sencillas, instrucciones de instalaci\u00f3n y videos de instalaci\u00f3n.<\/li>\n<li>\n<strong>N\u00famero de personas aplicable<\/strong>:combinaci\u00f3n<\/li>\n<li>\n<strong>patr\u00f3n<\/strong>:Arte<\/li>\n<li>\n<strong>\u00bfHay taxi disponible para transporte?<\/strong>:No<\/li>\n<li>\n<strong>Entrega\/instalaci\u00f3n disponible<\/strong>: Foshan, Zhengzhou, Guiyang, Guangzhou, Fuzhou, Harbin, Xiamen, Chongqing, Changzhou, Suzhou, Xi&#039;an, Shenzhen, Nanjing, Beijing, Wuxi, Qingdao, Changsha, Chengdu, Shanghai, Wuhan, Nanning, Shenyang, Dalian, Taizhou, Dongguan, Tianjin, Otros, Jinhua, Hangzhou, Ningbo, Nanchang, Wenzhou<\/li>\n<li>\n<strong>Proceso de acabado del cuero<\/strong>:Lavado<\/li>\n<li>\n<strong><\/strong>:<\/li>\n<\/ul>","protected":false},"excerpt":{"rendered":"<p>Sof\u00e1 de cuero italiano de lujo ligero de alta gama Actualice su sala de estar con el sof\u00e1 de cuero italiano de lujo ligero de alta gama, un nuevo<\/p>","protected":false},"featured_media":35088,"comment_status":"open","ping_status":"closed","template":"","meta":[],"product_brand":[],"product_cat":[30862,30971,30850],"product_tag":[],"class_list":{"0":"post-34965","1":"product","2":"type-product","3":"status-publish","4":"has-post-thumbnail","6":"product_cat-wholesales-hotels","7":"product_cat-hp","8":"product_cat-wholesale-furniture","10":"first","11":"instock","12":"taxable","13":"shipping-taxable","14":"purchasable","15":"product-type-variable"},"_links":{"self":[{"href":"https:\/\/nexgendecors.com\/es\/wp-json\/wp\/v2\/product\/34965","targetHints":{"allow":["GET"]}}],"collection":[{"href":"https:\/\/nexgendecors.com\/es\/wp-json\/wp\/v2\/product"}],"about":[{"href":"https:\/\/nexgendecors.com\/es\/wp-json\/wp\/v2\/types\/product"}],"replies":[{"embeddable":true,"href":"https:\/\/nexgendecors.com\/es\/wp-json\/wp\/v2\/comments?post=34965"}],"version-history":[{"count":0,"href":"https:\/\/nexgendecors.com\/es\/wp-json\/wp\/v2\/product\/34965\/revisions"}],"wp:featuredmedia":[{"embeddable":true,"href":"https:\/\/nexgendecors.com\/es\/wp-json\/wp\/v2\/media\/35088"}],"wp:attachment":[{"href":"https:\/\/nexgendecors.com\/es\/wp-json\/wp\/v2\/media?parent=34965"}],"wp:term":[{"taxonomy":"product_brand","embeddable":true,"href":"https:\/\/nexgendecors.com\/es\/wp-json\/wp\/v2\/product_brand?post=34965"},{"taxonomy":"product_cat","embeddable":true,"href":"https:\/\/nexgendecors.com\/es\/wp-json\/wp\/v2\/product_cat?post=34965"},{"taxonomy":"product_tag","embeddable":true,"href":"https:\/\/nexgendecors.com\/es\/wp-json\/wp\/v2\/product_tag?post=34965"}],"curies":[{"name":"wp","href":"https:\/\/api.w.org\/{rel}","templated":true}]}}