{"id":35161,"date":"2025-01-26T01:44:10","date_gmt":"2025-01-26T01:44:10","guid":{"rendered":"https:\/\/nexgendecors.com\/product\/light-luxury-italian-bentley-leather-sofa-combination-postmodern-simple-high-end-new-villa-living-room-givenchy-furniture\/"},"modified":"2025-04-06T07:46:15","modified_gmt":"2025-04-06T07:46:15","slug":"combinacion-de-sofas-italianos-de-cuero-bentley-ligeros-y-lujosos-estilo-posmoderno-de-alta-gama-para-una-nueva-sala-de-estar-tipo-villa-con-muebles-givenchy","status":"publish","type":"product","link":"https:\/\/nexgendecors.com\/es\/product\/combinacion-de-sofas-italianos-de-cuero-bentley-ligeros-y-lujosos-estilo-posmoderno-de-alta-gama-para-una-nueva-sala-de-estar-tipo-villa-con-muebles-givenchy\/","title":{"rendered":"Sof\u00e1 de cuero Bentley: lujo, elegancia y ligereza italiana"},"content":{"rendered":"<p><strong>Sof\u00e1 italiano ligero de cuero Bentley de lujo<\/strong><\/p>\n<p>Realce su sala de estar con el sof\u00e1 italiano ligero de cuero Bentley de lujo, una sofisticada incorporaci\u00f3n a cualquier nueva villa. Esta combinaci\u00f3n de sof\u00e1s posmodernos combina lujo de alta gama con un dise\u00f1o sencillo pero elegante, tapizado en cuero Bentley de primera calidad para un toque de opulencia.<\/p>\n<ul>\n<li>\n<strong>marca<\/strong>:otro\/otro<\/li>\n<li>\n<strong>modelo<\/strong>:FND-068<\/li>\n<li>\n<strong>patr\u00f3n<\/strong>:Arte<\/li>\n<li>\n<strong>estilo<\/strong>:Estilo de lujo ligero<\/li>\n<li>\n<strong>N\u00famero de personas aplicable<\/strong>:combinaci\u00f3n<\/li>\n<li>\n<strong>elementos populares<\/strong>:Mortija y espiga, metal, espejo<\/li>\n<li>\n<strong>ordenar por color<\/strong>:Taburete redondo (piel napa), silla de ocio (piel napa) forma de acero inoxidable, silla de ocio (piel napa) forma de madera maciza, asiento doble (piel napa), asiento para tres personas (piel napa), asiento para cuatro personas (piel napa), mesa de centro, taburete redondo (piel de vaca italiana), silla de ocio (piel de vaca italiana) forma de acero inoxidable, silla de ocio (piel de vaca italiana) forma de madera maciza, asiento doble (piel de vaca italiana), asiento para tres personas (piel de vaca italiana), asiento para cuatro personas (piel de vaca italiana)<\/li>\n<li>\n<strong>Material de acabado<\/strong>:Madera maciza<\/li>\n<li>\n<strong>Relleno<\/strong>:esponja<\/li>\n<li>\n<strong>Tecnolog\u00eda de acabado<\/strong>:Proceso de pintura<\/li>\n<li>\n<strong>Proceso de acabado de pintura<\/strong>:Pintar<\/li>\n<li>\n<strong>\u00bfEs personalizable?<\/strong>:S\u00ed<\/li>\n<li>\n<strong>Combinaci\u00f3n de sof\u00e1s<\/strong>:Forma de U<\/li>\n<li>\n<strong>Caracter\u00edsticas adicionales<\/strong>:puede moverse<\/li>\n<li>\n<strong>Adecuado<\/strong>:Adultos<\/li>\n<li>\n<strong>\u00bfHay espacio de almacenamiento?<\/strong>:No<\/li>\n<li>\n<strong>Material de madera<\/strong>:Haya<\/li>\n<li>\n<strong>Tecnolog\u00eda de estructura de madera<\/strong>:Estructura de mortaja y espiga<\/li>\n<li>\n<strong>Entrega\/instalaci\u00f3n disponible<\/strong>:Otros, Beijing, Nanchang, Harbin, Dalian, Shenyang, Xi&#039;an, Guiyang, Zhengzhou, Jinhua, Changsha, Changzhou, Chengdu, Dongguan, Foshan, Fuzhou, Guangzhou, Hangzhou, Nanjing, Nanning, Ningbo, Qingdao, Shanghai, Shenzhen, Suzhou, Taizhou, Tianjin, Wenzhou, Wuxi, Wuhan, Xiamen, Chongqing<\/li>\n<li>\n<strong>Armar<\/strong>:No<\/li>\n<li>\n<strong>volumen del paquete<\/strong>:2<\/li>\n<li>\n<strong>\u00bfHay taxi disponible para transporte?<\/strong>:No<\/li>\n<li>\n<strong>Posicionamiento de estilo<\/strong>:Lujo de calidad<\/li>\n<li>\n<strong>\u00bfEs todo de madera maciza?<\/strong>:S\u00ed<\/li>\n<\/ul>\n<p><img><\/p>","protected":false},"excerpt":{"rendered":"<p>Sof\u00e1 de cuero Bentley de lujo, ligero y italiano Eleve su sala de estar con el sof\u00e1 de cuero Bentley de lujo, ligero y italiano, un sofisticado<\/p>","protected":false},"featured_media":35219,"comment_status":"open","ping_status":"closed","template":"","meta":[],"product_brand":[],"product_cat":[30862,30971,30850],"product_tag":[],"class_list":{"0":"post-35161","1":"product","2":"type-product","3":"status-publish","4":"has-post-thumbnail","6":"product_cat-wholesales-hotels","7":"product_cat-hp","8":"product_cat-wholesale-furniture","10":"first","11":"instock","12":"taxable","13":"shipping-taxable","14":"purchasable","15":"product-type-variable"},"_links":{"self":[{"href":"https:\/\/nexgendecors.com\/es\/wp-json\/wp\/v2\/product\/35161","targetHints":{"allow":["GET"]}}],"collection":[{"href":"https:\/\/nexgendecors.com\/es\/wp-json\/wp\/v2\/product"}],"about":[{"href":"https:\/\/nexgendecors.com\/es\/wp-json\/wp\/v2\/types\/product"}],"replies":[{"embeddable":true,"href":"https:\/\/nexgendecors.com\/es\/wp-json\/wp\/v2\/comments?post=35161"}],"version-history":[{"count":0,"href":"https:\/\/nexgendecors.com\/es\/wp-json\/wp\/v2\/product\/35161\/revisions"}],"wp:featuredmedia":[{"embeddable":true,"href":"https:\/\/nexgendecors.com\/es\/wp-json\/wp\/v2\/media\/35219"}],"wp:attachment":[{"href":"https:\/\/nexgendecors.com\/es\/wp-json\/wp\/v2\/media?parent=35161"}],"wp:term":[{"taxonomy":"product_brand","embeddable":true,"href":"https:\/\/nexgendecors.com\/es\/wp-json\/wp\/v2\/product_brand?post=35161"},{"taxonomy":"product_cat","embeddable":true,"href":"https:\/\/nexgendecors.com\/es\/wp-json\/wp\/v2\/product_cat?post=35161"},{"taxonomy":"product_tag","embeddable":true,"href":"https:\/\/nexgendecors.com\/es\/wp-json\/wp\/v2\/product_tag?post=35161"}],"curies":[{"name":"wp","href":"https:\/\/api.w.org\/{rel}","templated":true}]}}