{"id":35190,"date":"2025-01-26T01:44:13","date_gmt":"2025-01-26T01:44:13","guid":{"rendered":"https:\/\/nexgendecors.com\/product\/italian-light-luxury-leather-sofa-combination-living-room-villa-large-apartment-postmodern-straight-bentley-high-end-furniture-customization\/"},"modified":"2025-04-06T07:46:23","modified_gmt":"2025-04-06T07:46:23","slug":"combinacion-de-sofas-italianos-de-cuero-de-lujo-ligeros-para-sala-de-estar-villa-apartamento-grande-posmoderno-recto-bentley-muebles-de-alta-gama-personalizacion","status":"publish","type":"product","link":"https:\/\/nexgendecors.com\/es\/product\/combinacion-de-sofas-italianos-de-cuero-de-lujo-ligeros-para-sala-de-estar-villa-apartamento-grande-posmoderno-recto-bentley-muebles-de-alta-gama-personalizacion\/","title":{"rendered":"Sof\u00e1 italiano de cuero ligero de lujo: comodidad y estilo elegantes"},"content":{"rendered":"<p><strong>Sof\u00e1 italiano de cuero ligero de lujo<\/strong><\/p>\n<p>Transforme su sala de estar con el sof\u00e1 italiano de cuero de lujo, dise\u00f1ado para villas y apartamentos grandes. Esta combinaci\u00f3n posmoderna presenta un dise\u00f1o inspirado en Bentley, que combina lujo de alta gama con estilo contempor\u00e1neo.<\/p>\n<ul>\n<li>\n<strong>\u00bfHay espacio de almacenamiento?<\/strong>:No<\/li>\n<li>\n<strong>estilo<\/strong>:Estilo de lujo ligero<\/li>\n<li>\n<strong>Armar<\/strong>:No<\/li>\n<li>\n<strong>ciudad<\/strong>:Ciudad de Suzhou<\/li>\n<li>\n<strong>Distritos y condados<\/strong>:Distrito de Xiangcheng<\/li>\n<li>\n<strong>Caracter\u00edsticas adicionales<\/strong>:puede moverse<\/li>\n<li>\n<strong>volumen del paquete<\/strong>:6<\/li>\n<li>\n<strong>Relleno<\/strong>:Esponja de alta resiliencia<\/li>\n<li>\n<strong>Combinaci\u00f3n de sof\u00e1s<\/strong>:Forma de U<\/li>\n<li>\n<strong>Origen<\/strong>:Provincia de Jiangsu<\/li>\n<li>\n<strong>Posicionamiento de estilo<\/strong>:Lujo de calidad<\/li>\n<li>\n<strong>Gama de acabados de cuero<\/strong>:Superficie de contacto<\/li>\n<li>\n<strong>ordenar por color<\/strong>:Asiento para cuatro personas (piel de vaca importada de primera capa), asiento para tres personas (piel de vaca importada de primera capa), asiento para dos personas (piel de vaca importada de primera capa), silla de ocio (piel de vaca importada de primera capa), mesa de centro, un par de esquinas, mueble de TV de 2,2 metros, dos sillas de ocio + asientos dobles + asiento para tres personas (piel de vaca importada de primera capa), dos sillas de ocio + asientos dobles + asiento para cuatro personas (piel de vaca importada de primera capa), dos sillas de ocio + asientos dobles + asiento para tres personas + mesa de centro + mueble de TV de 2,2 metros (piel de vaca importada de primera capa), dos sillas de ocio + asientos dobles + asiento para cuatro personas + mesa de centro + mueble de TV de 2,2 metros (piel de vaca importada de primera capa), dos sillas de ocio + asientos dobles + asiento para tres personas + mesa de centro + mueble de TV de 2,2 metros + dos mesas auxiliares (piel de vaca importada de primera capa), dos sillas de ocio + asientos dobles + asiento para cuatro personas + mesa de centro + Mueble TV de 2,2 metros + dos mesas auxiliares (piel de vacuno de primera capa importada)<\/li>\n<li>\n<strong>marca<\/strong>:otro\/otro<\/li>\n<li>\n<strong>modelo<\/strong>:ZSMJ-25<\/li>\n<li>\n<strong>Material de cuero<\/strong>:Capa superior de piel de vaca<\/li>\n<li>\n<strong>elementos populares<\/strong>:Forma especial, empalme, espejo, metal.<\/li>\n<li>\n<strong>Dureza del relleno<\/strong>:Dureza y suavidad moderadas.<\/li>\n<li>\n<strong>Adecuado<\/strong>:Adultos<\/li>\n<li>\n<strong>Tecnolog\u00eda estructural<\/strong>:Artesan\u00eda en madera<\/li>\n<li>\n<strong>Tecnolog\u00eda de estructura de madera<\/strong>:Estructura de mortaja y espiga<\/li>\n<li>\n<strong>\u00bfEs personalizable?<\/strong>:S\u00ed<\/li>\n<li>\n<strong>Material<\/strong>:Madera<\/li>\n<li>\n<strong>Material de madera<\/strong>:Haya<\/li>\n<li>\n<strong>Detalles de las instrucciones de instalaci\u00f3n<\/strong>:Instalaci\u00f3n por el maestro<\/li>\n<li>\n<strong>N\u00famero de personas aplicable<\/strong>:combinaci\u00f3n<\/li>\n<li>\n<strong>patr\u00f3n<\/strong>:Arte<\/li>\n<li>\n<strong>Entrega\/instalaci\u00f3n disponible<\/strong>:Foshan, Zhengzhou, Guiyang, Guangzhou, Fuzhou, Harbin, Xiamen, Chongqing, Changzhou, Suzhou, Xi&#039;an, Shenzhen, Nanjing, Changsha, Beijing, Qingdao, Wuxi, Chengdu, Shanghai, Wuhan, Nanning, Nationwide, Shenyang, Dalian, Taizhou, Dongguan, Tianjin, Otros, Jinhua, Hangzhou, Nanchang, Ningbo, Wenzhou<\/li>\n<li>\n<strong>Proceso de acabado del cuero<\/strong>:Cuero<\/li>\n<li>\n<strong><\/strong>:<\/li>\n<\/ul>\n<p><img><\/p>","protected":false},"excerpt":{"rendered":"<p>Sof\u00e1 de cuero de lujo italiano ligero Transforme su espacio vital con el sof\u00e1 de cuero de lujo italiano ligero, dise\u00f1ado para villas y<\/p>","protected":false},"featured_media":35532,"comment_status":"open","ping_status":"closed","template":"","meta":[],"product_brand":[],"product_cat":[30862,30971,30850],"product_tag":[],"class_list":{"0":"post-35190","1":"product","2":"type-product","3":"status-publish","4":"has-post-thumbnail","6":"product_cat-wholesales-hotels","7":"product_cat-hp","8":"product_cat-wholesale-furniture","10":"first","11":"instock","12":"taxable","13":"shipping-taxable","14":"purchasable","15":"product-type-variable"},"_links":{"self":[{"href":"https:\/\/nexgendecors.com\/es\/wp-json\/wp\/v2\/product\/35190","targetHints":{"allow":["GET"]}}],"collection":[{"href":"https:\/\/nexgendecors.com\/es\/wp-json\/wp\/v2\/product"}],"about":[{"href":"https:\/\/nexgendecors.com\/es\/wp-json\/wp\/v2\/types\/product"}],"replies":[{"embeddable":true,"href":"https:\/\/nexgendecors.com\/es\/wp-json\/wp\/v2\/comments?post=35190"}],"version-history":[{"count":0,"href":"https:\/\/nexgendecors.com\/es\/wp-json\/wp\/v2\/product\/35190\/revisions"}],"wp:featuredmedia":[{"embeddable":true,"href":"https:\/\/nexgendecors.com\/es\/wp-json\/wp\/v2\/media\/35532"}],"wp:attachment":[{"href":"https:\/\/nexgendecors.com\/es\/wp-json\/wp\/v2\/media?parent=35190"}],"wp:term":[{"taxonomy":"product_brand","embeddable":true,"href":"https:\/\/nexgendecors.com\/es\/wp-json\/wp\/v2\/product_brand?post=35190"},{"taxonomy":"product_cat","embeddable":true,"href":"https:\/\/nexgendecors.com\/es\/wp-json\/wp\/v2\/product_cat?post=35190"},{"taxonomy":"product_tag","embeddable":true,"href":"https:\/\/nexgendecors.com\/es\/wp-json\/wp\/v2\/product_tag?post=35190"}],"curies":[{"name":"wp","href":"https:\/\/api.w.org\/{rel}","templated":true}]}}