{"id":35230,"date":"2025-01-26T01:44:16","date_gmt":"2025-01-26T01:44:16","guid":{"rendered":"https:\/\/nexgendecors.com\/product\/italian-light-luxury-matte-leather-sofa-villa-high-end-large-apartment-living-room-bentley-furniture-italian-buckle-sofa\/"},"modified":"2025-04-06T07:46:31","modified_gmt":"2025-04-06T07:46:31","slug":"sofa-italiano-de-cuero-mate-de-lujo-ligero-y-de-alta-gama-para-villa-apartamento-grande-sala-de-estar-bentley-furniture-sofa-italiano-con-hebilla","status":"publish","type":"product","link":"https:\/\/nexgendecors.com\/es\/product\/sofa-italiano-de-cuero-mate-de-lujo-ligero-y-de-alta-gama-para-villa-apartamento-grande-sala-de-estar-bentley-furniture-sofa-italiano-con-hebilla\/","title":{"rendered":"Sof\u00e1 italiano de lujo en cuero mate: comodidad y elegancia"},"content":{"rendered":"<p><strong>Sof\u00e1 italiano de cuero mate de lujo ligero<\/strong><\/p>\n<p>Transforme la sala de estar de su villa o apartamento grande con el sof\u00e1 italiano de cuero mate de lujo, con un sofisticado dise\u00f1o inspirado en Bentley. Este sof\u00e1 de alta gama combina un elegante cuero mate con distintivos detalles de hebillas italianas, ofreciendo un toque lujoso y moderno.<\/p>\n<ul>\n<li>\n<strong>marca<\/strong>:Sin marca\/sin marca registrada<\/li>\n<li>\n<strong>modelo<\/strong>:65<\/li>\n<li>\n<strong>elementos populares<\/strong>:Espejo, mortaja y espiga, metal.<\/li>\n<li>\n<strong>\u00bfHay espacio de almacenamiento?<\/strong>:No<\/li>\n<li>\n<strong>estilo<\/strong>:Estilo de lujo ligero<\/li>\n<li>\n<strong>Armar<\/strong>:No<\/li>\n<li>\n<strong>Adecuado<\/strong>:Adultos<\/li>\n<li>\n<strong>Caracter\u00edsticas adicionales<\/strong>:puede moverse<\/li>\n<li>\n<strong>\u00bfEs todo de madera maciza?<\/strong>:S\u00ed<\/li>\n<li>\n<strong>volumen del paquete<\/strong>:2<\/li>\n<li>\n<strong>\u00bfEs personalizable?<\/strong>:S\u00ed<\/li>\n<li>\n<strong>Relleno<\/strong>:esponja<\/li>\n<li>\n<strong>Tecnolog\u00eda de estructura de madera<\/strong>:Estructura de mortaja y espiga<\/li>\n<li>\n<strong>Combinaci\u00f3n de sof\u00e1s<\/strong>:Forma de U<\/li>\n<li>\n<strong>N\u00famero de personas aplicable<\/strong>:combinaci\u00f3n<\/li>\n<li>\n<strong>patr\u00f3n<\/strong>:Arte<\/li>\n<li>\n<strong>\u00bfHay taxi disponible para transporte?<\/strong>:No<\/li>\n<li>\n<strong>Posicionamiento de estilo<\/strong>:Lujo de calidad<\/li>\n<li>\n<strong>Material de madera<\/strong>:Haya<\/li>\n<li>\n<strong>ordenar por color<\/strong>:Silla de ocio, asiento individual, asiento doble, asiento triple, asiento cu\u00e1druple, mesa de caf\u00e9, mesa de esquina, mueble de TV, sala de exposiciones f\u00edsicas de Suzhou; puedes venir a visitarnos<\/li>\n<\/ul>\n<p><img><\/p>","protected":false},"excerpt":{"rendered":"<p>Sof\u00e1 italiano de cuero mate de lujo claro Transforme la sala de estar de su villa o apartamento grande con el sof\u00e1 italiano de cuero mate de lujo claro<\/p>","protected":false},"featured_media":35856,"comment_status":"open","ping_status":"closed","template":"","meta":[],"product_brand":[],"product_cat":[30862,30971,30850],"product_tag":[],"class_list":{"0":"post-35230","1":"product","2":"type-product","3":"status-publish","4":"has-post-thumbnail","6":"product_cat-wholesales-hotels","7":"product_cat-hp","8":"product_cat-wholesale-furniture","10":"first","11":"instock","12":"taxable","13":"shipping-taxable","14":"purchasable","15":"product-type-variable"},"_links":{"self":[{"href":"https:\/\/nexgendecors.com\/es\/wp-json\/wp\/v2\/product\/35230","targetHints":{"allow":["GET"]}}],"collection":[{"href":"https:\/\/nexgendecors.com\/es\/wp-json\/wp\/v2\/product"}],"about":[{"href":"https:\/\/nexgendecors.com\/es\/wp-json\/wp\/v2\/types\/product"}],"replies":[{"embeddable":true,"href":"https:\/\/nexgendecors.com\/es\/wp-json\/wp\/v2\/comments?post=35230"}],"version-history":[{"count":0,"href":"https:\/\/nexgendecors.com\/es\/wp-json\/wp\/v2\/product\/35230\/revisions"}],"wp:featuredmedia":[{"embeddable":true,"href":"https:\/\/nexgendecors.com\/es\/wp-json\/wp\/v2\/media\/35856"}],"wp:attachment":[{"href":"https:\/\/nexgendecors.com\/es\/wp-json\/wp\/v2\/media?parent=35230"}],"wp:term":[{"taxonomy":"product_brand","embeddable":true,"href":"https:\/\/nexgendecors.com\/es\/wp-json\/wp\/v2\/product_brand?post=35230"},{"taxonomy":"product_cat","embeddable":true,"href":"https:\/\/nexgendecors.com\/es\/wp-json\/wp\/v2\/product_cat?post=35230"},{"taxonomy":"product_tag","embeddable":true,"href":"https:\/\/nexgendecors.com\/es\/wp-json\/wp\/v2\/product_tag?post=35230"}],"curies":[{"name":"wp","href":"https:\/\/api.w.org\/{rel}","templated":true}]}}