{"id":35324,"date":"2025-01-26T01:44:29","date_gmt":"2025-01-26T01:44:29","guid":{"rendered":"https:\/\/nexgendecors.com\/product\/italian-postmodern-light-luxury-sofa-villa-living-room-country-garden-high-end-first-layer-leather-1234-combination-hong-kong-style-furniture\/"},"modified":"2025-04-06T07:46:59","modified_gmt":"2025-04-06T07:46:59","slug":"sofa-italiano-posmoderno-de-lujo-ligero-para-sala-de-estar-estilo-villa-jardin-campestre-primera-capa-de-cuero-de-alta-gama-combinacion-1234-muebles-estilo-hong-kong","status":"publish","type":"product","link":"https:\/\/nexgendecors.com\/es\/product\/sofa-italiano-posmoderno-de-lujo-ligero-para-sala-de-estar-estilo-villa-jardin-campestre-primera-capa-de-cuero-de-alta-gama-combinacion-1234-muebles-estilo-hong-kong\/","title":{"rendered":"Sof\u00e1 italiano posmoderno de cuero: comodidad de lujo"},"content":{"rendered":"<p><strong>Sof\u00e1 italiano posmoderno de lujo, ligero y de primera capa de cuero.\u00a0<\/strong><\/p>\n<p>Realce la sala de estar de su villa con el sof\u00e1 italiano posmoderno Light Luxury, una sofisticada incorporaci\u00f3n a cualquier interior de alta gama. Dise\u00f1ado para el propietario m\u00e1s exigente, este exquisito sof\u00e1 cuenta con una tapicer\u00eda de cuero premium de primera capa, que proporciona un nivel de comodidad y elegancia inigualables. La combinaci\u00f3n 1234 ofrece una disposici\u00f3n de asientos vers\u00e1til, perfecta tanto para reuniones \u00edntimas como para grandes eventos sociales.<\/p>\n<ul>\n<li>\n<strong>marca<\/strong>:#0 F\u00e1brica<\/li>\n<li>\n<strong>modelo<\/strong>:qs-36950<\/li>\n<li>\n<strong>Material<\/strong>:abedul<\/li>\n<li>\n<strong>patr\u00f3n<\/strong>:Arte<\/li>\n<li>\n<strong>estilo<\/strong>:Estilo de lujo ligero<\/li>\n<li>\n<strong>elementos populares<\/strong>:Forma especial, elementos de combinaci\u00f3n de colores, metal.<\/li>\n<li>\n<strong>ordenar por color<\/strong>:Silla de ocio, dos plazas, tres plazas, cuatro plazas, mesa de centro, mesa auxiliar, mueble de TV, taburete de mesa de centro, mueble auxiliar, c\u00f3moda, personalizaci\u00f3n de color\/tama\u00f1o, consulte con el servicio de atenci\u00f3n al cliente y env\u00ede la placa de color<\/li>\n<li>\n<strong>Relleno<\/strong>:esponja<\/li>\n<li>\n<strong>Tecnolog\u00eda estructural<\/strong>:Artesan\u00eda en madera<\/li>\n<li>\n<strong>Tecnolog\u00eda de estructura de madera<\/strong>:doblamiento<\/li>\n<li>\n<strong>\u00bfEs personalizable?<\/strong>:S\u00ed<\/li>\n<li>\n<strong>Combinaci\u00f3n de sof\u00e1s<\/strong>:Forma de U<\/li>\n<li>\n<strong>Caracter\u00edsticas adicionales<\/strong>:puede moverse<\/li>\n<li>\n<strong>Adecuado<\/strong>:General<\/li>\n<li>\n<strong>\u00bfHay espacio de almacenamiento?<\/strong>:No<\/li>\n<li>\n<strong>Proceso de acabado del cuero<\/strong>:Barniz<\/li>\n<li>\n<strong>Material de cuero<\/strong>:Cuero con ara\u00f1azos de gato, capa superior de piel de vaca<\/li>\n<li>\n<strong>Entrega\/instalaci\u00f3n disponible<\/strong>:A nivel nacional,Otros,Nanchang,Harbin,Dalian,Shenyang,Xi&#039;an,Guiyang,Zhengzhou,Jinhua<\/li>\n<li>\n<strong>Armar<\/strong>:No<\/li>\n<li>\n<strong>volumen del paquete<\/strong>:1<\/li>\n<li>\n<strong>\u00bfHay taxi disponible para transporte?<\/strong>:No<\/li>\n<li>\n<strong>Dureza del relleno<\/strong>:suave<\/li>\n<li>\n<strong>Posicionamiento de estilo<\/strong>:Lujo de calidad<\/li>\n<li>\n<strong>Detalles de las instrucciones de instalaci\u00f3n<\/strong>:El maestro vendr\u00e1 a instalarlo y proporcionar\u00e1 herramientas de instalaci\u00f3n sencillas.<\/li>\n<li>\n<strong>Gama de acabados de cuero<\/strong>:Superficie de contacto<\/li>\n<\/ul>\n<p><img><\/p>","protected":false},"excerpt":{"rendered":"<p>Sof\u00e1 italiano de lujo ligero posmoderno: primera capa de cuero Eleve la sala de estar de su villa con el sof\u00e1 italiano de lujo ligero posmoderno.<\/p>","protected":false},"featured_media":35947,"comment_status":"open","ping_status":"closed","template":"","meta":[],"product_brand":[],"product_cat":[30862,30971,30850],"product_tag":[],"class_list":{"0":"post-35324","1":"product","2":"type-product","3":"status-publish","4":"has-post-thumbnail","6":"product_cat-wholesales-hotels","7":"product_cat-hp","8":"product_cat-wholesale-furniture","10":"first","11":"instock","12":"taxable","13":"shipping-taxable","14":"purchasable","15":"product-type-variable"},"_links":{"self":[{"href":"https:\/\/nexgendecors.com\/es\/wp-json\/wp\/v2\/product\/35324","targetHints":{"allow":["GET"]}}],"collection":[{"href":"https:\/\/nexgendecors.com\/es\/wp-json\/wp\/v2\/product"}],"about":[{"href":"https:\/\/nexgendecors.com\/es\/wp-json\/wp\/v2\/types\/product"}],"replies":[{"embeddable":true,"href":"https:\/\/nexgendecors.com\/es\/wp-json\/wp\/v2\/comments?post=35324"}],"version-history":[{"count":0,"href":"https:\/\/nexgendecors.com\/es\/wp-json\/wp\/v2\/product\/35324\/revisions"}],"wp:featuredmedia":[{"embeddable":true,"href":"https:\/\/nexgendecors.com\/es\/wp-json\/wp\/v2\/media\/35947"}],"wp:attachment":[{"href":"https:\/\/nexgendecors.com\/es\/wp-json\/wp\/v2\/media?parent=35324"}],"wp:term":[{"taxonomy":"product_brand","embeddable":true,"href":"https:\/\/nexgendecors.com\/es\/wp-json\/wp\/v2\/product_brand?post=35324"},{"taxonomy":"product_cat","embeddable":true,"href":"https:\/\/nexgendecors.com\/es\/wp-json\/wp\/v2\/product_cat?post=35324"},{"taxonomy":"product_tag","embeddable":true,"href":"https:\/\/nexgendecors.com\/es\/wp-json\/wp\/v2\/product_tag?post=35324"}],"curies":[{"name":"wp","href":"https:\/\/api.w.org\/{rel}","templated":true}]}}