{"id":35337,"date":"2025-01-26T01:44:31","date_gmt":"2025-01-26T01:44:31","guid":{"rendered":"https:\/\/nexgendecors.com\/product\/italian-postmodern-light-luxury-sofa-villa-living-room-country-garden-high-end-nappa-leather-1234-combination-hong-kong-style-furniture\/"},"modified":"2025-04-06T07:47:03","modified_gmt":"2025-04-06T07:47:03","slug":"sofa-italiano-posmoderno-de-lujo-ligero-para-salon-estilo-villa-jardin-campestre-piel-napa-de-alta-gama-combinacion-1234-muebles-estilo-hong-kong","status":"publish","type":"product","link":"https:\/\/nexgendecors.com\/es\/product\/sofa-italiano-posmoderno-de-lujo-ligero-para-salon-estilo-villa-jardin-campestre-piel-napa-de-alta-gama-combinacion-1234-muebles-estilo-hong-kong\/","title":{"rendered":"Sof\u00e1 italiano de lujo de cuero napa posmoderno"},"content":{"rendered":"<p><strong>Sof\u00e1 italiano posmoderno de lujo, ligero y de cuero napa\u00a0<\/strong><\/p>\n<p>Experimente una elegancia inigualable con el sof\u00e1 italiano posmoderno Light Luxury, una obra maestra dise\u00f1ada para salas de estar de villas de lujo. Fabricado en cuero napa de primera calidad, este lujoso conjunto de sof\u00e1s ofrece la m\u00e1xima comodidad y sofisticaci\u00f3n. La combinaci\u00f3n 1234 ofrece una disposici\u00f3n flexible de asientos, perfecta para acomodar a familiares e invitados con estilo.<\/p>\n<ul>\n<li>\n<strong>marca<\/strong>:#0 F\u00e1brica<\/li>\n<li>\n<strong>modelo<\/strong>:qs-36920<\/li>\n<li>\n<strong>Material<\/strong>:Madera<\/li>\n<li>\n<strong>Material de madera<\/strong>:abedul<\/li>\n<li>\n<strong>patr\u00f3n<\/strong>:Arte<\/li>\n<li>\n<strong>estilo<\/strong>:Estilo de lujo ligero<\/li>\n<li>\n<strong>elementos populares<\/strong>:Troncos, hebilla<\/li>\n<li>\n<strong>ordenar por color<\/strong>: Asiento individual, dos asientos, tres asientos, cuatro asientos, mesa de centro, mueble de TV, mesa de esquina, mueble auxiliar, cama de dormitorio principal, silla de ocio, consulta de color\/material, servicio al cliente, enviar tablero de colores, tocador<\/li>\n<li>\n<strong>Relleno<\/strong>:esponja<\/li>\n<li>\n<strong>Tecnolog\u00eda estructural<\/strong>:Artesan\u00eda en madera<\/li>\n<li>\n<strong>Tecnolog\u00eda de estructura de madera<\/strong>:otro<\/li>\n<li>\n<strong>\u00bfEs personalizable?<\/strong>:S\u00ed<\/li>\n<li>\n<strong>Combinaci\u00f3n de sof\u00e1s<\/strong>:Forma de U<\/li>\n<li>\n<strong>Caracter\u00edsticas adicionales<\/strong>:puede moverse<\/li>\n<li>\n<strong>Adecuado<\/strong>:General<\/li>\n<li>\n<strong>\u00bfHay espacio de almacenamiento?<\/strong>:No<\/li>\n<li>\n<strong>Proceso de acabado del cuero<\/strong>:Barniz<\/li>\n<li>\n<strong>Material de cuero<\/strong>:Capa superior de piel de vaca<\/li>\n<li>\n<strong>Entrega\/instalaci\u00f3n disponible<\/strong>:A nivel nacional,Otros,Nanchang,Harbin,Dalian,Shenyang,Xi&#039;an,Guiyang,Zhengzhou,Jinhua,Changsha,Beijing,Changzhou,Chengdu,Dongguan,Foshan,Fuzhou,Guangzhou,Hangzhou,Nanjing,Nanning,Ningbo,Qingdao,Shanghai,Shenzhen,Suzhou<\/li>\n<li>\n<strong>Armar<\/strong>:S\u00ed<\/li>\n<li>\n<strong>volumen del paquete<\/strong>:1<\/li>\n<li>\n<strong>\u00bfHay taxi disponible para transporte?<\/strong>:No<\/li>\n<li>\n<strong>Dureza del relleno<\/strong>:suave<\/li>\n<li>\n<strong>Posicionamiento de estilo<\/strong>:Lujo de calidad<\/li>\n<li>\n<strong>Detalles de las instrucciones de instalaci\u00f3n<\/strong>:Instalaci\u00f3n por el maestro<\/li>\n<li>\n<strong>Gama de acabados de cuero<\/strong>:Superficie de contacto<\/li>\n<li>\n<strong><\/strong>:<\/li>\n<\/ul>\n<p><img><\/p>","protected":false},"excerpt":{"rendered":"<p>Sof\u00e1 de lujo ligero posmoderno italiano: cuero napa Experimente una elegancia incomparable con el sof\u00e1 de lujo ligero posmoderno italiano, una obra maestra<\/p>","protected":false},"featured_media":35962,"comment_status":"open","ping_status":"closed","template":"","meta":[],"product_brand":[],"product_cat":[30862,30971,30850],"product_tag":[],"class_list":{"0":"post-35337","1":"product","2":"type-product","3":"status-publish","4":"has-post-thumbnail","6":"product_cat-wholesales-hotels","7":"product_cat-hp","8":"product_cat-wholesale-furniture","10":"first","11":"instock","12":"taxable","13":"shipping-taxable","14":"purchasable","15":"product-type-variable"},"_links":{"self":[{"href":"https:\/\/nexgendecors.com\/es\/wp-json\/wp\/v2\/product\/35337","targetHints":{"allow":["GET"]}}],"collection":[{"href":"https:\/\/nexgendecors.com\/es\/wp-json\/wp\/v2\/product"}],"about":[{"href":"https:\/\/nexgendecors.com\/es\/wp-json\/wp\/v2\/types\/product"}],"replies":[{"embeddable":true,"href":"https:\/\/nexgendecors.com\/es\/wp-json\/wp\/v2\/comments?post=35337"}],"version-history":[{"count":0,"href":"https:\/\/nexgendecors.com\/es\/wp-json\/wp\/v2\/product\/35337\/revisions"}],"wp:featuredmedia":[{"embeddable":true,"href":"https:\/\/nexgendecors.com\/es\/wp-json\/wp\/v2\/media\/35962"}],"wp:attachment":[{"href":"https:\/\/nexgendecors.com\/es\/wp-json\/wp\/v2\/media?parent=35337"}],"wp:term":[{"taxonomy":"product_brand","embeddable":true,"href":"https:\/\/nexgendecors.com\/es\/wp-json\/wp\/v2\/product_brand?post=35337"},{"taxonomy":"product_cat","embeddable":true,"href":"https:\/\/nexgendecors.com\/es\/wp-json\/wp\/v2\/product_cat?post=35337"},{"taxonomy":"product_tag","embeddable":true,"href":"https:\/\/nexgendecors.com\/es\/wp-json\/wp\/v2\/product_tag?post=35337"}],"curies":[{"name":"wp","href":"https:\/\/api.w.org\/{rel}","templated":true}]}}