{"id":35404,"date":"2025-01-26T01:44:38","date_gmt":"2025-01-26T01:44:38","guid":{"rendered":"https:\/\/nexgendecors.com\/product\/light-luxury-italian-bentley-leather-bed-high-end-villa-master-bedroom-double-bed-modern-designer-1-8-meters-solid-wood-wedding-bed-3\/"},"modified":"2025-03-13T03:53:23","modified_gmt":"2025-03-13T03:53:23","slug":"cama-de-lujo-italiana-de-cuero-bentley-ligera-de-alta-gama-para-dormitorio-principal-de-villa-cama-doble-diseno-moderno-cama-nupcial-de-madera-maciza-de-18-metros-3","status":"publish","type":"product","link":"https:\/\/nexgendecors.com\/es\/product\/cama-de-lujo-italiana-de-cuero-bentley-ligera-de-alta-gama-para-dormitorio-principal-de-villa-cama-doble-diseno-moderno-cama-nupcial-de-madera-maciza-de-18-metros-3\/","title":{"rendered":"Cama de cuero Bentley: lujoso dise\u00f1o italiano"},"content":{"rendered":"<p><strong>Cama ligera de lujo italiana de cuero Bentley<\/strong><\/p>\n<p>Transforme su dormitorio principal con la cama italiana Bentley Light Luxury de cuero, una incorporaci\u00f3n de lujo para cualquier villa. Esta cama doble de 1,8 metros presenta un dise\u00f1o elegante y moderno, tapizada en cuero de primera calidad, que encarna la elegancia y sofisticaci\u00f3n italianas.<\/p>\n<ul>\n<li>\n<strong>marca<\/strong>:Otras casas<\/li>\n<li>\n<strong>modelo<\/strong>:33<\/li>\n<li>\n<strong>\u00bfHay espacio de almacenamiento?<\/strong>:No<\/li>\n<li>\n<strong>estilo<\/strong>:Lujo ligero<\/li>\n<li>\n<strong>\u00bfEs todo de madera maciza?<\/strong>:S\u00ed<\/li>\n<li>\n<strong>volumen del paquete<\/strong>:2<\/li>\n<li>\n<strong>\u00bfEs personalizable?<\/strong>:S\u00ed<\/li>\n<li>\n<strong>Tecnolog\u00eda<\/strong>:Espiga<\/li>\n<li>\n<strong>Si se debe brindar soporte blando<\/strong>:S\u00ed<\/li>\n<li>\n<strong>\u00bfHay una barandilla?<\/strong>:No<\/li>\n<li>\n<strong>Estructura del mobiliario<\/strong>:Estructura<\/li>\n<li>\n<strong>N\u00famero de personas aplicable<\/strong>:2 personas<\/li>\n<li>\n<strong>tama\u00f1o<\/strong>:1800 mm x 2000 mm, 1500 mm x 2000 mm<\/li>\n<li>\n<strong>Entrega\/instalaci\u00f3n disponible<\/strong>:Foshan, Zhengzhou, Guiyang, Guangzhou, Fuzhou, Harbin, Xiamen, Chongqing, Changzhou, Suzhou, Xi&#039;an, Shenzhen, Nanjing, Beijing, Changsha, Qingdao, Wuxi, Chengdu, Shanghai, Wuhan, Nanning, Shenyang, Dalian, Taizhou, Dongguan, Tianjin, todas las ciudades, Jinhua, Hangzhou, Nanchang, Ningbo, Wenzhou<\/li>\n<li>\n<strong>Material<\/strong>:Haya<\/li>\n<li>\n<strong>ordenar por color<\/strong>:Cama (piel de vaca italiana), mesita de noche, reposapi\u00e9s (piel de vaca italiana), tocador (juego de tres piezas), servicio de atenci\u00f3n al cliente personalizado.<\/li>\n<\/ul>","protected":false},"excerpt":{"rendered":"<p>Cama de cuero italiano Bentley de lujo, ligera y moderna Transforme su dormitorio principal con la cama de cuero italiano Bentley de lujo, ligera y moderna, una cama de alta gama<\/p>","protected":false},"featured_media":36009,"comment_status":"open","ping_status":"closed","template":"","meta":[],"product_brand":[],"product_cat":[30815,30858,30862,30971],"product_tag":[],"class_list":{"0":"post-35404","1":"product","2":"type-product","3":"status-publish","4":"has-post-thumbnail","6":"product_cat-beds","7":"product_cat-wholesale-bedroom","8":"product_cat-wholesales-hotels","9":"product_cat-hp","11":"first","12":"instock","13":"sale","14":"taxable","15":"shipping-taxable","16":"purchasable","17":"product-type-variable"},"_links":{"self":[{"href":"https:\/\/nexgendecors.com\/es\/wp-json\/wp\/v2\/product\/35404","targetHints":{"allow":["GET"]}}],"collection":[{"href":"https:\/\/nexgendecors.com\/es\/wp-json\/wp\/v2\/product"}],"about":[{"href":"https:\/\/nexgendecors.com\/es\/wp-json\/wp\/v2\/types\/product"}],"replies":[{"embeddable":true,"href":"https:\/\/nexgendecors.com\/es\/wp-json\/wp\/v2\/comments?post=35404"}],"version-history":[{"count":0,"href":"https:\/\/nexgendecors.com\/es\/wp-json\/wp\/v2\/product\/35404\/revisions"}],"wp:featuredmedia":[{"embeddable":true,"href":"https:\/\/nexgendecors.com\/es\/wp-json\/wp\/v2\/media\/36009"}],"wp:attachment":[{"href":"https:\/\/nexgendecors.com\/es\/wp-json\/wp\/v2\/media?parent=35404"}],"wp:term":[{"taxonomy":"product_brand","embeddable":true,"href":"https:\/\/nexgendecors.com\/es\/wp-json\/wp\/v2\/product_brand?post=35404"},{"taxonomy":"product_cat","embeddable":true,"href":"https:\/\/nexgendecors.com\/es\/wp-json\/wp\/v2\/product_cat?post=35404"},{"taxonomy":"product_tag","embeddable":true,"href":"https:\/\/nexgendecors.com\/es\/wp-json\/wp\/v2\/product_tag?post=35404"}],"curies":[{"name":"wp","href":"https:\/\/api.w.org\/{rel}","templated":true}]}}