{"id":35434,"date":"2025-01-26T01:44:42","date_gmt":"2025-01-26T01:44:42","guid":{"rendered":"https:\/\/nexgendecors.com\/product\/light-luxury-dining-sideboard-restaurant-storage-hong-kong-style-bedroom-marble-tv-cabinet-high-end-custom-fashion-entrance-cabinet-shoe-cabinet-2\/"},"modified":"2025-04-06T07:47:07","modified_gmt":"2025-04-06T07:47:07","slug":"aparador-de-comedor-de-lujo-ligero-almacenamiento-para-restaurante-estilo-hong-kong-mueble-de-tv-de-marmol-para-dormitorio-mueble-de-entrada-de-moda-personalizado-de-alta-gama-zapatero-2","status":"publish","type":"product","link":"https:\/\/nexgendecors.com\/es\/product\/aparador-de-comedor-de-lujo-ligero-almacenamiento-para-restaurante-estilo-hong-kong-mueble-de-tv-de-marmol-para-dormitorio-mueble-de-entrada-de-moda-personalizado-de-alta-gama-zapatero-2\/","title":{"rendered":"Aparador de m\u00e1rmol ligero de lujo: una soluci\u00f3n de almacenamiento elegante"},"content":{"rendered":"<p><strong>Aparador de m\u00e1rmol ligero de lujo<\/strong><\/p>\n<p>Descubra la elegancia del Aparador de M\u00e1rmol Light Luxury, una sofisticada soluci\u00f3n de almacenamiento tanto para espacios residenciales como para restaurantes. Dise\u00f1ado al estilo de Hong Kong, esta pieza de alta gama presenta un lujoso acabado en m\u00e1rmol que a\u00f1ade un toque de glamour a cualquier estancia.<\/p>\n<ul>\n<li>\n<strong>marca<\/strong>:Feo<\/li>\n<li>\n<strong>modelo<\/strong>:1109 Aparador<\/li>\n<li>\n<strong>Material<\/strong>:otro<\/li>\n<li>\n<strong>patr\u00f3n<\/strong>:Arte<\/li>\n<li>\n<strong>estilo<\/strong>:Estilo de lujo ligero<\/li>\n<li>\n<strong>ordenar por color<\/strong>:Puerta doble de 1,2 m (proceso de grabado del panel de la puerta)Puerta de cuatro puertas de 1,6 m (proceso de grabado del panel de la puerta)Personalizaci\u00f3n de color y tama\u00f1o<\/li>\n<li>\n<strong>Peso bruto<\/strong>:65<\/li>\n<li>\n<strong>Material de acabado<\/strong>:cuero<\/li>\n<li>\n<strong>alto<\/strong>:Por debajo de 900 mm<\/li>\n<li>\n<strong>\u00bfEs personalizable?<\/strong>:S\u00ed<\/li>\n<li>\n<strong>Caracter\u00edsticas adicionales<\/strong>:Almacenamiento<\/li>\n<li>\n<strong>N\u00famero de cajones<\/strong>:0<\/li>\n<li>\n<strong>Estructura del mobiliario<\/strong>:Estructura del marco de la caja<\/li>\n<li>\n<strong>Entrega\/instalaci\u00f3n disponible<\/strong>:Beijing Chongqing Shanghai Tianjin Shenzhen Chengdu En todo el pa\u00eds Shenyang Dalian Harbin Nanjing Wuxi Changzhou Suzhou Hangzhou Ningbo Wenzhou Jinhua Taizhou Fuzhou Xiamen Nanchang Qingdao Zhengzhou Wuhan Changsha Guangzhou Foshan Dongguan Nanning Guiyang Xi&#039;an<\/li>\n<li>\n<strong>Armar<\/strong>:No<\/li>\n<li>\n<strong>volumen del paquete<\/strong>:1<\/li>\n<li>\n<strong>Detalles de las instrucciones de instalaci\u00f3n<\/strong>:No hay instrucciones de instalaci\u00f3n<\/li>\n<\/ul>\n<p><img><\/p>","protected":false},"excerpt":{"rendered":"<p>Aparador de m\u00e1rmol de lujo claro Descubra la elegancia del aparador de m\u00e1rmol de lujo claro, una soluci\u00f3n de almacenamiento sofisticada tanto para uso residencial<\/p>","protected":false},"featured_media":36037,"comment_status":"open","ping_status":"closed","template":"","meta":[],"product_brand":[],"product_cat":[30862,30971,30850,30854],"product_tag":[],"class_list":{"0":"post-35434","1":"product","2":"type-product","3":"status-publish","4":"has-post-thumbnail","6":"product_cat-wholesales-hotels","7":"product_cat-hp","8":"product_cat-wholesale-furniture","9":"product_cat-wholesale-side-table","11":"first","12":"instock","13":"taxable","14":"shipping-taxable","15":"purchasable","16":"product-type-variable"},"_links":{"self":[{"href":"https:\/\/nexgendecors.com\/es\/wp-json\/wp\/v2\/product\/35434","targetHints":{"allow":["GET"]}}],"collection":[{"href":"https:\/\/nexgendecors.com\/es\/wp-json\/wp\/v2\/product"}],"about":[{"href":"https:\/\/nexgendecors.com\/es\/wp-json\/wp\/v2\/types\/product"}],"replies":[{"embeddable":true,"href":"https:\/\/nexgendecors.com\/es\/wp-json\/wp\/v2\/comments?post=35434"}],"version-history":[{"count":0,"href":"https:\/\/nexgendecors.com\/es\/wp-json\/wp\/v2\/product\/35434\/revisions"}],"wp:featuredmedia":[{"embeddable":true,"href":"https:\/\/nexgendecors.com\/es\/wp-json\/wp\/v2\/media\/36037"}],"wp:attachment":[{"href":"https:\/\/nexgendecors.com\/es\/wp-json\/wp\/v2\/media?parent=35434"}],"wp:term":[{"taxonomy":"product_brand","embeddable":true,"href":"https:\/\/nexgendecors.com\/es\/wp-json\/wp\/v2\/product_brand?post=35434"},{"taxonomy":"product_cat","embeddable":true,"href":"https:\/\/nexgendecors.com\/es\/wp-json\/wp\/v2\/product_cat?post=35434"},{"taxonomy":"product_tag","embeddable":true,"href":"https:\/\/nexgendecors.com\/es\/wp-json\/wp\/v2\/product_tag?post=35434"}],"curies":[{"name":"wp","href":"https:\/\/api.w.org\/{rel}","templated":true}]}}