{"id":36213,"date":"2025-01-26T01:58:27","date_gmt":"2025-01-26T01:58:27","guid":{"rendered":"https:\/\/nexgendecors.com\/product\/1pc-2-tiers-coffee-table-bedside-table-nordic-modern-small-apartment-bedroom-tea-table-shelf-homestay-balcony-round-table-with-wood-leg-and-plastic-table1706356823574\/"},"modified":"2025-04-06T07:47:37","modified_gmt":"2025-04-06T07:47:37","slug":"mesa-de-centro-de-2-niveles-mesita-de-noche-estilo-nordico-moderno-para-apartamento-pequeno-dormitorio-mesa-de-te-estante-para-casa-de-familia-balcon-mesa-redonda-con-patas-de-madera-y-plastic","status":"publish","type":"product","link":"https:\/\/nexgendecors.com\/es\/product\/mesa-de-centro-de-2-niveles-mesita-de-noche-estilo-nordico-moderno-para-apartamento-pequeno-dormitorio-mesa-de-te-estante-para-casa-de-familia-balcon-mesa-redonda-con-patas-de-madera-y-plastic\/","title":{"rendered":"Mesa de centro redonda n\u00f3rdica de dos niveles con patas de madera"},"content":{"rendered":"<div>\n<p>\ud83c\udf1f <strong>Mesa auxiliar duradera y estable:<\/strong> \u00a1Adi\u00f3s a las mesas inestables! Nuestra mesa auxiliar redonda cuenta con un dise\u00f1o robusto con una conexi\u00f3n directa entre el tablero y las patas, lo que evita que se abulten y garantiza la estabilidad. La estructura triangular de sus patas le aporta mayor robustez.<\/p>\n<p>\ud83c\udf3f <strong>Material de primera calidad:<\/strong> Fabricada con PP de alta calidad, esta peque\u00f1a mesita de noche garantiza durabilidad y estabilidad a largo plazo. Su revestimiento suave y ecol\u00f3gico es f\u00e1cil de limpiar y tambi\u00e9n impermeable, lo que garantiza un mantenimiento sin complicaciones.<\/p>\n<p>\ud83d\udccf <strong>Dimensiones compactas:<\/strong> Con unas medidas de 40 x 40 x 44 cm (15.7\u2033 de profundidad x 15.7\u2033 de ancho x 17.3\u2033 de alto), nuestra moderna mesita de noche est\u00e1 dise\u00f1ada para integrarse a la perfecci\u00f3n en cualquier espacio. Su dise\u00f1o ligero y compacto ofrece mayor comodidad, ideal para habitaciones peque\u00f1as.<\/p>\n<p>\ud83d\udc96 <strong>Adorable y funcional:<\/strong> Con su dise\u00f1o elegante y minimalista, esta mesa complementa cualquier estilo de decoraci\u00f3n. Cuenta con almohadillas de goma antideslizantes en la parte inferior para proteger el suelo y reducir el ruido, adem\u00e1s de un dise\u00f1o de protecci\u00f3n en los bordes para evitar que los objetos se caigan.<\/p>\n<p>\ud83d\udee0\ufe0f <strong>F\u00e1cil montaje:<\/strong> \u00a1Se acabaron las configuraciones complicadas! Nuestra mesita de noche minimalista es facil\u00edsima de armar, con todos los accesorios e instrucciones incluidos. M\u00f3ntala en solo 10 minutos sin complicaciones. \u00a1Disfruta de estilo y funcionalidad sin esfuerzo!<\/p>\n<\/div>","protected":false},"excerpt":{"rendered":"<p>Mesa auxiliar resistente y estable: \u00a1Olv\u00eddate de las mesas inestables! Nuestra mesa auxiliar redonda cuenta con un dise\u00f1o robusto.<\/p>","protected":false},"featured_media":54547,"comment_status":"open","ping_status":"closed","template":"","meta":[],"product_brand":[],"product_cat":[30971,30846],"product_tag":[],"class_list":{"0":"post-36213","1":"product","2":"type-product","3":"status-publish","4":"has-post-thumbnail","6":"product_cat-hp","7":"product_cat-living-room","9":"first","10":"instock","11":"sale","12":"taxable","13":"shipping-taxable","14":"purchasable","15":"product-type-variable"},"_links":{"self":[{"href":"https:\/\/nexgendecors.com\/es\/wp-json\/wp\/v2\/product\/36213","targetHints":{"allow":["GET"]}}],"collection":[{"href":"https:\/\/nexgendecors.com\/es\/wp-json\/wp\/v2\/product"}],"about":[{"href":"https:\/\/nexgendecors.com\/es\/wp-json\/wp\/v2\/types\/product"}],"replies":[{"embeddable":true,"href":"https:\/\/nexgendecors.com\/es\/wp-json\/wp\/v2\/comments?post=36213"}],"version-history":[{"count":0,"href":"https:\/\/nexgendecors.com\/es\/wp-json\/wp\/v2\/product\/36213\/revisions"}],"wp:featuredmedia":[{"embeddable":true,"href":"https:\/\/nexgendecors.com\/es\/wp-json\/wp\/v2\/media\/54547"}],"wp:attachment":[{"href":"https:\/\/nexgendecors.com\/es\/wp-json\/wp\/v2\/media?parent=36213"}],"wp:term":[{"taxonomy":"product_brand","embeddable":true,"href":"https:\/\/nexgendecors.com\/es\/wp-json\/wp\/v2\/product_brand?post=36213"},{"taxonomy":"product_cat","embeddable":true,"href":"https:\/\/nexgendecors.com\/es\/wp-json\/wp\/v2\/product_cat?post=36213"},{"taxonomy":"product_tag","embeddable":true,"href":"https:\/\/nexgendecors.com\/es\/wp-json\/wp\/v2\/product_tag?post=36213"}],"curies":[{"name":"wp","href":"https:\/\/api.w.org\/{rel}","templated":true}]}}