{"id":36230,"date":"2025-01-26T01:58:33","date_gmt":"2025-01-26T01:58:33","guid":{"rendered":"https:\/\/nexgendecors.com\/product\/1pc-3-4-5-tier-trolley-storage-shelf-household-toy-snack-storage-shelf-multi-layer-bookshelf-organizer-bathroom-toiletries-storage-rack-space-saving-sorting-organizer-shelf-for-entryway-bathroom-be"},"modified":"2025-04-06T07:47:41","modified_gmt":"2025-04-06T07:47:41","slug":"1pc-3-4-5-tier-trolley-storage-shelf-household-toy-snack-storage-shelf-multi-layer-bookshelf-organizer-bathroom-toiletries-storage-rack-space-saving-sorting-organizer-shelf-for-entryway-bathroom-bedro","status":"publish","type":"product","link":"https:\/\/nexgendecors.com\/es\/product\/1pc-3-4-5-tier-trolley-storage-shelf-household-toy-snack-storage-shelf-multi-layer-bookshelf-organizer-bathroom-toiletries-storage-rack-space-saving-sorting-organizer-shelf-for-entryway-bathroom-bedro\/","title":{"rendered":"Estante de almacenamiento con carrito de 3, 4 y 5 niveles: organizador multiusos"},"content":{"rendered":"<p data-mce-fragment=\"1\">\ud83d\uded2 <strong data-mce-fragment=\"1\">Carro utilitario de metal: crea un espacio m\u00e1s funcional<\/strong><\/p>\n<p data-mce-fragment=\"1\">\ud83c\udfe1 <strong data-mce-fragment=\"1\">Vers\u00e1til y pr\u00e1ctico<\/strong>Ya sea que necesite un carrito utilitario para su cocina o una mesa auxiliar para su sala de estar, nuestro carrito utilitario de metal es la soluci\u00f3n perfecta para crear un espacio m\u00e1s funcional en su hogar u oficina.<\/p>\n<p data-mce-fragment=\"1\">\ud83d\udd04 <strong data-mce-fragment=\"1\">Desmontable y transpirable<\/strong>El estante giratorio cuenta con un dise\u00f1o desmontable para facilitar su almacenamiento cuando no se usa, minimizando el desorden. La cesta de ventilaci\u00f3n de malla met\u00e1lica densa mantiene las frutas y verduras frescas, evitando que se echen a perder.<\/p>\n<p data-mce-fragment=\"1\">\ud83d\udcab <strong data-mce-fragment=\"1\">Hermoso dise\u00f1o de cesta giratoria<\/strong>Disfrute de la comodidad del dise\u00f1o de la cesta giratoria, que facilita el acceso a los art\u00edculos almacenados. La mayor distancia entre capas a ambos lados de la valla evita que los art\u00edculos se deslicen, lo que le brinda tranquilidad.<\/p>\n<p data-mce-fragment=\"1\">\ud83d\udd04 <strong data-mce-fragment=\"1\">Movimiento libre de 360\u00b0<\/strong>Con ruedas universales, este carrito ofrece un movimiento libre de 360\u00b0 para una limpieza y reubicaci\u00f3n sin esfuerzo. La superficie de la mesa proporciona espacio de almacenamiento adicional, optimizando la organizaci\u00f3n y la eficiencia.<\/p>\n<p data-mce-fragment=\"1\">\ud83d\udd27 <strong data-mce-fragment=\"1\">Multiusos<\/strong>Perfecto para la sala, el ba\u00f1o o la cocina, este carrito a\u00f1ade belleza y funcionalidad a cualquier espacio. Guarda tus frutas y snacks en la sala, mant\u00e9n el ba\u00f1o ordenado sin complicaciones y disfruta cocinando sin complicaciones.<\/p>\n<div><\/div>","protected":false},"excerpt":{"rendered":"<p>\ud83d\uded2 Carro utilitario de metal: crea un espacio m\u00e1s funcional \ud83c\udfe1 Vers\u00e1til y pr\u00e1ctico: ya sea que necesite un carrito utilitario para su<\/p>","protected":false},"featured_media":55350,"comment_status":"open","ping_status":"closed","template":"","meta":[],"product_brand":[],"product_cat":[30971,30838,30849],"product_tag":[],"class_list":{"0":"post-36230","1":"product","2":"type-product","3":"status-publish","4":"has-post-thumbnail","6":"product_cat-hp","7":"product_cat-kids-storage-orgganizer","8":"product_cat-kindergarten-school-furniture","10":"first","11":"instock","12":"taxable","13":"shipping-taxable","14":"purchasable","15":"product-type-variable"},"_links":{"self":[{"href":"https:\/\/nexgendecors.com\/es\/wp-json\/wp\/v2\/product\/36230","targetHints":{"allow":["GET"]}}],"collection":[{"href":"https:\/\/nexgendecors.com\/es\/wp-json\/wp\/v2\/product"}],"about":[{"href":"https:\/\/nexgendecors.com\/es\/wp-json\/wp\/v2\/types\/product"}],"replies":[{"embeddable":true,"href":"https:\/\/nexgendecors.com\/es\/wp-json\/wp\/v2\/comments?post=36230"}],"version-history":[{"count":0,"href":"https:\/\/nexgendecors.com\/es\/wp-json\/wp\/v2\/product\/36230\/revisions"}],"wp:featuredmedia":[{"embeddable":true,"href":"https:\/\/nexgendecors.com\/es\/wp-json\/wp\/v2\/media\/55350"}],"wp:attachment":[{"href":"https:\/\/nexgendecors.com\/es\/wp-json\/wp\/v2\/media?parent=36230"}],"wp:term":[{"taxonomy":"product_brand","embeddable":true,"href":"https:\/\/nexgendecors.com\/es\/wp-json\/wp\/v2\/product_brand?post=36230"},{"taxonomy":"product_cat","embeddable":true,"href":"https:\/\/nexgendecors.com\/es\/wp-json\/wp\/v2\/product_cat?post=36230"},{"taxonomy":"product_tag","embeddable":true,"href":"https:\/\/nexgendecors.com\/es\/wp-json\/wp\/v2\/product_tag?post=36230"}],"curies":[{"name":"wp","href":"https:\/\/api.w.org\/{rel}","templated":true}]}}