{"id":36273,"date":"2025-01-26T01:58:46","date_gmt":"2025-01-26T01:58:46","guid":{"rendered":"https:\/\/nexgendecors.com\/product\/1pc-back-computer-chair-long-sitting-comfortable-girl-heart-bedroom-dormitory-lazy-sofa-chair-study-office-chair1711880204474\/"},"modified":"2025-04-06T07:48:03","modified_gmt":"2025-04-06T07:48:03","slug":"1-silla-de-ordenador-con-respaldo-largo-y-comoda-para-nina-ideal-para-dormitorio-estudio-oficina-1711880204474","status":"publish","type":"product","link":"https:\/\/nexgendecors.com\/es\/product\/1-silla-de-ordenador-con-respaldo-largo-y-comoda-para-nina-ideal-para-dormitorio-estudio-oficina-1711880204474\/","title":{"rendered":"C\u00f3moda silla de ordenador con forma de coraz\u00f3n para dormitorio y oficina"},"content":{"rendered":"<p data-mce-fragment=\"1\">\ud83e\ude91 <strong data-mce-fragment=\"1\">Experiencia de asiento c\u00f3moda<\/strong>Sum\u00e9rgete en el lujo con nuestra silla de oficina tapizada en cuero, que te ofrece una experiencia de descanso confortable. Con espuma de alta densidad en el asiento y el respaldo, garantiza la m\u00e1xima comodidad durante largos periodos. \ud83d\udecb\ufe0f\ud83d\udd1d<\/p>\n<p data-mce-fragment=\"1\">\ud83d\udd04 <strong data-mce-fragment=\"1\">Dise\u00f1o ergon\u00f3mico<\/strong>\u00a1Dile adi\u00f3s a la incomodidad! Nuestra silla de oficina cuenta con un dise\u00f1o de asiento curvo que se adapta a la curvatura natural de la zona lumbar, brindando un soporte esencial y promoviendo una postura correcta durante largos periodos sentado. \ud83d\udcba\ud83d\udcbc<\/p>\n<p data-mce-fragment=\"1\">\u2b06\ufe0f <strong data-mce-fragment=\"1\">Altura ajustable<\/strong>\u00a1Personaliza tu comodidad! Con altura ajustable, nuestra silla de oficina es perfecta para escritorios de diferentes alturas. Adem\u00e1s, disfruta de la funci\u00f3n de balanceo, que te permite relajarte y desconectar durante tus descansos de estudio o trabajo. \ud83d\udccf\ud83d\udd04<\/p>\n<p data-mce-fragment=\"1\">\ud83c\udfa8 <strong data-mce-fragment=\"1\">Multifuncional<\/strong>\u00a1Versatilidad en su m\u00e1xima expresi\u00f3n! Esta no es una silla de computadora cualquiera: es un complemento vers\u00e1til para tu oficina en casa, dormitorio, recepci\u00f3n, sala de juegos o vestidor. Su dise\u00f1o giratorio y su elegante perfil la hacen perfecta para cualquier espacio. \ud83c\udf1f\ud83c\udfe1<\/p>\n<div><\/div>","protected":false},"excerpt":{"rendered":"<p>\ud83e\ude91 C\u00f3moda experiencia de asiento: Sum\u00e9rgete en el lujo con nuestra silla de oficina tapizada en cuero, que te ofrece una experiencia de asiento lujosa. Fabricada con cuero de alta densidad.<\/p>","protected":false},"featured_media":56940,"comment_status":"open","ping_status":"closed","template":"","meta":[],"product_brand":[],"product_cat":[30971,30837,30849],"product_tag":[],"class_list":{"0":"post-36273","1":"product","2":"type-product","3":"status-publish","4":"has-post-thumbnail","6":"product_cat-hp","7":"product_cat-kids-sofa","8":"product_cat-kindergarten-school-furniture","10":"first","11":"instock","12":"taxable","13":"shipping-taxable","14":"purchasable","15":"product-type-variable"},"_links":{"self":[{"href":"https:\/\/nexgendecors.com\/es\/wp-json\/wp\/v2\/product\/36273","targetHints":{"allow":["GET"]}}],"collection":[{"href":"https:\/\/nexgendecors.com\/es\/wp-json\/wp\/v2\/product"}],"about":[{"href":"https:\/\/nexgendecors.com\/es\/wp-json\/wp\/v2\/types\/product"}],"replies":[{"embeddable":true,"href":"https:\/\/nexgendecors.com\/es\/wp-json\/wp\/v2\/comments?post=36273"}],"version-history":[{"count":0,"href":"https:\/\/nexgendecors.com\/es\/wp-json\/wp\/v2\/product\/36273\/revisions"}],"wp:featuredmedia":[{"embeddable":true,"href":"https:\/\/nexgendecors.com\/es\/wp-json\/wp\/v2\/media\/56940"}],"wp:attachment":[{"href":"https:\/\/nexgendecors.com\/es\/wp-json\/wp\/v2\/media?parent=36273"}],"wp:term":[{"taxonomy":"product_brand","embeddable":true,"href":"https:\/\/nexgendecors.com\/es\/wp-json\/wp\/v2\/product_brand?post=36273"},{"taxonomy":"product_cat","embeddable":true,"href":"https:\/\/nexgendecors.com\/es\/wp-json\/wp\/v2\/product_cat?post=36273"},{"taxonomy":"product_tag","embeddable":true,"href":"https:\/\/nexgendecors.com\/es\/wp-json\/wp\/v2\/product_tag?post=36273"}],"curies":[{"name":"wp","href":"https:\/\/api.w.org\/{rel}","templated":true}]}}