{"id":36317,"date":"2025-01-26T01:58:59","date_gmt":"2025-01-26T01:58:59","guid":{"rendered":"https:\/\/nexgendecors.com\/product\/1pc-bunny-ears-wooden-chair-for-kids-solid-wood-learning-desk-stool-fashionable-cartoon-dining-bench-creative-home-leisure-short-stool-modern-style-thick-backrest-small-chair-cute-rabbit-baby-study"},"modified":"2025-03-09T17:46:11","modified_gmt":"2025-03-09T17:46:11","slug":"1-silla-de-madera-con-orejas-de-conejo-para-ninos-taburete-de-escritorio-de-aprendizaje-de-madera-maciza-banco-de-comedor-de-dibujos-animados-de-moda-taburete-corto-creativo-para-el-hogar-estilo-m","status":"publish","type":"product","link":"https:\/\/nexgendecors.com\/es\/product\/1-silla-de-madera-con-orejas-de-conejo-para-ninos-taburete-de-escritorio-de-aprendizaje-de-madera-maciza-banco-de-comedor-de-dibujos-animados-de-moda-taburete-corto-creativo-para-el-hogar-estilo-m\/","title":{"rendered":"Silla infantil con orejas de conejo: elegante taburete de madera maciza"},"content":{"rendered":"<p data-mce-fragment=\"1\">\ud83c\udf1f <strong data-mce-fragment=\"1\">Durable y resistente<\/strong>Fabricada con madera maciza de primera calidad, esta silla cuenta con un acabado natural que resiste el desgaste diario. Su robusta construcci\u00f3n garantiza durabilidad, soportando hasta 180 kg, lo que la convierte en un regalo duradero para el crecimiento.<\/p>\n<p data-mce-fragment=\"1\">\ud83d\udee1\ufe0f <strong data-mce-fragment=\"1\">Seguro y saludable<\/strong>Los bordes redondeados previenen rayones, mientras que las patas triangulares engrosadas mejoran la estabilidad y la seguridad. El dise\u00f1o semicircular del respaldo protege la columna vertebral y proporciona un asiento c\u00f3modo. El pulido con cera natural ecol\u00f3gica aumenta sus beneficios de seguridad y salud.<\/p>\n<p data-mce-fragment=\"1\">\ud83d\udd27 <strong data-mce-fragment=\"1\">F\u00e1cil de montar y mantener<\/strong>Con solo dos tornillos, montar esta silla es facil\u00edsimo. Su superficie lisa facilita su limpieza y desinfecci\u00f3n, lo que garantiza un mantenimiento sin complicaciones.<\/p>\n<p data-mce-fragment=\"1\">\ud83d\udc96 <strong data-mce-fragment=\"1\">Hermosa perspectiva y calidad superior<\/strong>Con un dise\u00f1o innovador y llamativo, esta silla est\u00e1 hecha a mano con madera maciza gruesa y de alta calidad, lo que garantiza encanto y durabilidad.<\/p>\n<p data-mce-fragment=\"1\">\ud83c\udfe0 <strong data-mce-fragment=\"1\">Uso en m\u00faltiples escenas<\/strong>Con el tama\u00f1o perfecto para la mayor\u00eda de las mesas para ni\u00f1os, esta silla es ideal para familias, aulas, guarder\u00edas, jardines de infantes, habitaciones de ni\u00f1os peque\u00f1os, salas de juegos, comedores o salas de estar, y ofrece versatilidad para diversos entornos.<\/p>\n<div><\/div>","protected":false},"excerpt":{"rendered":"<p>\ud83c\udf1f Duradera y resistente: fabricada con madera maciza de primera calidad, esta silla cuenta con una madera dura con acabado natural que resiste el desgaste diario.<\/p>","protected":false},"featured_media":58396,"comment_status":"open","ping_status":"closed","template":"","meta":[],"product_brand":[],"product_cat":[30971,30836,30849],"product_tag":[],"class_list":{"0":"post-36317","1":"product","2":"type-product","3":"status-publish","4":"has-post-thumbnail","6":"product_cat-hp","7":"product_cat-kids-chairs","8":"product_cat-kindergarten-school-furniture","10":"first","11":"instock","12":"taxable","13":"shipping-taxable","14":"purchasable","15":"product-type-variable"},"_links":{"self":[{"href":"https:\/\/nexgendecors.com\/es\/wp-json\/wp\/v2\/product\/36317","targetHints":{"allow":["GET"]}}],"collection":[{"href":"https:\/\/nexgendecors.com\/es\/wp-json\/wp\/v2\/product"}],"about":[{"href":"https:\/\/nexgendecors.com\/es\/wp-json\/wp\/v2\/types\/product"}],"replies":[{"embeddable":true,"href":"https:\/\/nexgendecors.com\/es\/wp-json\/wp\/v2\/comments?post=36317"}],"version-history":[{"count":0,"href":"https:\/\/nexgendecors.com\/es\/wp-json\/wp\/v2\/product\/36317\/revisions"}],"wp:featuredmedia":[{"embeddable":true,"href":"https:\/\/nexgendecors.com\/es\/wp-json\/wp\/v2\/media\/58396"}],"wp:attachment":[{"href":"https:\/\/nexgendecors.com\/es\/wp-json\/wp\/v2\/media?parent=36317"}],"wp:term":[{"taxonomy":"product_brand","embeddable":true,"href":"https:\/\/nexgendecors.com\/es\/wp-json\/wp\/v2\/product_brand?post=36317"},{"taxonomy":"product_cat","embeddable":true,"href":"https:\/\/nexgendecors.com\/es\/wp-json\/wp\/v2\/product_cat?post=36317"},{"taxonomy":"product_tag","embeddable":true,"href":"https:\/\/nexgendecors.com\/es\/wp-json\/wp\/v2\/product_tag?post=36317"}],"curies":[{"name":"wp","href":"https:\/\/api.w.org\/{rel}","templated":true}]}}