{"id":36369,"date":"2025-01-26T01:59:10","date_gmt":"2025-01-26T01:59:10","guid":{"rendered":"https:\/\/nexgendecors.com\/product\/1pc-cartoon-creative-small-sofa-home-decor-sofa-cute-stool1712155569760\/"},"modified":"2025-04-06T07:48:30","modified_gmt":"2025-04-06T07:48:30","slug":"1-sofa-pequeno-creativo-de-dibujos-animados-decoracion-del-hogar-bonito-taburete-1712155569760","status":"publish","type":"product","link":"https:\/\/nexgendecors.com\/es\/product\/1-sofa-pequeno-creativo-de-dibujos-animados-decoracion-del-hogar-bonito-taburete-1712155569760\/","title":{"rendered":"Bonito taburete peque\u00f1o de dibujos animados para sof\u00e1 para decoraci\u00f3n del hogar"},"content":{"rendered":"<p>**Material acogedor y transpirable**: Nuestro sof\u00e1 infantil est\u00e1 fabricado con franela ultrasuave, lo que garantiza una comodidad acogedora y transpirable para los m\u00e1s peque\u00f1os. Fabricado con una robusta estructura de madera, este sof\u00e1 garantiza una estabilidad y durabilidad excepcionales. El acolchado de esponja con resorte trasero aumenta la comodidad para largas sesiones sentadas. Adem\u00e1s, al no tener esquinas afiladas ni bordes duros, prioriza la seguridad de tu hijo.<br data-mce-fragment=\"1\"><br data-mce-fragment=\"1\">**Dise\u00f1o ergon\u00f3mico para una postura sentada saludable**: El amplio respaldo del sof\u00e1 est\u00e1 dise\u00f1ado ergon\u00f3micamente para favorecer el crecimiento saludable de la columna vertebral y fomentar buenos h\u00e1bitos de asiento en los ni\u00f1os. Su altura, dise\u00f1ada cient\u00edficamente, permite que los ni\u00f1os se sienten y se pongan de pie f\u00e1cilmente sin riesgo de volcarse.<br data-mce-fragment=\"1\"><br data-mce-fragment=\"1\">**Port\u00e1til y pr\u00e1ctico**: Ligero y f\u00e1cil de mover, este adorable sill\u00f3n infantil se puede transportar f\u00e1cilmente a cualquier habitaci\u00f3n, desde el dormitorio hasta la sala de estar o incluso al aire libre. Deja que tu peque\u00f1o disfrute de la hora del t\u00e9 con sus amigos donde quiera.<br data-mce-fragment=\"1\"><br data-mce-fragment=\"1\">\ud83d\udc18 **Un oasis personal para ni\u00f1os**: Con dise\u00f1os cautivadores, nuestro sill\u00f3n infantil con reposabrazos capta la atenci\u00f3n de los ni\u00f1os al instante, brind\u00e1ndoles un espacio privado para leer, ver dibujos animados o simplemente relajarse. Limpiar es facil\u00edsimo: simplemente limpie los derrames con un pa\u00f1o h\u00famedo.<br data-mce-fragment=\"1\"><br data-mce-fragment=\"1\">**Dise\u00f1o encantador y \u00fanico**: Con sus irresistibles estampados, nuestro adorable sof\u00e1 infantil transforma cualquier espacio en un refugio m\u00e1gico para que los ni\u00f1os disfruten de su tiempo libre. Es el regalo de cumplea\u00f1os perfecto que sin duda deleitar\u00e1 a tu hijo durante horas.<\/p>\n<div><\/div>","protected":false},"excerpt":{"rendered":"<p>\ud83e\udd81 **Material acogedor y transpirable**: Nuestro sof\u00e1 para ni\u00f1os cuenta con franela ultra suave, lo que garantiza una comodidad acogedora y al mismo tiempo es transpirable para los m\u00e1s peque\u00f1os.<\/p>","protected":false},"featured_media":59822,"comment_status":"open","ping_status":"closed","template":"","meta":[],"product_brand":[],"product_cat":[30971,30849],"product_tag":[],"class_list":{"0":"post-36369","1":"product","2":"type-product","3":"status-publish","4":"has-post-thumbnail","6":"product_cat-hp","7":"product_cat-kindergarten-school-furniture","9":"first","10":"instock","11":"taxable","12":"shipping-taxable","13":"purchasable","14":"product-type-variable"},"_links":{"self":[{"href":"https:\/\/nexgendecors.com\/es\/wp-json\/wp\/v2\/product\/36369","targetHints":{"allow":["GET"]}}],"collection":[{"href":"https:\/\/nexgendecors.com\/es\/wp-json\/wp\/v2\/product"}],"about":[{"href":"https:\/\/nexgendecors.com\/es\/wp-json\/wp\/v2\/types\/product"}],"replies":[{"embeddable":true,"href":"https:\/\/nexgendecors.com\/es\/wp-json\/wp\/v2\/comments?post=36369"}],"version-history":[{"count":0,"href":"https:\/\/nexgendecors.com\/es\/wp-json\/wp\/v2\/product\/36369\/revisions"}],"wp:featuredmedia":[{"embeddable":true,"href":"https:\/\/nexgendecors.com\/es\/wp-json\/wp\/v2\/media\/59822"}],"wp:attachment":[{"href":"https:\/\/nexgendecors.com\/es\/wp-json\/wp\/v2\/media?parent=36369"}],"wp:term":[{"taxonomy":"product_brand","embeddable":true,"href":"https:\/\/nexgendecors.com\/es\/wp-json\/wp\/v2\/product_brand?post=36369"},{"taxonomy":"product_cat","embeddable":true,"href":"https:\/\/nexgendecors.com\/es\/wp-json\/wp\/v2\/product_cat?post=36369"},{"taxonomy":"product_tag","embeddable":true,"href":"https:\/\/nexgendecors.com\/es\/wp-json\/wp\/v2\/product_tag?post=36369"}],"curies":[{"name":"wp","href":"https:\/\/api.w.org\/{rel}","templated":true}]}}